{"id":1536,"date":"2021-06-22T14:59:36","date_gmt":"2021-06-22T14:59:36","guid":{"rendered":"https:\/\/ortsuisse.org\/site2\/online-spende-taetigen\/"},"modified":"2021-06-22T14:59:40","modified_gmt":"2021-06-22T14:59:40","slug":"online-spende-taetigen","status":"publish","type":"page","link":"https:\/\/ortsuisse.org\/site\/de\/online-spende-taetigen\/","title":{"rendered":"Online-Spende t\u00e4tigen"},"content":{"rendered":"<p>[et_pb_section fb_built=&#8220;1&#8243; fullwidth=&#8220;on&#8220; next_background_color=&#8220;#ffffff&#8220; disabled_on=&#8220;off|off|off&#8220; admin_label=&#8220;Hero&#8220; _builder_version=&#8220;4.9.4&#8243; background_color=&#8220;RGBA(0,0,0,0)&#8220; background_enable_image=&#8220;off&#8220; background_size=&#8220;contain&#8220; background_repeat=&#8220;repeat&#8220; custom_padding=&#8220;|||&#8220; bottom_divider_style=&#8220;curve&#8220; transparent_background=&#8220;on&#8220;][et_pb_fullwidth_header title=&#8220;@ET-DC@eyJkeW5hbWljIjp0cnVlLCJjb250ZW50IjoicG9zdF90aXRsZSIsInNldHRpbmdzIjp7ImJlZm9yZSI6IiIsImFmdGVyIjoiIn19@&#8220; text_orientation=&#8220;center&#8220; background_overlay_color=&#8220;rgba(73,21,113,0.76)&#8220; subhead_font_color=&#8220;#bebebe&#8220; _builder_version=&#8220;4.9.4&#8243; _dynamic_attributes=&#8220;title&#8220; title_font=&#8220;Gilroy-Regular||||||||&#8220; title_text_color=&#8220;#ffffff&#8220; title_font_size=&#8220;72px&#8220; title_line_height=&#8220;1.3em&#8220; content_font=&#8220;Montserrat||||&#8220; content_text_color=&#8220;#bfbfbf&#8220; content_font_size=&#8220;19px&#8220; content_line_height=&#8220;1.8em&#8220; subhead_font=&#8220;Montserrat||||&#8220; subhead_text_color=&#8220;#bebebe&#8220; subhead_line_height=&#8220;1.8em&#8220; background_color=&#8220;RGBA(0,0,0,0)&#8220; background_image=&#8220;https:\/\/ortsuisse.org\/site2\/wp-content\/uploads\/2021\/06\/ortsuisse-cheval.jpeg&#8220; background_size=&#8220;contain&#8220; background_repeat=&#8220;repeat&#8220; custom_padding=&#8220;5%||5%|&#8220; animation_style=&#8220;zoom&#8220; animation_duration=&#8220;1500ms&#8220; animation_intensity_zoom=&#8220;4%&#8220; title_line_height_last_edited=&#8220;off|desktop&#8220; button_one_text_size__hover_enabled=&#8220;off&#8220; button_two_text_size__hover_enabled=&#8220;off&#8220; button_one_text_color__hover_enabled=&#8220;off&#8220; button_two_text_color__hover_enabled=&#8220;off&#8220; button_one_border_width__hover_enabled=&#8220;off&#8220; button_two_border_width__hover_enabled=&#8220;off&#8220; button_one_border_color__hover_enabled=&#8220;off&#8220; button_two_border_color__hover_enabled=&#8220;off&#8220; button_one_border_radius__hover_enabled=&#8220;off&#8220; button_two_border_radius__hover_enabled=&#8220;off&#8220; button_one_letter_spacing__hover_enabled=&#8220;off&#8220; button_two_letter_spacing__hover_enabled=&#8220;off&#8220; button_one_bg_color__hover_enabled=&#8220;off&#8220; button_two_bg_color__hover_enabled=&#8220;off&#8220;][\/et_pb_fullwidth_header][\/et_pb_section][et_pb_section fb_built=&#8220;1&#8243; _builder_version=&#8220;4.9.4&#8243; _module_preset=&#8220;default&#8220;][et_pb_row _builder_version=&#8220;4.9.4&#8243; _module_preset=&#8220;default&#8220;][et_pb_column type=&#8220;4_4&#8243; _builder_version=&#8220;4.9.4&#8243; _module_preset=&#8220;default&#8220;][et_pb_text _builder_version=&#8220;4.9.4&#8243; _module_preset=&#8220;default&#8220; text_text_color=&#8220;#FFFFFF&#8220; text_font_size=&#8220;43px&#8220; background_color=&#8220;#491571&#8243; text_orientation=&#8220;center&#8220; max_width=&#8220;100%&#8220; height=&#8220;1000px&#8220; max_height=&#8220;87px&#8220; custom_padding=&#8220;31px||||false|false&#8220;]<\/p>\n<p>Mein Geschenk<\/p>\n<p>[\/et_pb_text][\/et_pb_column][\/et_pb_row][et_pb_row _builder_version=&#8220;4.9.4&#8243; _module_preset=&#8220;default&#8220;][et_pb_column type=&#8220;4_4&#8243; _builder_version=&#8220;4.9.4&#8243; _module_preset=&#8220;default&#8220;][et_pb_contact_form captcha=&#8220;off&#8220; email=&#8220;info@ortsuisse.org&#8220; submit_button_text=&#8220;ICH GEBE JETZT&#8220; _builder_version=&#8220;4.9.4&#8243; _module_preset=&#8220;default&#8220; custom_button=&#8220;on&#8220; button_text_size=&#8220;22px&#8220; button_bg_color=&#8220;#C1F76F&#8220; button_border_width=&#8220;0px&#8220; button_border_radius=&#8220;0px&#8220; hover_enabled=&#8220;0&#8243; sticky_enabled=&#8220;0&#8243;][et_pb_contact_field field_id=&#8220;Montant_du_don_2&#8243; field_title=&#8220;H\u00f6he der Spende:&#8220; field_type=&#8220;checkbox&#8220; checkbox_options=&#8220;%91{%22value%22:%2225 CHF%22,%22checked%22:0,%22dragID%22:-1},{%22value%22:%2250 CHF%22,%22checked%22:0,%22dragID%22:0},{%22value%22:%22100 CHF%22,%22checked%22:0,%22dragID%22:1},{%22value%22:%22200 CHF%22,%22checked%22:0,%22dragID%22:2},{%22value%22:%22Anderer Betrag%22,%22checked%22:0,%22dragID%22:3}%93&#8243; _builder_version=&#8220;4.9.4&#8243; form_field_font_size=&#8220;16px&#8220; text_orientation=&#8220;left&#8220; button_text_size__hover_enabled=&#8220;off&#8220; button_one_text_size__hover_enabled=&#8220;off&#8220; button_two_text_size__hover_enabled=&#8220;off&#8220; button_text_color__hover_enabled=&#8220;off&#8220; button_one_text_color__hover_enabled=&#8220;off&#8220; button_two_text_color__hover_enabled=&#8220;off&#8220; button_border_width__hover_enabled=&#8220;off&#8220; button_one_border_width__hover_enabled=&#8220;off&#8220; button_two_border_width__hover_enabled=&#8220;off&#8220; button_border_color__hover_enabled=&#8220;off&#8220; button_one_border_color__hover_enabled=&#8220;off&#8220; button_two_border_color__hover_enabled=&#8220;off&#8220; button_border_radius__hover_enabled=&#8220;off&#8220; button_one_border_radius__hover_enabled=&#8220;off&#8220; button_two_border_radius__hover_enabled=&#8220;off&#8220; button_letter_spacing__hover_enabled=&#8220;off&#8220; button_one_letter_spacing__hover_enabled=&#8220;off&#8220; button_two_letter_spacing__hover_enabled=&#8220;off&#8220; button_bg_color__hover_enabled=&#8220;off&#8220; button_one_bg_color__hover_enabled=&#8220;off&#8220; button_two_bg_color__hover_enabled=&#8220;off&#8220;][\/et_pb_contact_field][et_pb_contact_field field_id=&#8220;R\u00e9silier_le_don&#8220; field_title=&#8220;Wiederholen Sie die Spende jeden :&#8220; field_type=&#8220;checkbox&#8220; checkbox_options=&#8220;%91{%22value%22:%22Tage%22,%22checked%22:0,%22dragID%22:-1},{%22value%22:%22Wochen%22,%22checked%22:0,%22dragID%22:0},{%22value%22:%22Monat%22,%22checked%22:0,%22dragID%22:1},{%22value%22:%22Jahre%22,%22checked%22:0,%22dragID%22:2},{%22value%22:%22Einmalige Spende%22,%22checked%22:0,%22dragID%22:3}%93&#8243; _builder_version=&#8220;4.9.4&#8243; form_field_focus_text_color=&#8220;#FFFFFF&#8220; form_field_font_size=&#8220;16px&#8220; button_text_size__hover_enabled=&#8220;off&#8220; button_one_text_size__hover_enabled=&#8220;off&#8220; button_two_text_size__hover_enabled=&#8220;off&#8220; button_text_color__hover_enabled=&#8220;off&#8220; button_one_text_color__hover_enabled=&#8220;off&#8220; button_two_text_color__hover_enabled=&#8220;off&#8220; button_border_width__hover_enabled=&#8220;off&#8220; button_one_border_width__hover_enabled=&#8220;off&#8220; button_two_border_width__hover_enabled=&#8220;off&#8220; button_border_color__hover_enabled=&#8220;off&#8220; button_one_border_color__hover_enabled=&#8220;off&#8220; button_two_border_color__hover_enabled=&#8220;off&#8220; button_border_radius__hover_enabled=&#8220;off&#8220; button_one_border_radius__hover_enabled=&#8220;off&#8220; button_two_border_radius__hover_enabled=&#8220;off&#8220; button_letter_spacing__hover_enabled=&#8220;off&#8220; button_one_letter_spacing__hover_enabled=&#8220;off&#8220; button_two_letter_spacing__hover_enabled=&#8220;off&#8220; button_bg_color__hover_enabled=&#8220;off&#8220; button_one_bg_color__hover_enabled=&#8220;off&#8220; button_two_bg_color__hover_enabled=&#8220;off&#8220;][\/et_pb_contact_field][et_pb_contact_field field_id=&#8220;Montant_du_Don&#8220; field_title=&#8220;Betrag der Spende, falls anders&#8220; allowed_symbols=&#8220;numbers&#8220; required_mark=&#8220;off&#8220; conditional_logic=&#8220;on&#8220; conditional_logic_rules=&#8220;%91{%22field%22:%22montant_du_don_2%22,%22condition%22:%22is%22,%22value%22:%22Autre Montant%22}%93&#8243; _builder_version=&#8220;4.9.4&#8243; max_width=&#8220;20%&#8220; button_text_size__hover_enabled=&#8220;off&#8220; button_one_text_size__hover_enabled=&#8220;off&#8220; button_two_text_size__hover_enabled=&#8220;off&#8220; button_text_color__hover_enabled=&#8220;off&#8220; button_one_text_color__hover_enabled=&#8220;off&#8220; button_two_text_color__hover_enabled=&#8220;off&#8220; button_border_width__hover_enabled=&#8220;off&#8220; button_one_border_width__hover_enabled=&#8220;off&#8220; button_two_border_width__hover_enabled=&#8220;off&#8220; button_border_color__hover_enabled=&#8220;off&#8220; button_one_border_color__hover_enabled=&#8220;off&#8220; button_two_border_color__hover_enabled=&#8220;off&#8220; button_border_radius__hover_enabled=&#8220;off&#8220; button_one_border_radius__hover_enabled=&#8220;off&#8220; button_two_border_radius__hover_enabled=&#8220;off&#8220; button_letter_spacing__hover_enabled=&#8220;off&#8220; button_one_letter_spacing__hover_enabled=&#8220;off&#8220; button_two_letter_spacing__hover_enabled=&#8220;off&#8220; button_bg_color__hover_enabled=&#8220;off&#8220; button_one_bg_color__hover_enabled=&#8220;off&#8220; button_two_bg_color__hover_enabled=&#8220;off&#8220;][\/et_pb_contact_field][et_pb_contact_field field_id=&#8220;Mode_de_Paiement&#8220; field_title=&#8220;Art der Bezahlung&#8220; field_type=&#8220;checkbox&#8220; checkbox_options=&#8220;%91{%22value%22:%22Bank\u00fcberweisung%22,%22checked%22:0,%22dragID%22:-1},{%22value%22:%22Kreditkarte &#8211; \u00fcber Sripe%22,%22checked%22:0,%22dragID%22:0},{%22value%22:%22PayPal%22,%22checked%22:0,%22dragID%22:1}%93&#8243; fullwidth_field=&#8220;on&#8220; _builder_version=&#8220;4.9.4&#8243; _module_preset=&#8220;default&#8220; background_color=&#8220;#FFFFFF&#8220; background_enable_color=&#8220;on&#8220;][\/et_pb_contact_field][et_pb_contact_field field_id=&#8220;Titre&#8220; field_title=&#8220;Titel&#8220; field_type=&#8220;select&#8220; select_options=&#8220;%91{%22value%22:%22Herr%22,%22checked%22:0,%22dragID%22:-1},{%22value%22:%22Frau%22,%22checked%22:0,%22dragID%22:0}%93&#8243; fullwidth_field=&#8220;on&#8220; _builder_version=&#8220;4.9.4&#8243; _module_preset=&#8220;default&#8220; max_width=&#8220;20%&#8220;][\/et_pb_contact_field][et_pb_contact_field field_id=&#8220;Pr\u00e9nom&#8220; field_title=&#8220;Vornamen&#8220; _builder_version=&#8220;4.9.4&#8243; _module_preset=&#8220;default&#8220;][\/et_pb_contact_field][et_pb_contact_field field_id=&#8220;Nom&#8220; field_title=&#8220;Name&#8220; _builder_version=&#8220;4.9.4&#8243; _module_preset=&#8220;default&#8220;][\/et_pb_contact_field][et_pb_contact_field field_id=&#8220;Je_fais_un_don_au_nom_d&#8217;une_organisation_ou_soci\u00e9t\u00e9&#8220; field_title=&#8220;Ich spende im Namen einer Organisation oder Firma&#8220; field_type=&#8220;checkbox&#8220; checkbox_options=&#8220;%91{%22value%22:%22Ich spende im Namen einer Organisation oder Firma%22,%22checked%22:0,%22dragID%22:-1}%93&#8243; required_mark=&#8220;off&#8220; fullwidth_field=&#8220;on&#8220; _builder_version=&#8220;4.9.4&#8243; _module_preset=&#8220;default&#8220; form_field_focus_background_color=&#8220;#FFFFFF&#8220; form_field_focus_text_color=&#8220;#FFFFFF&#8220; text_orientation=&#8220;left&#8220;][\/et_pb_contact_field][et_pb_contact_field field_id=&#8220;Nom_de_la_soci\u00e9t\u00e9&#8220; field_title=&#8220;Name der Firma&#8220; fullwidth_field=&#8220;on&#8220; conditional_logic=&#8220;on&#8220; conditional_logic_rules=&#8220;%91{%22field%22:%22je_fais_un_don_au_nom_d&#8217;une_organisation_ou_soci\u00e9t\u00e9%22,%22condition%22:%22is%22,%22value%22:%22Je fais un don au nom d&#8217;une organisation ou soci\u00e9t\u00e9%22}%93&#8243; _builder_version=&#8220;4.9.4&#8243; _module_preset=&#8220;default&#8220;][\/et_pb_contact_field][et_pb_contact_field field_id=&#8220;adresse_e-mail&#8220; field_title=&#8220;E-Mail Adresse&#8220; field_type=&#8220;email&#8220; fullwidth_field=&#8220;on&#8220; _builder_version=&#8220;4.9.4&#8243; _module_preset=&#8220;default&#8220;][\/et_pb_contact_field][et_pb_contact_field field_id=&#8220;Pays&#8220; field_title=&#8220;Land&#8220; fullwidth_field=&#8220;on&#8220; _builder_version=&#8220;4.9.4&#8243; _module_preset=&#8220;default&#8220;][\/et_pb_contact_field][et_pb_contact_field field_id=&#8220;Adresse_1&#8243; field_title=&#8220;Adresse 1&#8243; fullwidth_field=&#8220;on&#8220; _builder_version=&#8220;4.9.4&#8243; _module_preset=&#8220;default&#8220;][\/et_pb_contact_field][et_pb_contact_field field_id=&#8220;Adresse_2&#8243; field_title=&#8220;Adresse 2&#8243; required_mark=&#8220;off&#8220; fullwidth_field=&#8220;on&#8220; _builder_version=&#8220;4.9.4&#8243; _module_preset=&#8220;default&#8220;][\/et_pb_contact_field][et_pb_contact_field field_id=&#8220;Ville&#8220; field_title=&#8220;Stadt&#8220; fullwidth_field=&#8220;on&#8220; _builder_version=&#8220;4.9.4&#8243; _module_preset=&#8220;default&#8220;][\/et_pb_contact_field][et_pb_contact_field field_id=&#8220;Code_postal&#8220; field_title=&#8220;Postleitzahl&#8220; fullwidth_field=&#8220;on&#8220; _builder_version=&#8220;4.9.4&#8243; _module_preset=&#8220;default&#8220;][\/et_pb_contact_field][et_pb_contact_field field_id=&#8220;Numero_de_carte&#8220; field_title=&#8220;Kartennummer&#8220; conditional_logic=&#8220;on&#8220; conditional_logic_rules=&#8220;%91{%22field%22:%22mode_de_paiement%22,%22condition%22:%22is%22,%22value%22:%22Carte de Cr\u00e9dit &#8211; via Sripe%22}%93&#8243; _builder_version=&#8220;4.9.4&#8243; _module_preset=&#8220;default&#8220;][\/et_pb_contact_field][et_pb_contact_field field_id=&#8220;CVC&#8220; field_title=&#8220;CVC&#8220; min_length=&#8220;3&#8243; max_length=&#8220;3&#8243; allowed_symbols=&#8220;numbers&#8220; conditional_logic=&#8220;on&#8220; conditional_logic_rules=&#8220;%91{%22field%22:%22mode_de_paiement%22,%22condition%22:%22is%22,%22value%22:%22Carte de Cr\u00e9dit &#8211; via Sripe%22}%93&#8243; _builder_version=&#8220;4.9.4&#8243; _module_preset=&#8220;default&#8220;][\/et_pb_contact_field][et_pb_contact_field field_id=&#8220;Nom_sur_la_carte&#8220; field_title=&#8220;Name auf Karte&#8220; conditional_logic=&#8220;on&#8220; conditional_logic_rules=&#8220;%91{%22field%22:%22mode_de_paiement%22,%22condition%22:%22is%22,%22value%22:%22Carte de Cr\u00e9dit &#8211; via Sripe%22}%93&#8243; _builder_version=&#8220;4.9.4&#8243; _module_preset=&#8220;default&#8220;][\/et_pb_contact_field][et_pb_contact_field field_id=&#8220;MM\/AA&#8220; field_title=&#8220;MM\/JJ&#8220; min_length=&#8220;5&#8243; max_length=&#8220;5&#8243; conditional_logic=&#8220;on&#8220; conditional_logic_rules=&#8220;%91{%22field%22:%22mode_de_paiement%22,%22condition%22:%22is%22,%22value%22:%22Carte de Cr\u00e9dit &#8211; via Sripe%22}%93&#8243; _builder_version=&#8220;4.9.4&#8243; _module_preset=&#8220;default&#8220;][\/et_pb_contact_field][\/et_pb_contact_form][et_pb_divider _builder_version=&#8220;4.9.4&#8243; _module_preset=&#8220;default&#8220;][\/et_pb_divider][et_pb_text _builder_version=&#8220;4.9.4&#8243; _module_preset=&#8220;default&#8220; header_text_color=&#8220;#491571&#8243; header_2_text_color=&#8220;#491571&#8243;]<\/p>\n<h2 class=\"transfer-title\">INFORMATIONEN ZUR BANK\u00dcBERWEISUNG<\/h2>\n<p>Lieber Spender,<\/p>\n<p>Wir danken Ihnen f\u00fcr Ihre Zusage.<\/p>\n<p>Um eine \u00dcberweisung zu t\u00e4tigen, bitten wir Sie, die folgenden Anweisungen zu befolgen:<\/p>\n<ol>\n<li><a href=\"https:\/\/ortsuisse.org\/site\/wp-content\/uploads\/2018\/08\/ORT-Suisse-BVR.pdf\" target=\"_blank\" rel=\"noopener\">Download des Einzahlungsscheins<\/a><\/li>\n<li>F\u00fchren Sie die \u00dcberweisung durch, indem Sie die Bankverbindung auf dem Beleg eingeben.<\/li>\n<\/ol>\n<p><span><strong>Association <\/strong><em><strong>ORT Suisse<\/strong><\/em><\/span><\/p>\n<p><span>1, rue <i>de Varemb\u00e9<\/i><em><br \/><\/em>CH &#8211; <em>1202 Gen\u00e8ve<\/em><\/span><\/p>\n<p><span>www.ortsuisse.org<\/span><br \/><span>office@ortsuisse.org<\/span><\/p>\n<p>Jeder Beitrag ist willkommen, da er f\u00fcr unsere Beg\u00fcnstigten in der Ausbildung entscheidend ist.<\/p>\n<p>Als gemeinn\u00fctzige Organisation, die von den Beh\u00f6rden des Kantons Genf anerkannt ist, ist Ihre Spende au\u00dferdem Gegenstand einer Steuerbescheinigung und somit in Ihrer Steuererkl\u00e4rung abzugsf\u00e4hig.<\/p>\n<p>Wir danken Ihnen aufrichtig f\u00fcr Ihre Gro\u00dfz\u00fcgigkeit.<\/p>\n<p>Mit herzlichen Gr\u00fc\u00dfen,<\/p>\n<p>Der Exekutivausschuss<\/p>\n<p>Association ORT Suisse<br \/>1, rue de Varemb\u00e9<br \/>CH &#8211; 1202 Genf<br \/>Suisse<\/p>\n<p>[\/et_pb_text][\/et_pb_column][\/et_pb_row][\/et_pb_section]<\/p>\n","protected":false},"excerpt":{"rendered":"<p>[et_pb_section fb_built=&#8220;1&#8243; fullwidth=&#8220;on&#8220; next_background_color=&#8220;#ffffff&#8220; disabled_on=&#8220;off|off|off&#8220; admin_label=&#8220;Hero&#8220; _builder_version=&#8220;4.9.4&#8243; background_color=&#8220;RGBA(0,0,0,0)&#8220; background_enable_image=&#8220;off&#8220; background_size=&#8220;contain&#8220; background_repeat=&#8220;repeat&#8220; custom_padding=&#8220;|||&#8220; bottom_divider_style=&#8220;curve&#8220; transparent_background=&#8220;on&#8220;][et_pb_fullwidth_header title=&#8220;@ET-DC@eyJkeW5hbWljIjp0cnVlLCJjb250ZW50IjoicG9zdF90aXRsZSIsInNldHRpbmdzIjp7ImJlZm9yZSI6IiIsImFmdGVyIjoiIn19@&#8220; text_orientation=&#8220;center&#8220; background_overlay_color=&#8220;rgba(73,21,113,0.76)&#8220; subhead_font_color=&#8220;#bebebe&#8220; _builder_version=&#8220;4.9.4&#8243; _dynamic_attributes=&#8220;title&#8220; title_font=&#8220;Gilroy-Regular||||||||&#8220; title_text_color=&#8220;#ffffff&#8220; title_font_size=&#8220;72px&#8220; title_line_height=&#8220;1.3em&#8220; content_font=&#8220;Montserrat||||&#8220; content_text_color=&#8220;#bfbfbf&#8220; content_font_size=&#8220;19px&#8220; content_line_height=&#8220;1.8em&#8220; subhead_font=&#8220;Montserrat||||&#8220; subhead_text_color=&#8220;#bebebe&#8220; subhead_line_height=&#8220;1.8em&#8220; background_color=&#8220;RGBA(0,0,0,0)&#8220; background_image=&#8220;https:\/\/ortsuisse.org\/site2\/wp-content\/uploads\/2021\/06\/ortsuisse-cheval.jpeg&#8220; background_size=&#8220;contain&#8220; background_repeat=&#8220;repeat&#8220; custom_padding=&#8220;5%||5%|&#8220; animation_style=&#8220;zoom&#8220; animation_duration=&#8220;1500ms&#8220; animation_intensity_zoom=&#8220;4%&#8220; title_line_height_last_edited=&#8220;off|desktop&#8220; button_one_text_size__hover_enabled=&#8220;off&#8220; button_two_text_size__hover_enabled=&#8220;off&#8220; button_one_text_color__hover_enabled=&#8220;off&#8220; button_two_text_color__hover_enabled=&#8220;off&#8220; button_one_border_width__hover_enabled=&#8220;off&#8220; button_two_border_width__hover_enabled=&#8220;off&#8220; button_one_border_color__hover_enabled=&#8220;off&#8220; button_two_border_color__hover_enabled=&#8220;off&#8220; button_one_border_radius__hover_enabled=&#8220;off&#8220; button_two_border_radius__hover_enabled=&#8220;off&#8220; button_one_letter_spacing__hover_enabled=&#8220;off&#8220; button_two_letter_spacing__hover_enabled=&#8220;off&#8220; button_one_bg_color__hover_enabled=&#8220;off&#8220; button_two_bg_color__hover_enabled=&#8220;off&#8220;][\/et_pb_fullwidth_header][\/et_pb_section][et_pb_section fb_built=&#8220;1&#8243; [&hellip;]<\/p>\n","protected":false},"author":2,"featured_media":0,"parent":0,"menu_order":0,"comment_status":"closed","ping_status":"closed","template":"","meta":{"give_campaign_id":0,"_et_pb_use_builder":"on","_et_pb_old_content":"","_et_gb_content_width":"","footnotes":""},"class_list":["post-1536","page","type-page","status-publish","hentry"],"campaignId":"","_links":{"self":[{"href":"https:\/\/ortsuisse.org\/site\/de\/wp-json\/wp\/v2\/pages\/1536","targetHints":{"allow":["GET"]}}],"collection":[{"href":"https:\/\/ortsuisse.org\/site\/de\/wp-json\/wp\/v2\/pages"}],"about":[{"href":"https:\/\/ortsuisse.org\/site\/de\/wp-json\/wp\/v2\/types\/page"}],"author":[{"embeddable":true,"href":"https:\/\/ortsuisse.org\/site\/de\/wp-json\/wp\/v2\/users\/2"}],"replies":[{"embeddable":true,"href":"https:\/\/ortsuisse.org\/site\/de\/wp-json\/wp\/v2\/comments?post=1536"}],"version-history":[{"count":4,"href":"https:\/\/ortsuisse.org\/site\/de\/wp-json\/wp\/v2\/pages\/1536\/revisions"}],"predecessor-version":[{"id":1544,"href":"https:\/\/ortsuisse.org\/site\/de\/wp-json\/wp\/v2\/pages\/1536\/revisions\/1544"}],"wp:attachment":[{"href":"https:\/\/ortsuisse.org\/site\/de\/wp-json\/wp\/v2\/media?parent=1536"}],"curies":[{"name":"wp","href":"https:\/\/api.w.org\/{rel}","templated":true}]}}