{"id":1592,"date":"2021-06-09T07:51:37","date_gmt":"2021-06-09T07:51:37","guid":{"rendered":"https:\/\/ortsuisse.org\/site2\/das-team\/"},"modified":"2021-06-25T07:20:17","modified_gmt":"2021-06-25T07:20:17","slug":"das-team","status":"publish","type":"page","link":"https:\/\/ortsuisse.org\/site\/de\/das-team\/","title":{"rendered":"DAS TEAM"},"content":{"rendered":"<p>[et_pb_section fb_built=&#8220;1&#8243; fullwidth=&#8220;on&#8220; next_background_color=&#8220;#ffffff&#8220; disabled_on=&#8220;off|off|off&#8220; admin_label=&#8220;Hero&#8220; _builder_version=&#8220;4.9.4&#8243; background_color=&#8220;#1f1f1f&#8220; background_image=&#8220;https:\/\/ortsuisse.org\/site2\/wp-content\/uploads\/2021\/06\/image-old-scientist.jpg&#8220; parallax=&#8220;on&#8220; custom_padding=&#8220;|||&#8220; bottom_divider_style=&#8220;curve&#8220; transparent_background=&#8220;on&#8220;][et_pb_fullwidth_header title=&#8220;DAS TEAM&#8220; text_orientation=&#8220;center&#8220; background_overlay_color=&#8220;rgba(31,31,31,0.85)&#8220; subhead_font_color=&#8220;#bebebe&#8220; _builder_version=&#8220;4.9.4&#8243; title_font=&#8220;Gilroy-Regular||||||||&#8220; title_text_color=&#8220;#ffffff&#8220; title_font_size=&#8220;72px&#8220; title_line_height=&#8220;1.3em&#8220; content_font=&#8220;Montserrat||||&#8220; content_text_color=&#8220;#bfbfbf&#8220; content_font_size=&#8220;19px&#8220; content_line_height=&#8220;1.8em&#8220; subhead_font=&#8220;Montserrat||||&#8220; subhead_text_color=&#8220;#bebebe&#8220; subhead_line_height=&#8220;1.8em&#8220; background_color=&#8220;rgba(255, 255, 255, 0)&#8220; background_enable_image=&#8220;off&#8220; background_size=&#8220;contain&#8220; background_repeat=&#8220;repeat&#8220; custom_padding=&#8220;5%||5%|&#8220; animation_style=&#8220;zoom&#8220; animation_duration=&#8220;1500ms&#8220; animation_intensity_zoom=&#8220;4%&#8220; title_line_height_last_edited=&#8220;off|desktop&#8220; button_one_text_size__hover_enabled=&#8220;off&#8220; button_two_text_size__hover_enabled=&#8220;off&#8220; button_one_text_color__hover_enabled=&#8220;off&#8220; button_two_text_color__hover_enabled=&#8220;off&#8220; button_one_border_width__hover_enabled=&#8220;off&#8220; button_two_border_width__hover_enabled=&#8220;off&#8220; button_one_border_color__hover_enabled=&#8220;off&#8220; button_two_border_color__hover_enabled=&#8220;off&#8220; button_one_border_radius__hover_enabled=&#8220;off&#8220; button_two_border_radius__hover_enabled=&#8220;off&#8220; button_one_letter_spacing__hover_enabled=&#8220;off&#8220; button_two_letter_spacing__hover_enabled=&#8220;off&#8220; button_one_bg_color__hover_enabled=&#8220;off&#8220; button_two_bg_color__hover_enabled=&#8220;off&#8220;][\/et_pb_fullwidth_header][\/et_pb_section][et_pb_section fb_built=&#8220;1&#8243; _builder_version=&#8220;4.9.4&#8243; _module_preset=&#8220;default&#8220;][et_pb_row _builder_version=&#8220;4.9.4&#8243; _module_preset=&#8220;default&#8220;][et_pb_column type=&#8220;4_4&#8243; _builder_version=&#8220;4.9.4&#8243; _module_preset=&#8220;default&#8220;][et_pb_team_member name=&#8220;Marc de Gunzburg&#8220; position=&#8220;Pr\u00e4sident&#8220; image_url=&#8220;data:image\/svg+xml;base64,PHN2ZyB3aWR0aD0iNTAwIiBoZWlnaHQ9IjUwMCIgdmlld0JveD0iMCAwIDUwMCA1MDAiIHhtbG5zPSJodHRwOi8vd3d3LnczLm9yZy8yMDAwL3N2ZyI+CiAgICA8ZyBmaWxsPSJub25lIiBmaWxsLXJ1bGU9ImV2ZW5vZGQiPgogICAgICAgIDxwYXRoIGZpbGw9IiNFQkVCRUIiIGQ9Ik0wIDBoNTAwdjUwMEgweiIvPgogICAgICAgIDxyZWN0IGZpbGwtb3BhY2l0eT0iLjEiIGZpbGw9IiMwMDAiIHg9IjY4IiB5PSIzMDUiIHdpZHRoPSIzNjQiIGhlaWdodD0iNTY4IiByeD0iMTgyIi8+CiAgICAgICAgPGNpcmNsZSBmaWxsLW9wYWNpdHk9Ii4xIiBmaWxsPSIjMDAwIiBjeD0iMjQ5IiBjeT0iMTcyIiByPSIxMDAiLz4KICAgIDwvZz4KPC9zdmc+Cg==&#8220; _builder_version=&#8220;4.9.4&#8243; _module_preset=&#8220;default&#8220; header_level=&#8220;h3&#8243; header_font=&#8220;|600|||||||&#8220; header_text_color=&#8220;#491571&#8243; body_font_size=&#8220;16px&#8220; body_line_height=&#8220;1.4em&#8220; position_text_color=&#8220;#491571&#8243; position_font_size=&#8220;18px&#8220; position_line_height=&#8220;2.4em&#8220; hover_enabled=&#8220;0&#8243; sticky_enabled=&#8220;0&#8243;]<\/p>\n<p>Mit immer neuer Motivation und Entschlossenheit investiert meine Familie in die Verfolgung der Ziele von ORT. Es ist eine gro\u00dfe Freude, dazu beitragen zu k\u00f6nnen, zumal ich von den herausragenden Pers\u00f6nlichkeiten umgeben bin und unterst\u00fctzt werde, die unser Exekutiv-, Unterst\u00fctzungs- und Aktionskomitee bilden.<\/p>\n<p>Gemeinsam setzen wir den von unseren Vorg\u00e4ngern vorgezeichneten Weg fort, denen wir in Anerkennung unseres reichen Erbes gro\u00dfen Respekt zollen.<\/p>\n<p>Wir setzen uns ehrgeizige Fundraising-Ziele, um die Bildungsprojekte des ORT auf der ganzen Welt zu unterst\u00fctzen.<\/p>\n<p>Wir wollen sicherstellen, dass ORT Schweiz seine gro\u00dfz\u00fcgigen Spender mit einem modernen und effizienten Management und einem st\u00e4ndigen Bem\u00fchen um Sparsamkeit und Transparenz belohnt.<\/p>\n<p>Wir beabsichtigen auch, die Anzahl der Veranstaltungen innerhalb von ORT Schweiz zu erh\u00f6hen, um den Geist der Vereinigung, der Freundschaft und der gemeinsamen Freude zu intensivieren, der uns stark und erfolgreich macht.<\/p>\n<p>Insbesondere wollen wir die j\u00fcngere Generation interessieren, willkommen hei\u00dfen und integrieren, aber auch unsere regionalen Chapters in der ganzen Schweiz anregen und vereinen.<\/p>\n<p>Ich hoffe immer noch, dass alle ihr Engagement f\u00fcr ORT, sowohl in der Schweiz als auch weltweit, mit Intensit\u00e4t und Tiefe leben werden.<\/p>\n<p>Der Erfolg, nicht ohne Opfer, der vielen Nutznie\u00dfer unserer Bem\u00fchungen in der ganzen Welt ist f\u00fcr uns, die Mitglieder von ORT Schweiz, eine echte Belohnung, auf die wir gemeinsam sehr stolz sein k\u00f6nnen.<\/p>\n<p>Ich danke allen f\u00fcr ihren ansteckenden Enthusiasmus, ihre aufrichtige Hingabe und ihre freundliche Gro\u00dfz\u00fcgigkeit.<\/p>\n<p>[\/et_pb_team_member][\/et_pb_column][\/et_pb_row][et_pb_row _builder_version=&#8220;4.9.4&#8243; _module_preset=&#8220;default&#8220;][et_pb_column type=&#8220;4_4&#8243; _builder_version=&#8220;4.9.4&#8243; _module_preset=&#8220;default&#8220;][et_pb_team_member name=&#8220;Philippe Nordmann&#8220; position=&#8220;Vize &#8211; Pr\u00e4sident&#8220; image_url=&#8220;data:image\/svg+xml;base64,PHN2ZyB3aWR0aD0iNTAwIiBoZWlnaHQ9IjUwMCIgdmlld0JveD0iMCAwIDUwMCA1MDAiIHhtbG5zPSJodHRwOi8vd3d3LnczLm9yZy8yMDAwL3N2ZyI+CiAgICA8ZyBmaWxsPSJub25lIiBmaWxsLXJ1bGU9ImV2ZW5vZGQiPgogICAgICAgIDxwYXRoIGZpbGw9IiNFQkVCRUIiIGQ9Ik0wIDBoNTAwdjUwMEgweiIvPgogICAgICAgIDxyZWN0IGZpbGwtb3BhY2l0eT0iLjEiIGZpbGw9IiMwMDAiIHg9IjY4IiB5PSIzMDUiIHdpZHRoPSIzNjQiIGhlaWdodD0iNTY4IiByeD0iMTgyIi8+CiAgICAgICAgPGNpcmNsZSBmaWxsLW9wYWNpdHk9Ii4xIiBmaWxsPSIjMDAwIiBjeD0iMjQ5IiBjeT0iMTcyIiByPSIxMDAiLz4KICAgIDwvZz4KPC9zdmc+Cg==&#8220; _builder_version=&#8220;4.9.4&#8243; _module_preset=&#8220;default&#8220; header_font=&#8220;|600|||||||&#8220; header_text_color=&#8220;#491571&#8243; header_font_size=&#8220;21px&#8220; body_font=&#8220;Gilroy-Regular||||||||&#8220; body_font_size=&#8220;16px&#8220; body_line_height=&#8220;1.4em&#8220; position_text_color=&#8220;#491571&#8243; position_line_height=&#8220;2.4em&#8220; hover_enabled=&#8220;0&#8243; sticky_enabled=&#8220;0&#8243;]<\/p>\n<p>Die Familie hat f\u00fcr ihn oberste Priorit\u00e4t: Frau, Kinder, Enkelkinder stehen an erster Stelle.v Gesch\u00e4ftsmann, Patriarch in der Familienholding Maus\/Nordmann. Philanthrop, da er in vielen Vereinen wie Philias, Carrefour Prison, SIDAide und vielen anderen aktiv ist&#8230;<\/p>\n<p>Er ist ein Kunstliebhaber, weil er ein aufgekl\u00e4rter Sammler ist, und er ist der Gr\u00fcnder des MAMCO (Museum f\u00fcr moderne Kunst in Genf).<\/p>\n<p>Humanistisch, weil sie den Menschen und die menschlichen Werte \u00fcber alles andere stellt. Dies ist genau das, was sie mit der ORT verbindet. 1997 \u00fcbernahm er die Pr\u00e4sidentschaft von ORT Schweiz und erf\u00fcllte damit den Wunsch seiner lieben Cousine Jacqueline Maus, die 1995 verstarb. Der ORT entspricht einem seiner Grunds\u00e4tze, n\u00e4mlich Menschen unabh\u00e4ngig von ihrer sozialen, kulturellen oder religi\u00f6sen Zugeh\u00f6rigkeit vor Missbrauch zu sch\u00fctzen, indem er sie professionell ausbildet. Im Jahr 2003. Er \u00fcbergab die Pr\u00e4sidentschaft des Schweizer ORT an Herrn Robert Equey und ist seither Vizepr\u00e4sident der Vereinigung.<\/p>\n<p>[\/et_pb_team_member][\/et_pb_column][\/et_pb_row][et_pb_row _builder_version=&#8220;4.9.4&#8243; _module_preset=&#8220;default&#8220;][et_pb_column type=&#8220;4_4&#8243; _builder_version=&#8220;4.9.4&#8243; _module_preset=&#8220;default&#8220;][et_pb_team_member name=&#8220;Philippe L\u00e9opold &#8211; Metzger&#8220; position=&#8220;Vize &#8211; Pr\u00e4sident&#8220; image_url=&#8220;data:image\/svg+xml;base64,PHN2ZyB3aWR0aD0iNTAwIiBoZWlnaHQ9IjUwMCIgdmlld0JveD0iMCAwIDUwMCA1MDAiIHhtbG5zPSJodHRwOi8vd3d3LnczLm9yZy8yMDAwL3N2ZyI+CiAgICA8ZyBmaWxsPSJub25lIiBmaWxsLXJ1bGU9ImV2ZW5vZGQiPgogICAgICAgIDxwYXRoIGZpbGw9IiNFQkVCRUIiIGQ9Ik0wIDBoNTAwdjUwMEgweiIvPgogICAgICAgIDxyZWN0IGZpbGwtb3BhY2l0eT0iLjEiIGZpbGw9IiMwMDAiIHg9IjY4IiB5PSIzMDUiIHdpZHRoPSIzNjQiIGhlaWdodD0iNTY4IiByeD0iMTgyIi8+CiAgICAgICAgPGNpcmNsZSBmaWxsLW9wYWNpdHk9Ii4xIiBmaWxsPSIjMDAwIiBjeD0iMjQ5IiBjeT0iMTcyIiByPSIxMDAiLz4KICAgIDwvZz4KPC9zdmc+Cg==&#8220; _builder_version=&#8220;4.9.4&#8243; _module_preset=&#8220;default&#8220; header_font=&#8220;|600|||||||&#8220; header_text_color=&#8220;#491571&#8243; header_font_size=&#8220;21px&#8220; body_font_size=&#8220;16px&#8220; body_line_height=&#8220;1.4em&#8220; position_text_color=&#8220;#491571&#8243; position_font_size=&#8220;18px&#8220; position_line_height=&#8220;2.5em&#8220; hover_enabled=&#8220;0&#8243; sticky_enabled=&#8220;0&#8243;]<\/p>\n<p>ORT trat vor fast f\u00fcnfzig Jahren in mein Leben, als mein Vater Pr\u00e4sident der ORT-Schule in Stra\u00dfburg wurde.<\/p>\n<p>Ich habe immer an die Mission des ORT geglaubt, nach Exzellenz in der Bildung, der Vermittlung von Werten und Chancengleichheit f\u00fcr alle in Israel und der Diaspora zu streben.<\/p>\n<p>[\/et_pb_team_member][\/et_pb_column][\/et_pb_row][\/et_pb_section]<\/p>\n","protected":false},"excerpt":{"rendered":"<p>[et_pb_section fb_built=&#8220;1&#8243; fullwidth=&#8220;on&#8220; next_background_color=&#8220;#ffffff&#8220; disabled_on=&#8220;off|off|off&#8220; admin_label=&#8220;Hero&#8220; _builder_version=&#8220;4.9.4&#8243; background_color=&#8220;#1f1f1f&#8220; background_image=&#8220;https:\/\/ortsuisse.org\/site2\/wp-content\/uploads\/2021\/06\/image-old-scientist.jpg&#8220; parallax=&#8220;on&#8220; custom_padding=&#8220;|||&#8220; bottom_divider_style=&#8220;curve&#8220; transparent_background=&#8220;on&#8220;][et_pb_fullwidth_header title=&#8220;DAS TEAM&#8220; text_orientation=&#8220;center&#8220; background_overlay_color=&#8220;rgba(31,31,31,0.85)&#8220; subhead_font_color=&#8220;#bebebe&#8220; _builder_version=&#8220;4.9.4&#8243; title_font=&#8220;Gilroy-Regular||||||||&#8220; title_text_color=&#8220;#ffffff&#8220; title_font_size=&#8220;72px&#8220; title_line_height=&#8220;1.3em&#8220; content_font=&#8220;Montserrat||||&#8220; content_text_color=&#8220;#bfbfbf&#8220; content_font_size=&#8220;19px&#8220; content_line_height=&#8220;1.8em&#8220; subhead_font=&#8220;Montserrat||||&#8220; subhead_text_color=&#8220;#bebebe&#8220; subhead_line_height=&#8220;1.8em&#8220; background_color=&#8220;rgba(255, 255, 255, 0)&#8220; background_enable_image=&#8220;off&#8220; background_size=&#8220;contain&#8220; background_repeat=&#8220;repeat&#8220; custom_padding=&#8220;5%||5%|&#8220; animation_style=&#8220;zoom&#8220; animation_duration=&#8220;1500ms&#8220; animation_intensity_zoom=&#8220;4%&#8220; title_line_height_last_edited=&#8220;off|desktop&#8220; button_one_text_size__hover_enabled=&#8220;off&#8220; button_two_text_size__hover_enabled=&#8220;off&#8220; button_one_text_color__hover_enabled=&#8220;off&#8220; button_two_text_color__hover_enabled=&#8220;off&#8220; button_one_border_width__hover_enabled=&#8220;off&#8220; button_two_border_width__hover_enabled=&#8220;off&#8220; button_one_border_color__hover_enabled=&#8220;off&#8220; button_two_border_color__hover_enabled=&#8220;off&#8220; button_one_border_radius__hover_enabled=&#8220;off&#8220; button_two_border_radius__hover_enabled=&#8220;off&#8220; button_one_letter_spacing__hover_enabled=&#8220;off&#8220; button_two_letter_spacing__hover_enabled=&#8220;off&#8220; button_one_bg_color__hover_enabled=&#8220;off&#8220; [&hellip;]<\/p>\n","protected":false},"author":2,"featured_media":0,"parent":0,"menu_order":0,"comment_status":"closed","ping_status":"closed","template":"","meta":{"give_campaign_id":0,"_et_pb_use_builder":"on","_et_pb_old_content":"","_et_gb_content_width":"","footnotes":""},"class_list":["post-1592","page","type-page","status-publish","hentry"],"campaignId":"","_links":{"self":[{"href":"https:\/\/ortsuisse.org\/site\/de\/wp-json\/wp\/v2\/pages\/1592","targetHints":{"allow":["GET"]}}],"collection":[{"href":"https:\/\/ortsuisse.org\/site\/de\/wp-json\/wp\/v2\/pages"}],"about":[{"href":"https:\/\/ortsuisse.org\/site\/de\/wp-json\/wp\/v2\/types\/page"}],"author":[{"embeddable":true,"href":"https:\/\/ortsuisse.org\/site\/de\/wp-json\/wp\/v2\/users\/2"}],"replies":[{"embeddable":true,"href":"https:\/\/ortsuisse.org\/site\/de\/wp-json\/wp\/v2\/comments?post=1592"}],"version-history":[{"count":4,"href":"https:\/\/ortsuisse.org\/site\/de\/wp-json\/wp\/v2\/pages\/1592\/revisions"}],"predecessor-version":[{"id":1997,"href":"https:\/\/ortsuisse.org\/site\/de\/wp-json\/wp\/v2\/pages\/1592\/revisions\/1997"}],"wp:attachment":[{"href":"https:\/\/ortsuisse.org\/site\/de\/wp-json\/wp\/v2\/media?parent=1592"}],"curies":[{"name":"wp","href":"https:\/\/api.w.org\/{rel}","templated":true}]}}