{"id":1607,"date":"2021-06-09T07:50:01","date_gmt":"2021-06-09T07:50:01","guid":{"rendered":"https:\/\/ortsuisse.org\/site2\/das-erbe-des-ort\/"},"modified":"2021-06-23T11:23:42","modified_gmt":"2021-06-23T11:23:42","slug":"das-erbe-des-ort","status":"publish","type":"page","link":"https:\/\/ortsuisse.org\/site\/de\/das-erbe-des-ort\/","title":{"rendered":"DAS ERBE DES ORT"},"content":{"rendered":"<p>[et_pb_section fb_built=&#8220;1&#8243; fullwidth=&#8220;on&#8220; next_background_color=&#8220;#ffffff&#8220; disabled_on=&#8220;off|off|off&#8220; admin_label=&#8220;Hero&#8220; _builder_version=&#8220;4.9.4&#8243; background_color=&#8220;#1f1f1f&#8220; background_image=&#8220;https:\/\/ortsuisse.org\/site2\/wp-content\/uploads\/2021\/06\/image-old-scientist.jpg&#8220; parallax=&#8220;on&#8220; custom_padding=&#8220;|||&#8220; bottom_divider_style=&#8220;curve&#8220; transparent_background=&#8220;on&#8220;][et_pb_fullwidth_header title=&#8220;DER ORT IN DER SCHWEIZ&#8220; text_orientation=&#8220;center&#8220; background_overlay_color=&#8220;rgba(31,31,31,0.85)&#8220; subhead_font_color=&#8220;#bebebe&#8220; _builder_version=&#8220;4.9.4&#8243; title_font=&#8220;Gilroy-Regular||||||||&#8220; title_text_color=&#8220;#ffffff&#8220; title_font_size=&#8220;72px&#8220; title_line_height=&#8220;1.3em&#8220; content_font=&#8220;Montserrat||||&#8220; content_text_color=&#8220;#bfbfbf&#8220; content_font_size=&#8220;19px&#8220; content_line_height=&#8220;1.8em&#8220; subhead_font=&#8220;Montserrat||||&#8220; subhead_text_color=&#8220;#bebebe&#8220; subhead_line_height=&#8220;1.8em&#8220; background_color=&#8220;rgba(255, 255, 255, 0)&#8220; background_enable_image=&#8220;off&#8220; background_size=&#8220;contain&#8220; background_repeat=&#8220;repeat&#8220; custom_padding=&#8220;5%||5%|&#8220; animation_style=&#8220;zoom&#8220; animation_duration=&#8220;1500ms&#8220; animation_intensity_zoom=&#8220;4%&#8220; title_line_height_last_edited=&#8220;off|desktop&#8220; button_one_text_size__hover_enabled=&#8220;off&#8220; button_two_text_size__hover_enabled=&#8220;off&#8220; button_one_text_color__hover_enabled=&#8220;off&#8220; button_two_text_color__hover_enabled=&#8220;off&#8220; button_one_border_width__hover_enabled=&#8220;off&#8220; button_two_border_width__hover_enabled=&#8220;off&#8220; button_one_border_color__hover_enabled=&#8220;off&#8220; button_two_border_color__hover_enabled=&#8220;off&#8220; button_one_border_radius__hover_enabled=&#8220;off&#8220; button_two_border_radius__hover_enabled=&#8220;off&#8220; button_one_letter_spacing__hover_enabled=&#8220;off&#8220; button_two_letter_spacing__hover_enabled=&#8220;off&#8220; button_one_bg_color__hover_enabled=&#8220;off&#8220; button_two_bg_color__hover_enabled=&#8220;off&#8220;][\/et_pb_fullwidth_header][\/et_pb_section][et_pb_section fb_built=&#8220;1&#8243; _builder_version=&#8220;4.9.4&#8243; _module_preset=&#8220;default&#8220;][et_pb_row _builder_version=&#8220;4.9.4&#8243; _module_preset=&#8220;default&#8220;][et_pb_column type=&#8220;4_4&#8243; _builder_version=&#8220;4.9.4&#8243; _module_preset=&#8220;default&#8220;][et_pb_text _builder_version=&#8220;4.9.4&#8243; _module_preset=&#8220;default&#8220; header_font=&#8220;|600|||||||&#8220; header_text_align=&#8220;center&#8220; header_text_color=&#8220;#491571&#8243; hover_enabled=&#8220;0&#8243; header_font_size=&#8220;34px&#8220; sticky_enabled=&#8220;0&#8243;]<\/p>\n<h1>DAS ERBE DES ORT<\/h1>\n<h1><\/h1>\n<p>[\/et_pb_text][\/et_pb_column][\/et_pb_row][et_pb_row _builder_version=&#8220;4.9.4&#8243; _module_preset=&#8220;default&#8220;][et_pb_column type=&#8220;4_4&#8243; _builder_version=&#8220;4.9.4&#8243; _module_preset=&#8220;default&#8220;][et_pb_text _builder_version=&#8220;4.9.4&#8243; _module_preset=&#8220;default&#8220; header_2_text_color=&#8220;#491571&#8243; hover_enabled=&#8220;0&#8243; text_font_size=&#8220;17px&#8220; header_2_font_size=&#8220;30px&#8220; sticky_enabled=&#8220;0&#8243;]<\/p>\n<h2>Es begann im zaristischen Russland Ende des 19. Jahrhunderts&#8230;<\/h2>\n<p>&nbsp;<\/p>\n<p>Zu dieser Zeit wurden Juden stark diskriminiert. Einerseits war es ihnen nicht erlaubt, Land au\u00dferhalb der &#8222;Siedlungszone&#8220; zu besitzen, in der die gro\u00dfe Mehrheit von ihnen eingesperrt war. Andererseits durften sie nur eine begrenzte Anzahl von Berufen wie Gastwirte, Bierbrauer, Hausierer oder Fuhrleute aus\u00fcben. J\u00fcdische Kaufleute wurden doppelt so hoch besteuert wie Nicht-Juden. Junge Burschen wurden in die Armee eingezogen, manchmal schon im Alter von zw\u00f6lf Jahren, f\u00fcr \u00fcberm\u00e4\u00dfig lange Zeitr\u00e4ume.<\/p>\n<p>&nbsp;<\/p>\n<h2>Vor 140 Jahren &#8230;<\/h2>\n<p>&nbsp;<\/p>\n<p>Konfrontiert mit der Armut und Verzweiflung der Menschen, beschlossen drei Vision\u00e4re, Nicolai Bakst, Samuel Poliakov und Horace de Gunzburg, der Gemeinde zu helfen. In der tiefen \u00dcberzeugung, dass Wissen Freiheit und Arbeit W\u00fcrde bietet, beschlossen sie, eine Organisation zu gr\u00fcnden, die es jedem erm\u00f6glichen w\u00fcrde, eine Ausbildung in technischen Berufen zu erhalten, da die Gesellschaft zu dieser Zeit Arbeitskr\u00e4fte ben\u00f6tigte, und so jedem zu erm\u00f6glichen, einen angemessenen Lebensunterhalt zu verdienen und seine Familie zu unterst\u00fctzen.<\/p>\n<p>Am 22. M\u00e4rz 1880 erhielten sie nach ihrer Petition an Zar Alexander II. in einem Schreiben an das Innenministerium die Erlaubnis, Gelder f\u00fcr ihren Verein zu sammeln. In Rekordzeit, 18 Tage sp\u00e4ter, wurde ein Aufruf an die gesamte russisch-j\u00fcdische Gemeinde gerichtet, einen Solidarit\u00e4tsfonds zu unterst\u00fctzen. Fast 13.000 Spender, oft von bescheidenen Mitteln, h\u00f6rten den Aufruf und sammelten \u00fcber 200.000 Rubel. So entstand die Organisation f\u00fcr Ausbildung in Handwerk und Landwirtschaft.<\/p>\n<p>In kurzer Zeit hat sich die ORT-Philosophie durchgesetzt. Zus\u00e4tzlich zu den errichteten Schulen hat der ORT durch die Vergabe von Krediten an Handwerker, Stipendien an Studenten und den Kauf von Grundst\u00fccken zur Ansiedlung armer Familien geholfen.<\/p>\n<p>Durch die H\u00f6hen und Tiefen der Geschichte hindurch hat sich ORT stets an neue Bed\u00fcrfnisse und neue Herausforderungen im Leben angepasst. Diese Anpassungsf\u00e4higkeit ist es unter anderem, die diese Organisation so unglaublich erfolgreich gemacht hat. Die Solidarit\u00e4t, das Engagement und die Gro\u00dfz\u00fcgigkeit seiner Mitglieder haben es erm\u00f6glicht, dass es in der ganzen Welt eingesetzt werden kann.<\/p>\n<p>W\u00e4hrend des Ersten Weltkriegs richtete der ORT genossenschaftliche Werkst\u00e4tten, Suppenk\u00fcchen und Kreditb\u00fcros ein, die Tausende von Menschen vor dem Hungertod bewahrten. Der ORT richtete auch ein Programm &#8222;Rehabilitation durch Arbeit&#8220; f\u00fcr vertriebene Juden ein.<\/p>\n<p>Auch w\u00e4hrend des Zweiten Weltkriegs \u00f6ffneten die ORT-Schulen, die einzigen Schulen unter englischer und nicht deutscher Herrschaft, ihre T\u00fcren f\u00fcr alle Kinder der Gegend, unabh\u00e4ngig von ihrer Herkunft, Nationalit\u00e4t oder Religion. Viele Kinder wurden auf diese Weise gerettet.<\/p>\n<p>Die Liebe zum ORT, seiner Philosophie und seinem Verm\u00e4chtnis, breitet sich von einer Person zur anderen aus. Manchmal durch Zufall, wie im Fall der zuf\u00e4lligen Begegnung zwischen Vladimir Halperin und Aaron Singalowski in einem Zug. Mit dieser einfachen Diskussion zwischen zwei Fahrg\u00e4sten im selben Zug war die Liebe zum ORT vorbei. So sehr, dass Aaron Singalowski am Ursprung der Gr\u00fcndung von ORT in den Vereinigten Staaten, S\u00fcdafrika und Israel stand, Direktor von ORT Mondiale wurde und zusammen mit Vladimir Halperin das ORT Ani\u00e8res Institut gr\u00fcndete.<\/p>\n<p>Der enorme Erfolg dieser gro\u00dfartigen Organisation ist all ihren gro\u00dfz\u00fcgigen Spendern, all ihren Pr\u00e4sidenten, all ihren Vertretern, all ihren Lehrern und all ihren Sch\u00fclern zu verdanken. Im Laufe der Jahre haben sich all diese Personen ver\u00e4ndert, aber das Ziel ist das gleiche geblieben. Vererbung wird von einer Generation zur n\u00e4chsten, von einer Person zur n\u00e4chsten weitergegeben.<\/p>\n<p>Bildung ist leider kein Menschenrecht. Es gibt immer noch zu viele Orte auf der Erde, an denen sie aufgrund von Geschlecht, Rasse, Religion oder Nationalit\u00e4t nicht zug\u00e4nglich oder sogar schlichtweg verboten ist. Die Mission von ORT ist es, Bildung f\u00fcr alle zug\u00e4nglich zu machen, unabh\u00e4ngig von diesen \u00dcberlegungen, und Exzellenz zu f\u00f6rdern.<\/p>\n<p>Die Welt hat sich etwas ver\u00e4ndert seit den Tagen, als Handwerk und Landwirtschaft gefragte berufliche F\u00e4higkeiten waren, aber die Grundprinzipien von ORT sind seit 1880 unver\u00e4ndert geblieben. Die Programme des ORT orientieren sich heute an der Nachfrage der L\u00e4nder und entsprechen den Anforderungen der Arbeitswelt von heute und vor allem von morgen<\/p>\n<p>Deshalb sind wir stolz und gl\u00fccklich, in unserem bescheidenen Ma\u00df Teil dieser wunderbaren Geschichte zu sein. Eine Geschichte, die so au\u00dfergew\u00f6hnlich ist, dass sie wie eine Legende erz\u00e4hlt wird. Wir sind ber\u00fchrt von all den Errungenschaften des ORT und von all den Menschen, die seit 1880 dazu beigetragen haben, dieses Erbe zu bewahren, angetrieben von dem Wunsch zu geben, einfach zu teilen.<\/p>\n<p>Wir glauben, dass Nicolai Bakst, Samuel Poliakov und Horace de Gunzburg, als sie den ORT gr\u00fcndeten, nicht ahnen konnten, dass ihre Arbeit einen so bedeutenden und nachhaltigen Beitrag zur Verbesserung des Loses so vieler Menschen und damit der Welt im Allgemeinen leisten w\u00fcrde.<\/p>\n<p>All dies war, ist und wird nur m\u00f6glich sein dank Ihnen, unseren wertvollen und treuen Unterst\u00fctzern, Freunden und Sympathisanten.<\/p>\n<p>Wir m\u00f6chten uns bei allen Menschen bedanken, die von nah oder fern durch ihre Liebe, Vision, Hingabe, Unterst\u00fctzung, Zeit oder Anwesenheit an unserem wunderbaren Abenteuer teilnehmen und dazu beitragen.<\/p>\n<p>Bildung geht jeden etwas an, gemeinsam ver\u00e4ndern wir Leben.<\/p>\n<p>Der Ausschuss<\/p>\n<p>Association ORT Suisse 1, rue de Varemb\u00e9 CH \u2013 1202 Gen\u00e8ve<\/p>\n<p>[\/et_pb_text][\/et_pb_column][\/et_pb_row][\/et_pb_section]<\/p>\n","protected":false},"excerpt":{"rendered":"<p>[et_pb_section fb_built=&#8220;1&#8243; fullwidth=&#8220;on&#8220; next_background_color=&#8220;#ffffff&#8220; disabled_on=&#8220;off|off|off&#8220; admin_label=&#8220;Hero&#8220; _builder_version=&#8220;4.9.4&#8243; background_color=&#8220;#1f1f1f&#8220; background_image=&#8220;https:\/\/ortsuisse.org\/site2\/wp-content\/uploads\/2021\/06\/image-old-scientist.jpg&#8220; parallax=&#8220;on&#8220; custom_padding=&#8220;|||&#8220; bottom_divider_style=&#8220;curve&#8220; transparent_background=&#8220;on&#8220;][et_pb_fullwidth_header title=&#8220;DER ORT IN DER SCHWEIZ&#8220; text_orientation=&#8220;center&#8220; background_overlay_color=&#8220;rgba(31,31,31,0.85)&#8220; subhead_font_color=&#8220;#bebebe&#8220; _builder_version=&#8220;4.9.4&#8243; title_font=&#8220;Gilroy-Regular||||||||&#8220; title_text_color=&#8220;#ffffff&#8220; title_font_size=&#8220;72px&#8220; title_line_height=&#8220;1.3em&#8220; content_font=&#8220;Montserrat||||&#8220; content_text_color=&#8220;#bfbfbf&#8220; content_font_size=&#8220;19px&#8220; content_line_height=&#8220;1.8em&#8220; subhead_font=&#8220;Montserrat||||&#8220; subhead_text_color=&#8220;#bebebe&#8220; subhead_line_height=&#8220;1.8em&#8220; background_color=&#8220;rgba(255, 255, 255, 0)&#8220; background_enable_image=&#8220;off&#8220; background_size=&#8220;contain&#8220; background_repeat=&#8220;repeat&#8220; custom_padding=&#8220;5%||5%|&#8220; animation_style=&#8220;zoom&#8220; animation_duration=&#8220;1500ms&#8220; animation_intensity_zoom=&#8220;4%&#8220; title_line_height_last_edited=&#8220;off|desktop&#8220; button_one_text_size__hover_enabled=&#8220;off&#8220; button_two_text_size__hover_enabled=&#8220;off&#8220; button_one_text_color__hover_enabled=&#8220;off&#8220; button_two_text_color__hover_enabled=&#8220;off&#8220; button_one_border_width__hover_enabled=&#8220;off&#8220; button_two_border_width__hover_enabled=&#8220;off&#8220; button_one_border_color__hover_enabled=&#8220;off&#8220; button_two_border_color__hover_enabled=&#8220;off&#8220; button_one_border_radius__hover_enabled=&#8220;off&#8220; button_two_border_radius__hover_enabled=&#8220;off&#8220; [&hellip;]<\/p>\n","protected":false},"author":2,"featured_media":0,"parent":0,"menu_order":0,"comment_status":"closed","ping_status":"closed","template":"","meta":{"give_campaign_id":0,"_et_pb_use_builder":"on","_et_pb_old_content":"","_et_gb_content_width":"","footnotes":""},"class_list":["post-1607","page","type-page","status-publish","hentry"],"campaignId":"","_links":{"self":[{"href":"https:\/\/ortsuisse.org\/site\/de\/wp-json\/wp\/v2\/pages\/1607","targetHints":{"allow":["GET"]}}],"collection":[{"href":"https:\/\/ortsuisse.org\/site\/de\/wp-json\/wp\/v2\/pages"}],"about":[{"href":"https:\/\/ortsuisse.org\/site\/de\/wp-json\/wp\/v2\/types\/page"}],"author":[{"embeddable":true,"href":"https:\/\/ortsuisse.org\/site\/de\/wp-json\/wp\/v2\/users\/2"}],"replies":[{"embeddable":true,"href":"https:\/\/ortsuisse.org\/site\/de\/wp-json\/wp\/v2\/comments?post=1607"}],"version-history":[{"count":2,"href":"https:\/\/ortsuisse.org\/site\/de\/wp-json\/wp\/v2\/pages\/1607\/revisions"}],"predecessor-version":[{"id":1612,"href":"https:\/\/ortsuisse.org\/site\/de\/wp-json\/wp\/v2\/pages\/1607\/revisions\/1612"}],"wp:attachment":[{"href":"https:\/\/ortsuisse.org\/site\/de\/wp-json\/wp\/v2\/media?parent=1607"}],"curies":[{"name":"wp","href":"https:\/\/api.w.org\/{rel}","templated":true}]}}