{"id":1630,"date":"2021-06-09T07:51:13","date_gmt":"2021-06-09T07:51:13","guid":{"rendered":"https:\/\/ortsuisse.org\/site2\/die-geschichte-der-welt-ort\/"},"modified":"2021-06-23T12:25:46","modified_gmt":"2021-06-23T12:25:46","slug":"die-geschichte-der-welt-ort","status":"publish","type":"page","link":"https:\/\/ortsuisse.org\/site\/de\/die-geschichte-der-welt-ort\/","title":{"rendered":"DIE GESCHICHTE DER WELT ORT"},"content":{"rendered":"<p>[et_pb_section fb_built=&#8220;1&#8243; fullwidth=&#8220;on&#8220; next_background_color=&#8220;#ffffff&#8220; disabled_on=&#8220;off|off|off&#8220; admin_label=&#8220;Hero&#8220; _builder_version=&#8220;4.9.4&#8243; background_color=&#8220;#1f1f1f&#8220; background_image=&#8220;https:\/\/ortsuisse.org\/site2\/wp-content\/uploads\/2021\/06\/image-old-scientist.jpg&#8220; parallax=&#8220;on&#8220; custom_padding=&#8220;|||&#8220; bottom_divider_style=&#8220;curve&#8220; transparent_background=&#8220;on&#8220;][et_pb_fullwidth_header title=&#8220;DIE GESCHICHTE DER WELT ORT&#8220; text_orientation=&#8220;center&#8220; background_overlay_color=&#8220;rgba(31,31,31,0.85)&#8220; subhead_font_color=&#8220;#bebebe&#8220; _builder_version=&#8220;4.9.4&#8243; title_font=&#8220;Gilroy-Regular||||||||&#8220; title_text_color=&#8220;#ffffff&#8220; title_font_size=&#8220;72px&#8220; title_line_height=&#8220;1.3em&#8220; content_font=&#8220;Montserrat||||&#8220; content_text_color=&#8220;#bfbfbf&#8220; content_font_size=&#8220;19px&#8220; content_line_height=&#8220;1.8em&#8220; subhead_font=&#8220;Montserrat||||&#8220; subhead_text_color=&#8220;#bebebe&#8220; subhead_line_height=&#8220;1.8em&#8220; background_color=&#8220;rgba(255, 255, 255, 0)&#8220; background_enable_image=&#8220;off&#8220; background_size=&#8220;contain&#8220; background_repeat=&#8220;repeat&#8220; custom_padding=&#8220;5%||5%|&#8220; animation_style=&#8220;zoom&#8220; animation_duration=&#8220;1500ms&#8220; animation_intensity_zoom=&#8220;4%&#8220; title_line_height_last_edited=&#8220;off|desktop&#8220; button_one_text_size__hover_enabled=&#8220;off&#8220; button_two_text_size__hover_enabled=&#8220;off&#8220; button_one_text_color__hover_enabled=&#8220;off&#8220; button_two_text_color__hover_enabled=&#8220;off&#8220; button_one_border_width__hover_enabled=&#8220;off&#8220; button_two_border_width__hover_enabled=&#8220;off&#8220; button_one_border_color__hover_enabled=&#8220;off&#8220; button_two_border_color__hover_enabled=&#8220;off&#8220; button_one_border_radius__hover_enabled=&#8220;off&#8220; button_two_border_radius__hover_enabled=&#8220;off&#8220; button_one_letter_spacing__hover_enabled=&#8220;off&#8220; button_two_letter_spacing__hover_enabled=&#8220;off&#8220; button_one_bg_color__hover_enabled=&#8220;off&#8220; button_two_bg_color__hover_enabled=&#8220;off&#8220;][\/et_pb_fullwidth_header][\/et_pb_section][et_pb_section fb_built=&#8220;1&#8243; _builder_version=&#8220;4.9.4&#8243; _module_preset=&#8220;default&#8220;][et_pb_row _builder_version=&#8220;4.9.4&#8243; _module_preset=&#8220;default&#8220;][et_pb_column type=&#8220;4_4&#8243; _builder_version=&#8220;4.9.4&#8243; _module_preset=&#8220;default&#8220;][et_pb_text _builder_version=&#8220;4.9.4&#8243; _module_preset=&#8220;default&#8220; header_font=&#8220;|600|||||||&#8220; header_text_align=&#8220;center&#8220; header_text_color=&#8220;#491571&#8243; header_font_size=&#8220;34px&#8220; min_height=&#8220;61.6px&#8220;]<\/p>\n<h1>DIE GESCHICHTE DER WELT ORT<\/h1>\n<h1><\/h1>\n<p>[\/et_pb_text][\/et_pb_column][\/et_pb_row][et_pb_row _builder_version=&#8220;4.9.4&#8243; _module_preset=&#8220;default&#8220;][et_pb_column type=&#8220;4_4&#8243; _builder_version=&#8220;4.9.4&#8243; _module_preset=&#8220;default&#8220;][et_pb_text _builder_version=&#8220;4.9.4&#8243; _module_preset=&#8220;default&#8220; text_font_size=&#8220;17px&#8220; header_2_text_color=&#8220;#491571&#8243; hover_enabled=&#8220;0&#8243; header_4_font_size=&#8220;17px&#8220; header_4_line_height=&#8220;1.4em&#8220; header_2_font_size=&#8220;28px&#8220; header_3_font_size=&#8220;25px&#8220; header_3_line_height=&#8220;1.3em&#8220; sticky_enabled=&#8220;0&#8243;]<\/p>\n<h3><strong><span style=\"color: #491571;\">ORT wurde 1880 in St. Petersburg von russisch-j\u00fcdischen Finanziers und Intellektuellen gegr\u00fcndet. Diese Organisation soll der verarmten j\u00fcdischen Bev\u00f6lkerung helfen, sich durch landwirtschaftliche und handwerkliche Arbeit eine neue Existenz aufzubauen.<\/span><\/strong><\/h3>\n<p><strong><span style=\"color: #491571;\"><\/span><\/strong><\/p>\n<h4>Obschestvo Remeslevono i zemledelcheskovo Trouda, d.h. die Gesellschaft f\u00fcr die Entwicklung des Handwerks und der Landwirtschaft, wurde mit Hilfe von russisch-j\u00fcdischen Finanziers, darunter Baron Gunzburg, gegr\u00fcndet. Die Organisation, die 1905 von der russischen Regierung offiziell anerkannt wurde, hatte allein in Russland Schulen gegr\u00fcndet. Im Jahr 1919 wurden Leon Bramson und David Lvovitch vom ORT-Komitee nach Westeuropa geschickt, um Hilfe zu suchen. Sie gingen nach Paris, wo ORT Frankreich gegr\u00fcndet wurde (1921). Der franz\u00f6sische ORT-Verein ist in erster Linie eine Propaganda- und Fundraising-Organisation f\u00fcr die Finanzierung von ORT-Einrichtungen in osteurop\u00e4ischen L\u00e4ndern. Zur gleichen Zeit wurden auch ORT England und ORT Deutschland gegr\u00fcndet.<br \/>Dank des Willens von Leon Bramson markiert das Jahr 1921 auch die Gr\u00fcndung der ORT-Weltunion, die w\u00e4hrend eines Kongresses in Berlin ins Leben gerufen wurde. Die Zentrale wurde in Berlin eingerichtet. Durch die Bem\u00fchungen von Leon Bramson und Aaron Syngalowski (Generalsekret\u00e4r der Welt-ORT-Union) wurde 1922 der amerikanische ORT gegr\u00fcndet.<br \/>Der Sitz der Welt-ORT-Union wurde 1933, im Jahr der Machtergreifung Hitlers, nach Paris verlegt. Als deutsch-j\u00fcdische Fl\u00fcchtlinge einstr\u00f6mten, richtete der ORT Umschulungskurse ein und half ihnen, Arbeit zu finden. Am Vorabend des Krieges hatte ORT Frankreich drei Ausbildungszentren (Paris, Montmorency und Chelles). Die Frauen wurden in Mode (Styling, N\u00e4hen, Strumpfwaren, Modeaccessoires) und die M\u00e4nner in Radio, Elektrizit\u00e4t, Mechanik und Kino ausgebildet. Sie wurden auch in der Landwirtschaft ausgebildet. Im Jahr 1937 wurde die Vereinigung der parlamentarischen Freunde des ORT gegr\u00fcndet (mit Paul Painlev\u00e9 und Edouard Herriot).<br \/>Der ORT war w\u00e4hrend des Krieges besonders aktiv, errichtete Ausbildungszentren in den Ghettos von Kovno und Warschau und k\u00fcmmerte sich um Fl\u00fcchtlinge und \u00dcberlebende. Die Bewegung lie\u00df sich von 1939 bis Januar 1940 f\u00fcr einige Zeit in Vichy, rue Carnot, nieder, kehrte dann nach Paris zur\u00fcck, ging im Juni wieder nach Vichy (bevor die Vichy-Regierung die Macht \u00fcbernahm), im November 1940 nach Marseille (wo Leon Bramson 1941 starb), dann nach Voiron. Der ORT wurde von der Vichy-Regierung autorisiert, seine Aktivit\u00e4ten in etwa zwanzig St\u00e4dten bis 1942 fortzusetzen. Sie war auch in einigen Internierungslagern in Frankreich (Brens, Rivesaltes, Gurs, Recebedou und Septfonds) vorhanden.<br \/>1943 zwangen Kollaboration und Deportationen Aaron Syngalowski, den Sitz der Welt-ORT-Union nach Genf zu verlegen. ORT war 1945 in den Lagern der Displaced Persons pr\u00e4sent, um Handwerksberufe zu unterrichten.<\/h4>\n<h4><span style=\"color: #491571;\"><\/span>ORT-Zentren entstanden auf der ganzen Welt und in Israel, wo die ersten Schulen 1949 er\u00f6ffnet wurden. ORT gab es in muslimischen L\u00e4ndern, in Algerien, Tunesien und Marokko (bis zur Unabh\u00e4ngigkeit), und im Iran (bis 1980). Im selben Jahr wurde der Hauptsitz der Organisation von Genf nach London verlegt.<br \/>Im Jahr 1990, nach 52 Jahren Abwesenheit (Stalin hatte die Organisation 1938 aufgel\u00f6st), wurde ORT in Russland wiedergeboren.<\/h4>\n<h4>Der ORT ist seiner Gr\u00fcndungsinspiration treu geblieben, die urspr\u00fcnglich in einer ber\u00fchmten Formel zusammengefasst werden konnte: Gib einem Mann einen Fisch, und er hat f\u00fcr einen Tag zu essen; lehre ihn zu fischen, und er wird sich ein Leben lang ern\u00e4hren k\u00f6nnen.<br \/>Zu Beginn des 21. Jahrhunderts integriert die Lehre des ORT, die ihren j\u00fcdischen Wurzeln treu bleibt und f\u00fcr alle offen ist, die neuesten Entwicklungen der industriellen und terti\u00e4ren Technologien. Vom jungen Elektriker mit Berufsabschluss bis zum Studenten, der in eine Top-Ingenieurschule eintritt, sind die Wege der ORT-Sch\u00fcler vielf\u00e4ltig, das Prinzip bleibt dasselbe: jedem auf seinem Niveau die besten Chancen auf akademische, soziale und berufliche Integration zu geben. Die pers\u00f6nliche Investition und der Glaube aller beteiligten Fachleute an ihren Bildungsauftrag werden durch das aktive Netzwerk von Verb\u00e4nden, Lokalkomitees, Frauenkomitees und die st\u00e4ndig erneuerte Mitgliedschaft von Tausenden von Unternehmen, die jedes Jahr ihre Ausbildungsabgabe an ORT zahlen, reichlich unterst\u00fctzt.<\/h4>\n<h4><\/h4>\n<h3><\/h3>\n<h3><strong><span style=\"color: #491571;\">ORT ist nun auf allen Kontinenten vertreten:<\/span><\/strong><\/h3>\n<h4>&#8211; In Nordamerika: USA und Kanada<br \/>&#8211; In Lateinamerika: Argentinien, Brasilien, Chile, Mexiko, Paraguay, Peru, Uruguay, Venezuela und Kuba.<br \/>&#8211; In Australien<br \/>&#8211; In S\u00fcdafrika<br \/>&#8211; In Indien<br \/>&#8211; In Europa: Frankreich (fast 5.000 Studenten, 550 Mitarbeiter, in 7 Zentren: Choisy Le Roi, Lyon, Marseille, Montreuil, Stra\u00dfburg, Toulouse und Villiers-le-Bel), England, Belgien, D\u00e4nemark, Finnland, Deutschland, Griechenland, Italien, Spanien, Luxemburg, Niederlande, Norwegen, Schweden, Schweiz, Bulgarien, Tschechien, Ungarn, Russland, Ukraine, Moldawien, Litauen und Lettland, Wei\u00dfrussland und Kirgisistan sowie in Israel \u00dcbersetzt mit www.DeepL.com\/Translator (kostenlose Version)<\/h4>\n<h3><strong><span style=\"color: #491571;\"><\/span><\/strong><\/h3>\n<h3><strong><span style=\"color: #491571;\"><\/span><\/strong><\/h3>\n<h3><strong><span style=\"color: #491571;\"><\/span><\/strong><\/h3>\n<h3><strong><span style=\"color: #491571;\">UNSERE VISION :<\/span><\/strong><\/h3>\n<h4>Die Formulierung &#8222;Wir sind stolz auf den Erfolg unserer Sch\u00fcler&#8220; bedeutet, dass wir nicht zu H\u00f6chstleistungen verpflichtet sind. F\u00fcr uns ist es wichtiger, dass ein Sch\u00fcler das Diplom bekommt, f\u00fcr das er sich bewirbt, als die Zeit, die er braucht, um es zu bekommen. Unabh\u00e4ngig von der Dauer des Studiums ist es unabdingbar, dass der Student sein berufliches BAC, sein allgemeines und technologisches BAC, sein BTS erwirbt oder eine Grande \u00e9cole d&#8217;ing\u00e9nieur integriert, auch wenn es Zeit braucht, um dieses Ziel zu erreichen.<\/h4>\n<h3><span style=\"color: #491571;\"><strong><\/strong><\/span><\/h3>\n<h3><span style=\"color: #491571;\"><strong>UNSERE WERTE :<\/strong><\/span><\/h3>\n<h4>Eine Ausbildung f\u00fcrs Leben ist der gemeinsame Wert aller ORT-Schulen weltweit. Es hat eine doppelte Bedeutung: es ist sowohl eine solide Ausbildung und Training, um das Berufsleben in der bestm\u00f6glichen Weise zu integrieren, aber es ist auch eine Ausbildung f\u00fcr das Leben dank der \u00dcbertragung von universellen Werten: Toleranz, Solidarit\u00e4t, Br\u00fcderlichkeit, Humanismus&#8230;<\/h4>\n<h4><span style=\"color: #491571;\"><strong><\/strong><\/span><\/h4>\n<h4><span style=\"color: #491571;\"><strong>INNOVATION :<\/strong><\/span><\/h4>\n<h4>Das ORT ist f\u00fchrend im Angebot von Ausbildungskursen, die technische und technologische Innovationen erfordern (Informatik, Zahnersatz, Optik&#8230;.) und in der Ausstattung der Studenten mit modernsten technologischen Ressourcen, die einen qualitativ hochwertigen Unterricht erm\u00f6glichen (Computer, interaktive Tafeln usw.)<\/h4>\n<p>&nbsp;<\/p>\n<h3><span style=\"color: #491571;\"><strong>P\u00c4DAGOGISCHE EIGENSCHAFTEN :<\/strong><\/span><\/h3>\n<h4><span style=\"color: #491571;\"><strong><\/strong><\/span>ORT setzt auf qualitativ hochwertige Lehrer, die staatlich anerkannte Diplome (Agr\u00e9gation, CAPES, etc.) besitzen. Zus\u00e4tzlich nehmen diese Lehrer an Fortbildungsprogrammen teil, um sicherzustellen, dass sie immer auf dem h\u00f6chsten Leistungsniveau sind. Die meisten von ihnen sind so sehr mit der Institution verbunden, dass sie ihre Zeit au\u00dferhalb ihrer Dienstzeit nicht z\u00e4hlen.<\/h4>\n<p>&nbsp;<\/p>\n<p><span style=\"color: #491571;\"><strong><\/strong><\/span><\/p>\n<h3><span style=\"color: #491571;\"><strong>ZUSAMMENLEBEN :<\/strong><\/span><\/h3>\n<h4>Durch die Behauptung ihrer Identit\u00e4t ist die ORT eine Schule, die f\u00fcr alle offen ist und den Austausch von Kulturen und Geschichten entsprechend der Erfahrung jedes Einzelnen erm\u00f6glicht. Es erlaubt uns, extrem starke Freundschaften zu schmieden und gegen die Vorurteile der anderen zu k\u00e4mpfen.<\/h4>\n<h4>Die pers\u00f6nliche Investition und der Bildungsauftrag aller beteiligten Fachleute wird durch die aktive Unterst\u00fctzung der \u00f6ffentlichen Hand (Staat, Regionen, Departements), eines Netzwerks von Verb\u00e4nden (Lokalkomitees, Frauenkomitees, Stiftungen) und durch die st\u00e4ndig erneuerte Unterst\u00fctzung von Tausenden von Unternehmen, die jedes Jahr ihre Lehrlingssteuer an ORT zahlen, reichlich unterst\u00fctzt.<\/h4>\n<h3><span style=\"color: #491571;\"><\/span><\/h3>\n<h3><span style=\"color: #491571;\">ORT sitzt als NGO im Europ\u00e4ischen Parlament.<\/span><\/h3>\n<h3><span style=\"color: #491571;\">ORT ist in mehr als 235 Schulen &amp; Universit\u00e4ten aktiv, mit mehr als 300.000 Sch\u00fclern pro Jahr, mehr als 9000 Lehrern und 138 Jahren Erfahrung.<\/span><\/h3>\n<p>[\/et_pb_text][\/et_pb_column][\/et_pb_row][\/et_pb_section]<\/p>\n","protected":false},"excerpt":{"rendered":"<p>[et_pb_section fb_built=&#8220;1&#8243; fullwidth=&#8220;on&#8220; next_background_color=&#8220;#ffffff&#8220; disabled_on=&#8220;off|off|off&#8220; admin_label=&#8220;Hero&#8220; _builder_version=&#8220;4.9.4&#8243; background_color=&#8220;#1f1f1f&#8220; background_image=&#8220;https:\/\/ortsuisse.org\/site2\/wp-content\/uploads\/2021\/06\/image-old-scientist.jpg&#8220; parallax=&#8220;on&#8220; custom_padding=&#8220;|||&#8220; bottom_divider_style=&#8220;curve&#8220; transparent_background=&#8220;on&#8220;][et_pb_fullwidth_header title=&#8220;DIE GESCHICHTE DER WELT ORT&#8220; text_orientation=&#8220;center&#8220; background_overlay_color=&#8220;rgba(31,31,31,0.85)&#8220; subhead_font_color=&#8220;#bebebe&#8220; _builder_version=&#8220;4.9.4&#8243; title_font=&#8220;Gilroy-Regular||||||||&#8220; title_text_color=&#8220;#ffffff&#8220; title_font_size=&#8220;72px&#8220; title_line_height=&#8220;1.3em&#8220; content_font=&#8220;Montserrat||||&#8220; content_text_color=&#8220;#bfbfbf&#8220; content_font_size=&#8220;19px&#8220; content_line_height=&#8220;1.8em&#8220; subhead_font=&#8220;Montserrat||||&#8220; subhead_text_color=&#8220;#bebebe&#8220; subhead_line_height=&#8220;1.8em&#8220; background_color=&#8220;rgba(255, 255, 255, 0)&#8220; background_enable_image=&#8220;off&#8220; background_size=&#8220;contain&#8220; background_repeat=&#8220;repeat&#8220; custom_padding=&#8220;5%||5%|&#8220; animation_style=&#8220;zoom&#8220; animation_duration=&#8220;1500ms&#8220; animation_intensity_zoom=&#8220;4%&#8220; title_line_height_last_edited=&#8220;off|desktop&#8220; button_one_text_size__hover_enabled=&#8220;off&#8220; button_two_text_size__hover_enabled=&#8220;off&#8220; button_one_text_color__hover_enabled=&#8220;off&#8220; button_two_text_color__hover_enabled=&#8220;off&#8220; button_one_border_width__hover_enabled=&#8220;off&#8220; button_two_border_width__hover_enabled=&#8220;off&#8220; button_one_border_color__hover_enabled=&#8220;off&#8220; button_two_border_color__hover_enabled=&#8220;off&#8220; button_one_border_radius__hover_enabled=&#8220;off&#8220; button_two_border_radius__hover_enabled=&#8220;off&#8220; [&hellip;]<\/p>\n","protected":false},"author":2,"featured_media":0,"parent":0,"menu_order":0,"comment_status":"closed","ping_status":"closed","template":"","meta":{"give_campaign_id":0,"_et_pb_use_builder":"on","_et_pb_old_content":"","_et_gb_content_width":"","footnotes":""},"class_list":["post-1630","page","type-page","status-publish","hentry"],"campaignId":"","_links":{"self":[{"href":"https:\/\/ortsuisse.org\/site\/de\/wp-json\/wp\/v2\/pages\/1630","targetHints":{"allow":["GET"]}}],"collection":[{"href":"https:\/\/ortsuisse.org\/site\/de\/wp-json\/wp\/v2\/pages"}],"about":[{"href":"https:\/\/ortsuisse.org\/site\/de\/wp-json\/wp\/v2\/types\/page"}],"author":[{"embeddable":true,"href":"https:\/\/ortsuisse.org\/site\/de\/wp-json\/wp\/v2\/users\/2"}],"replies":[{"embeddable":true,"href":"https:\/\/ortsuisse.org\/site\/de\/wp-json\/wp\/v2\/comments?post=1630"}],"version-history":[{"count":2,"href":"https:\/\/ortsuisse.org\/site\/de\/wp-json\/wp\/v2\/pages\/1630\/revisions"}],"predecessor-version":[{"id":1633,"href":"https:\/\/ortsuisse.org\/site\/de\/wp-json\/wp\/v2\/pages\/1630\/revisions\/1633"}],"wp:attachment":[{"href":"https:\/\/ortsuisse.org\/site\/de\/wp-json\/wp\/v2\/media?parent=1630"}],"curies":[{"name":"wp","href":"https:\/\/api.w.org\/{rel}","templated":true}]}}