{"id":1634,"date":"2021-06-09T07:50:37","date_gmt":"2021-06-09T07:50:37","guid":{"rendered":"https:\/\/ortsuisse.org\/site2\/die-geschichte-des-schweizer-ortes\/"},"modified":"2021-06-23T12:36:18","modified_gmt":"2021-06-23T12:36:18","slug":"die-geschichte-des-schweizer-ortes","status":"publish","type":"page","link":"https:\/\/ortsuisse.org\/site\/de\/die-geschichte-des-schweizer-ortes\/","title":{"rendered":"DIE GESCHICHTE DES SCHWEIZER ORTES"},"content":{"rendered":"<p>[et_pb_section fb_built=&#8220;1&#8243; fullwidth=&#8220;on&#8220; next_background_color=&#8220;#ffffff&#8220; disabled_on=&#8220;off|off|off&#8220; admin_label=&#8220;Hero&#8220; _builder_version=&#8220;4.9.4&#8243; background_color=&#8220;#1f1f1f&#8220; background_image=&#8220;https:\/\/ortsuisse.org\/site2\/wp-content\/uploads\/2021\/06\/image-old-scientist.jpg&#8220; parallax=&#8220;on&#8220; custom_padding=&#8220;|||&#8220; bottom_divider_style=&#8220;curve&#8220; transparent_background=&#8220;on&#8220;][et_pb_fullwidth_header title=&#8220;DER ORT IN DER SCHWEIZ&#8220; text_orientation=&#8220;center&#8220; background_overlay_color=&#8220;rgba(31,31,31,0.85)&#8220; subhead_font_color=&#8220;#bebebe&#8220; _builder_version=&#8220;4.9.4&#8243; title_font=&#8220;Gilroy-Regular||||||||&#8220; title_text_color=&#8220;#ffffff&#8220; title_font_size=&#8220;72px&#8220; title_line_height=&#8220;1.3em&#8220; content_font=&#8220;Montserrat||||&#8220; content_text_color=&#8220;#bfbfbf&#8220; content_font_size=&#8220;19px&#8220; content_line_height=&#8220;1.8em&#8220; subhead_font=&#8220;Montserrat||||&#8220; subhead_text_color=&#8220;#bebebe&#8220; subhead_line_height=&#8220;1.8em&#8220; background_color=&#8220;rgba(255, 255, 255, 0)&#8220; background_enable_image=&#8220;off&#8220; background_size=&#8220;contain&#8220; background_repeat=&#8220;repeat&#8220; custom_padding=&#8220;5%||5%|&#8220; animation_style=&#8220;zoom&#8220; animation_duration=&#8220;1500ms&#8220; animation_intensity_zoom=&#8220;4%&#8220; title_line_height_last_edited=&#8220;off|desktop&#8220; button_one_text_size__hover_enabled=&#8220;off&#8220; button_two_text_size__hover_enabled=&#8220;off&#8220; button_one_text_color__hover_enabled=&#8220;off&#8220; button_two_text_color__hover_enabled=&#8220;off&#8220; button_one_border_width__hover_enabled=&#8220;off&#8220; button_two_border_width__hover_enabled=&#8220;off&#8220; button_one_border_color__hover_enabled=&#8220;off&#8220; button_two_border_color__hover_enabled=&#8220;off&#8220; button_one_border_radius__hover_enabled=&#8220;off&#8220; button_two_border_radius__hover_enabled=&#8220;off&#8220; button_one_letter_spacing__hover_enabled=&#8220;off&#8220; button_two_letter_spacing__hover_enabled=&#8220;off&#8220; button_one_bg_color__hover_enabled=&#8220;off&#8220; button_two_bg_color__hover_enabled=&#8220;off&#8220;][\/et_pb_fullwidth_header][\/et_pb_section][et_pb_section fb_built=&#8220;1&#8243; _builder_version=&#8220;4.9.4&#8243; _module_preset=&#8220;default&#8220;][et_pb_row _builder_version=&#8220;4.9.4&#8243; _module_preset=&#8220;default&#8220;][et_pb_column type=&#8220;4_4&#8243; _builder_version=&#8220;4.9.4&#8243; _module_preset=&#8220;default&#8220;][et_pb_text _builder_version=&#8220;4.9.4&#8243; _module_preset=&#8220;default&#8220; header_font=&#8220;|600|||||||&#8220; header_text_align=&#8220;center&#8220; header_text_color=&#8220;#491571&#8243; hover_enabled=&#8220;0&#8243; header_font_size=&#8220;38px&#8220; sticky_enabled=&#8220;0&#8243;]<\/p>\n<h1>DIE GESCHICHTE DES SCHWEIZER ORT<\/h1>\n<h1><\/h1>\n<p>[\/et_pb_text][\/et_pb_column][\/et_pb_row][et_pb_row _builder_version=&#8220;4.9.4&#8243; _module_preset=&#8220;default&#8220;][et_pb_column type=&#8220;4_4&#8243; _builder_version=&#8220;4.9.4&#8243; _module_preset=&#8220;default&#8220;][et_pb_text _builder_version=&#8220;4.9.4&#8243; _module_preset=&#8220;default&#8220; header_2_text_color=&#8220;#491571&#8243; hover_enabled=&#8220;0&#8243; header_font_size=&#8220;42px&#8220; header_2_font_size=&#8220;30px&#8220; sticky_enabled=&#8220;0&#8243; text_font_size=&#8220;17px&#8220;]<\/p>\n<p>ORT Schweiz ist ein unabh\u00e4ngiges Mitglied von ORT Worldwide und unterst\u00fctzt dessen Initiativen und Projekte in allen L\u00e4ndern, in denen ORT aktiv ist.<\/p>\n<p>In der Schweiz gibt es vier lokale Komitees, in Basel, Bern, Genf und Z\u00fcrich.<\/p>\n<p>Ihre gemeinsame Aufgabe ist es, den ORT und seine Arbeit bekannt zu machen und Mittel zur Unterst\u00fctzung seiner Aktionen zu sammeln. Jedes Komitee organisiert seine Aktivit\u00e4ten unter Ber\u00fccksichtigung lokaler Befindlichkeiten und w\u00e4hlt die von ihm unterst\u00fctzten Projekte unter den von ORT Mondiale vorgeschlagenen aus.<\/p>\n<p>Dazu bedient sich jedes Komitee der Mittel seiner Wahl, z.B.: Organisation von Dinnershows, Konzert-Brunch, Bridgeturnieren, Sportveranstaltungen, etc.<\/p>\n<p>ORT Schweiz m\u00f6chte eine echte Beziehung und einen echten Kontakt zwischen den Nutznie\u00dfern der Projekte und denen, die sie erm\u00f6glichen&#8230;<\/p>\n<p>ORT Schweiz ist stolz auf seinen Pr\u00e4sidenten, Herrn Marc de Gunzburg, seine Vizepr\u00e4sidenten, Herrn Leopold Metzger und Philippe Nordmann, der das Amt des Pr\u00e4sidenten sechs sehr arbeitsreiche Jahre lang innehatte. Er \u00fcbergab den Platz an Herrn Robert Equey, der diese Rolle 14 Jahre lang mit gro\u00dfem Erfolg ausge\u00fcbt hatte.<\/p>\n<h2><\/h2>\n<h2><\/h2>\n<h2><\/h2>\n<h2><\/h2>\n<h2><\/h2>\n<h2>Frau Jacqueline Maus<\/h2>\n<p>&nbsp;<\/p>\n<p>Jacqueline Maus (Egger) wurde am 7. M\u00e4rz 1910 in Paris geboren.<\/p>\n<p>Sie starb am 12. September 1995 in ihrem Haus in Cologny (Genf).<\/p>\n<p><a href=\"https:\/\/ortsuisse.org\/site2\/de\/ort-suisse-suzanne-maus\/\"><img loading=\"lazy\" decoding=\"async\" src=\"https:\/\/ortsuisse.org\/site2\/wp-content\/uploads\/2021\/06\/ORT-Suisse-Suzanne-Maus-150x150.jpg\" width=\"174\" height=\"174\" alt=\"\" class=\"wp-image-1208 alignleft size-thumbnail\"><\/a><\/p>\n<p>Im Alter von 18 Jahren lernte sie w\u00e4hrend eines Urlaubs in der Schweiz Andr\u00e9 Maus kennen, der ihr sp\u00e4terer Ehemann werden sollte. Sie hatten drei S\u00f6hne, Jacques, Bertrand und Olivier. Von einem sehr jungen Alter an k\u00f6nnen wir sehen, dass sie eine sehr starke Pers\u00f6nlichkeit hat.<\/p>\n<p>Seine Eigenwilligkeit wird mit der Zeit immer ausgepr\u00e4gter werden und er wird ber\u00fchmt werden.<\/p>\n<p> Sehr sportlich, war sie Kapit\u00e4nin des Damenteams des Genfer Golfclubs. Sie nimmt auch an zahlreichen Regatten auf dem Genfer See teil, am Steuer ihres Segelbootes.<\/p>\n<p>Im Alter von 16 Jahren wurde sie in das Bridge-Spiel eingeweiht und wurde eine Meisterin auf diesem Gebiet. Sie war Mitglied der Bridge-Nationalmannschaft, als Madeleine Bigar, Pr\u00e4sidentin des ORT F\u00e9minin, sie 1956 bat, das j\u00e4hrliche ORT-Turnier zu organisieren. Jacqueline Maus nimmt an und wird sehr schnell ein internationales Turnier daraus machen.<\/p>\n<p>Dies ist ihr erstes Mal bei ORT. 1960 wurde sie von Max Braude, dem damaligen Generaldirektor von ORT Mondiale, gebeten, die Pr\u00e4sidentschaft von ORT F\u00e9minin Suisse zu \u00fcbernehmen, ein Vorschlag, den sie annahm. Im Jahr 1973 wurde sie Pr\u00e4sidentin von ORT Schweiz. Und vier Jahre sp\u00e4ter, 1977, wurde sie zur Vizepr\u00e4sidentin von ORT Mondiale und zum Mitglied des Verwaltungsausschusses gew\u00e4hlt.<\/p>\n<p>Dem Staat Israel sehr verbunden, ist sie in mehreren j\u00fcdischen Organisationen aktiv, aber es ist der ORT, dem sie den gr\u00f6\u00dften Teil ihrer Zeit, Energie, Kreativit\u00e4t und Sachlichkeit widmet.<\/p>\n<p>Sie entwickelt ORT Schweiz zu einer der erfolgreichsten ORT-Organisationen, was das Fundraising angeht. Nach 39 Jahren Arbeit verl\u00e4sst sie den ORT mit einem beachtlichen Eindruck und einer von R\u00fchrung und Dankbarkeit gepr\u00e4gten Erinnerung.<\/p>\n<p>[\/et_pb_text][\/et_pb_column][\/et_pb_row][\/et_pb_section]<\/p>\n","protected":false},"excerpt":{"rendered":"<p>[et_pb_section fb_built=&#8220;1&#8243; fullwidth=&#8220;on&#8220; next_background_color=&#8220;#ffffff&#8220; disabled_on=&#8220;off|off|off&#8220; admin_label=&#8220;Hero&#8220; _builder_version=&#8220;4.9.4&#8243; background_color=&#8220;#1f1f1f&#8220; background_image=&#8220;https:\/\/ortsuisse.org\/site2\/wp-content\/uploads\/2021\/06\/image-old-scientist.jpg&#8220; parallax=&#8220;on&#8220; custom_padding=&#8220;|||&#8220; bottom_divider_style=&#8220;curve&#8220; transparent_background=&#8220;on&#8220;][et_pb_fullwidth_header title=&#8220;DER ORT IN DER SCHWEIZ&#8220; text_orientation=&#8220;center&#8220; background_overlay_color=&#8220;rgba(31,31,31,0.85)&#8220; subhead_font_color=&#8220;#bebebe&#8220; _builder_version=&#8220;4.9.4&#8243; title_font=&#8220;Gilroy-Regular||||||||&#8220; title_text_color=&#8220;#ffffff&#8220; title_font_size=&#8220;72px&#8220; title_line_height=&#8220;1.3em&#8220; content_font=&#8220;Montserrat||||&#8220; content_text_color=&#8220;#bfbfbf&#8220; content_font_size=&#8220;19px&#8220; content_line_height=&#8220;1.8em&#8220; subhead_font=&#8220;Montserrat||||&#8220; subhead_text_color=&#8220;#bebebe&#8220; subhead_line_height=&#8220;1.8em&#8220; background_color=&#8220;rgba(255, 255, 255, 0)&#8220; background_enable_image=&#8220;off&#8220; background_size=&#8220;contain&#8220; background_repeat=&#8220;repeat&#8220; custom_padding=&#8220;5%||5%|&#8220; animation_style=&#8220;zoom&#8220; animation_duration=&#8220;1500ms&#8220; animation_intensity_zoom=&#8220;4%&#8220; title_line_height_last_edited=&#8220;off|desktop&#8220; button_one_text_size__hover_enabled=&#8220;off&#8220; button_two_text_size__hover_enabled=&#8220;off&#8220; button_one_text_color__hover_enabled=&#8220;off&#8220; button_two_text_color__hover_enabled=&#8220;off&#8220; button_one_border_width__hover_enabled=&#8220;off&#8220; button_two_border_width__hover_enabled=&#8220;off&#8220; button_one_border_color__hover_enabled=&#8220;off&#8220; button_two_border_color__hover_enabled=&#8220;off&#8220; button_one_border_radius__hover_enabled=&#8220;off&#8220; button_two_border_radius__hover_enabled=&#8220;off&#8220; [&hellip;]<\/p>\n","protected":false},"author":2,"featured_media":0,"parent":0,"menu_order":0,"comment_status":"closed","ping_status":"closed","template":"","meta":{"give_campaign_id":0,"_et_pb_use_builder":"on","_et_pb_old_content":"","_et_gb_content_width":"","footnotes":""},"class_list":["post-1634","page","type-page","status-publish","hentry"],"campaignId":"","_links":{"self":[{"href":"https:\/\/ortsuisse.org\/site\/de\/wp-json\/wp\/v2\/pages\/1634","targetHints":{"allow":["GET"]}}],"collection":[{"href":"https:\/\/ortsuisse.org\/site\/de\/wp-json\/wp\/v2\/pages"}],"about":[{"href":"https:\/\/ortsuisse.org\/site\/de\/wp-json\/wp\/v2\/types\/page"}],"author":[{"embeddable":true,"href":"https:\/\/ortsuisse.org\/site\/de\/wp-json\/wp\/v2\/users\/2"}],"replies":[{"embeddable":true,"href":"https:\/\/ortsuisse.org\/site\/de\/wp-json\/wp\/v2\/comments?post=1634"}],"version-history":[{"count":4,"href":"https:\/\/ortsuisse.org\/site\/de\/wp-json\/wp\/v2\/pages\/1634\/revisions"}],"predecessor-version":[{"id":1641,"href":"https:\/\/ortsuisse.org\/site\/de\/wp-json\/wp\/v2\/pages\/1634\/revisions\/1641"}],"wp:attachment":[{"href":"https:\/\/ortsuisse.org\/site\/de\/wp-json\/wp\/v2\/media?parent=1634"}],"curies":[{"name":"wp","href":"https:\/\/api.w.org\/{rel}","templated":true}]}}