{"id":1540,"date":"2021-06-22T14:59:38","date_gmt":"2021-06-22T14:59:38","guid":{"rendered":"https:\/\/ortsuisse.org\/site2\/fai-una-donazione-online\/"},"modified":"2021-06-22T14:59:40","modified_gmt":"2021-06-22T14:59:40","slug":"fai-una-donazione-online","status":"publish","type":"page","link":"https:\/\/ortsuisse.org\/site\/it\/fai-una-donazione-online\/","title":{"rendered":"Fai una donazione online"},"content":{"rendered":"<p>[et_pb_section fb_built=&#8221;1&#8243; fullwidth=&#8221;on&#8221; next_background_color=&#8221;#ffffff&#8221; disabled_on=&#8221;off|off|off&#8221; admin_label=&#8221;Hero&#8221; _builder_version=&#8221;4.9.4&#8243; background_color=&#8221;RGBA(0,0,0,0)&#8221; background_enable_image=&#8221;off&#8221; background_size=&#8221;contain&#8221; background_repeat=&#8221;repeat&#8221; custom_padding=&#8221;|||&#8221; bottom_divider_style=&#8221;curve&#8221; transparent_background=&#8221;on&#8221;][et_pb_fullwidth_header title=&#8221;@ET-DC@eyJkeW5hbWljIjp0cnVlLCJjb250ZW50IjoicG9zdF90aXRsZSIsInNldHRpbmdzIjp7ImJlZm9yZSI6IiIsImFmdGVyIjoiIn19@&#8221; text_orientation=&#8221;center&#8221; background_overlay_color=&#8221;rgba(73,21,113,0.76)&#8221; subhead_font_color=&#8221;#bebebe&#8221; _builder_version=&#8221;4.9.4&#8243; _dynamic_attributes=&#8221;title&#8221; title_font=&#8221;Gilroy-Regular||||||||&#8221; title_text_color=&#8221;#ffffff&#8221; title_font_size=&#8221;72px&#8221; title_line_height=&#8221;1.3em&#8221; content_font=&#8221;Montserrat||||&#8221; content_text_color=&#8221;#bfbfbf&#8221; content_font_size=&#8221;19px&#8221; content_line_height=&#8221;1.8em&#8221; subhead_font=&#8221;Montserrat||||&#8221; subhead_text_color=&#8221;#bebebe&#8221; subhead_line_height=&#8221;1.8em&#8221; background_color=&#8221;RGBA(0,0,0,0)&#8221; background_image=&#8221;https:\/\/ortsuisse.org\/site2\/wp-content\/uploads\/2021\/06\/ortsuisse-cheval.jpeg&#8221; background_size=&#8221;contain&#8221; background_repeat=&#8221;repeat&#8221; custom_padding=&#8221;5%||5%|&#8221; animation_style=&#8221;zoom&#8221; animation_duration=&#8221;1500ms&#8221; animation_intensity_zoom=&#8221;4%&#8221; title_line_height_last_edited=&#8221;off|desktop&#8221; button_one_text_size__hover_enabled=&#8221;off&#8221; button_two_text_size__hover_enabled=&#8221;off&#8221; button_one_text_color__hover_enabled=&#8221;off&#8221; button_two_text_color__hover_enabled=&#8221;off&#8221; button_one_border_width__hover_enabled=&#8221;off&#8221; button_two_border_width__hover_enabled=&#8221;off&#8221; button_one_border_color__hover_enabled=&#8221;off&#8221; button_two_border_color__hover_enabled=&#8221;off&#8221; button_one_border_radius__hover_enabled=&#8221;off&#8221; button_two_border_radius__hover_enabled=&#8221;off&#8221; button_one_letter_spacing__hover_enabled=&#8221;off&#8221; button_two_letter_spacing__hover_enabled=&#8221;off&#8221; button_one_bg_color__hover_enabled=&#8221;off&#8221; button_two_bg_color__hover_enabled=&#8221;off&#8221;][\/et_pb_fullwidth_header][\/et_pb_section][et_pb_section fb_built=&#8221;1&#8243; _builder_version=&#8221;4.9.4&#8243; _module_preset=&#8221;default&#8221;][et_pb_row _builder_version=&#8221;4.9.4&#8243; _module_preset=&#8221;default&#8221;][et_pb_column type=&#8221;4_4&#8243; _builder_version=&#8221;4.9.4&#8243; _module_preset=&#8221;default&#8221;][et_pb_text _builder_version=&#8221;4.9.4&#8243; _module_preset=&#8221;default&#8221; text_text_color=&#8221;#FFFFFF&#8221; text_font_size=&#8221;43px&#8221; background_color=&#8221;#491571&#8243; text_orientation=&#8221;center&#8221; max_width=&#8221;100%&#8221; height=&#8221;1000px&#8221; max_height=&#8221;87px&#8221; custom_padding=&#8221;31px||||false|false&#8221;]<\/p>\n<p>Il mio regalo<\/p>\n<p>[\/et_pb_text][\/et_pb_column][\/et_pb_row][et_pb_row _builder_version=&#8221;4.9.4&#8243; _module_preset=&#8221;default&#8221;][et_pb_column type=&#8221;4_4&#8243; _builder_version=&#8221;4.9.4&#8243; _module_preset=&#8221;default&#8221;][et_pb_contact_form captcha=&#8221;off&#8221; email=&#8221;info@ortsuisse.org&#8221; submit_button_text=&#8221;DONO ORA&#8221; _builder_version=&#8221;4.9.4&#8243; _module_preset=&#8221;default&#8221; custom_button=&#8221;on&#8221; button_text_size=&#8221;22px&#8221; button_bg_color=&#8221;#C1F76F&#8221; button_border_width=&#8221;0px&#8221; button_border_radius=&#8221;0px&#8221; hover_enabled=&#8221;0&#8243; sticky_enabled=&#8221;0&#8243;][et_pb_contact_field field_id=&#8221;Montant_du_don_2&#8243; field_title=&#8221;Importo della donazione:&#8221; field_type=&#8221;checkbox&#8221; checkbox_options=&#8221;%91{%22value%22:%2225 CHF%22,%22checked%22:0,%22dragID%22:-1},{%22value%22:%2250 CHF%22,%22checked%22:0,%22dragID%22:0},{%22value%22:%22100 CHF%22,%22checked%22:0,%22dragID%22:1},{%22value%22:%22200 CHF%22,%22checked%22:0,%22dragID%22:2},{%22value%22:%22Altro importo%22,%22checked%22:0,%22dragID%22:3}%93&#8243; _builder_version=&#8221;4.9.4&#8243; form_field_font_size=&#8221;16px&#8221; text_orientation=&#8221;left&#8221; button_text_size__hover_enabled=&#8221;off&#8221; button_one_text_size__hover_enabled=&#8221;off&#8221; button_two_text_size__hover_enabled=&#8221;off&#8221; button_text_color__hover_enabled=&#8221;off&#8221; button_one_text_color__hover_enabled=&#8221;off&#8221; button_two_text_color__hover_enabled=&#8221;off&#8221; button_border_width__hover_enabled=&#8221;off&#8221; button_one_border_width__hover_enabled=&#8221;off&#8221; button_two_border_width__hover_enabled=&#8221;off&#8221; button_border_color__hover_enabled=&#8221;off&#8221; button_one_border_color__hover_enabled=&#8221;off&#8221; button_two_border_color__hover_enabled=&#8221;off&#8221; button_border_radius__hover_enabled=&#8221;off&#8221; button_one_border_radius__hover_enabled=&#8221;off&#8221; button_two_border_radius__hover_enabled=&#8221;off&#8221; button_letter_spacing__hover_enabled=&#8221;off&#8221; button_one_letter_spacing__hover_enabled=&#8221;off&#8221; button_two_letter_spacing__hover_enabled=&#8221;off&#8221; button_bg_color__hover_enabled=&#8221;off&#8221; button_one_bg_color__hover_enabled=&#8221;off&#8221; button_two_bg_color__hover_enabled=&#8221;off&#8221;][\/et_pb_contact_field][et_pb_contact_field field_id=&#8221;R\u00e9silier_le_don&#8221; field_title=&#8221;Annullare la donazione ogni :&#8221; field_type=&#8221;checkbox&#8221; checkbox_options=&#8221;%91{%22value%22:%22Giorni%22,%22checked%22:0,%22dragID%22:-1},{%22value%22:%22Settimane%22,%22checked%22:0,%22dragID%22:0},{%22value%22:%22Mese%22,%22checked%22:0,%22dragID%22:1},{%22value%22:%22Anni%22,%22checked%22:0,%22dragID%22:2},{%22value%22:%22Donazione unica%22,%22checked%22:0,%22dragID%22:3}%93&#8243; _builder_version=&#8221;4.9.4&#8243; form_field_focus_text_color=&#8221;#FFFFFF&#8221; form_field_font_size=&#8221;16px&#8221; button_text_size__hover_enabled=&#8221;off&#8221; button_one_text_size__hover_enabled=&#8221;off&#8221; button_two_text_size__hover_enabled=&#8221;off&#8221; button_text_color__hover_enabled=&#8221;off&#8221; button_one_text_color__hover_enabled=&#8221;off&#8221; button_two_text_color__hover_enabled=&#8221;off&#8221; button_border_width__hover_enabled=&#8221;off&#8221; button_one_border_width__hover_enabled=&#8221;off&#8221; button_two_border_width__hover_enabled=&#8221;off&#8221; button_border_color__hover_enabled=&#8221;off&#8221; button_one_border_color__hover_enabled=&#8221;off&#8221; button_two_border_color__hover_enabled=&#8221;off&#8221; button_border_radius__hover_enabled=&#8221;off&#8221; button_one_border_radius__hover_enabled=&#8221;off&#8221; button_two_border_radius__hover_enabled=&#8221;off&#8221; button_letter_spacing__hover_enabled=&#8221;off&#8221; button_one_letter_spacing__hover_enabled=&#8221;off&#8221; button_two_letter_spacing__hover_enabled=&#8221;off&#8221; button_bg_color__hover_enabled=&#8221;off&#8221; button_one_bg_color__hover_enabled=&#8221;off&#8221; button_two_bg_color__hover_enabled=&#8221;off&#8221;][\/et_pb_contact_field][et_pb_contact_field field_id=&#8221;Montant_du_Don&#8221; field_title=&#8221;Importo della donazione se altro&#8221; allowed_symbols=&#8221;numbers&#8221; required_mark=&#8221;off&#8221; conditional_logic=&#8221;on&#8221; conditional_logic_rules=&#8221;%91{%22field%22:%22montant_du_don_2%22,%22condition%22:%22is%22,%22value%22:%22Autre Montant%22}%93&#8243; _builder_version=&#8221;4.9.4&#8243; max_width=&#8221;20%&#8221; button_text_size__hover_enabled=&#8221;off&#8221; button_one_text_size__hover_enabled=&#8221;off&#8221; button_two_text_size__hover_enabled=&#8221;off&#8221; button_text_color__hover_enabled=&#8221;off&#8221; button_one_text_color__hover_enabled=&#8221;off&#8221; button_two_text_color__hover_enabled=&#8221;off&#8221; button_border_width__hover_enabled=&#8221;off&#8221; button_one_border_width__hover_enabled=&#8221;off&#8221; button_two_border_width__hover_enabled=&#8221;off&#8221; button_border_color__hover_enabled=&#8221;off&#8221; button_one_border_color__hover_enabled=&#8221;off&#8221; button_two_border_color__hover_enabled=&#8221;off&#8221; button_border_radius__hover_enabled=&#8221;off&#8221; button_one_border_radius__hover_enabled=&#8221;off&#8221; button_two_border_radius__hover_enabled=&#8221;off&#8221; button_letter_spacing__hover_enabled=&#8221;off&#8221; button_one_letter_spacing__hover_enabled=&#8221;off&#8221; button_two_letter_spacing__hover_enabled=&#8221;off&#8221; button_bg_color__hover_enabled=&#8221;off&#8221; button_one_bg_color__hover_enabled=&#8221;off&#8221; button_two_bg_color__hover_enabled=&#8221;off&#8221;][\/et_pb_contact_field][et_pb_contact_field field_id=&#8221;Mode_de_Paiement&#8221; field_title=&#8221;Metodo di pagamento&#8221; field_type=&#8221;checkbox&#8221; checkbox_options=&#8221;%91{%22value%22:%22Bonifico bancario%22,%22checked%22:0,%22dragID%22:-1},{%22value%22:%22Carta di credito &#8211; via Sripe%22,%22checked%22:0,%22dragID%22:0},{%22value%22:%22PayPal%22,%22checked%22:0,%22dragID%22:1}%93&#8243; fullwidth_field=&#8221;on&#8221; _builder_version=&#8221;4.9.4&#8243; _module_preset=&#8221;default&#8221; background_color=&#8221;#FFFFFF&#8221; background_enable_color=&#8221;on&#8221;][\/et_pb_contact_field][et_pb_contact_field field_id=&#8221;Titre&#8221; field_title=&#8221;Titolo&#8221; field_type=&#8221;select&#8221; select_options=&#8221;%91{%22value%22:%22Sig.%22,%22checked%22:0,%22dragID%22:-1},{%22value%22:%22Sig.ra.%22,%22checked%22:0,%22dragID%22:0}%93&#8243; fullwidth_field=&#8221;on&#8221; _builder_version=&#8221;4.9.4&#8243; _module_preset=&#8221;default&#8221; max_width=&#8221;20%&#8221;][\/et_pb_contact_field][et_pb_contact_field field_id=&#8221;Pr\u00e9nom&#8221; field_title=&#8221;Nome&#8221; _builder_version=&#8221;4.9.4&#8243; _module_preset=&#8221;default&#8221;][\/et_pb_contact_field][et_pb_contact_field field_id=&#8221;Nom&#8221; field_title=&#8221;Nome&#8221; _builder_version=&#8221;4.9.4&#8243; _module_preset=&#8221;default&#8221;][\/et_pb_contact_field][et_pb_contact_field field_id=&#8221;Je_fais_un_don_au_nom_d&#8217;une_organisation_ou_soci\u00e9t\u00e9&#8221; field_title=&#8221;Sto facendo una donazione a nome di un&#8217;organizzazione o di un&#8217;azienda&#8221; field_type=&#8221;checkbox&#8221; checkbox_options=&#8221;%91{%22value%22:%22Sto facendo una donazione a nome di un&#8217;organizzazione o di un&#8217;azienda%22,%22checked%22:0,%22dragID%22:-1}%93&#8243; required_mark=&#8221;off&#8221; fullwidth_field=&#8221;on&#8221; _builder_version=&#8221;4.9.4&#8243; _module_preset=&#8221;default&#8221; form_field_focus_background_color=&#8221;#FFFFFF&#8221; form_field_focus_text_color=&#8221;#FFFFFF&#8221; text_orientation=&#8221;left&#8221;][\/et_pb_contact_field][et_pb_contact_field field_id=&#8221;Nom_de_la_soci\u00e9t\u00e9&#8221; field_title=&#8221;Nome dell&#8217;azienda&#8221; fullwidth_field=&#8221;on&#8221; conditional_logic=&#8221;on&#8221; conditional_logic_rules=&#8221;%91{%22field%22:%22je_fais_un_don_au_nom_d&#8217;une_organisation_ou_soci\u00e9t\u00e9%22,%22condition%22:%22is%22,%22value%22:%22Je fais un don au nom d&#8217;une organisation ou soci\u00e9t\u00e9%22}%93&#8243; _builder_version=&#8221;4.9.4&#8243; _module_preset=&#8221;default&#8221;][\/et_pb_contact_field][et_pb_contact_field field_id=&#8221;adresse_e-mail&#8221; field_title=&#8221;indirizzo e-mail&#8221; field_type=&#8221;email&#8221; fullwidth_field=&#8221;on&#8221; _builder_version=&#8221;4.9.4&#8243; _module_preset=&#8221;default&#8221;][\/et_pb_contact_field][et_pb_contact_field field_id=&#8221;Pays&#8221; field_title=&#8221;Paese&#8221; fullwidth_field=&#8221;on&#8221; _builder_version=&#8221;4.9.4&#8243; _module_preset=&#8221;default&#8221;][\/et_pb_contact_field][et_pb_contact_field field_id=&#8221;Adresse_1&#8243; field_title=&#8221;Indirizzo 1&#8243; fullwidth_field=&#8221;on&#8221; _builder_version=&#8221;4.9.4&#8243; _module_preset=&#8221;default&#8221;][\/et_pb_contact_field][et_pb_contact_field field_id=&#8221;Adresse_2&#8243; field_title=&#8221;Indirizzo 2&#8243; required_mark=&#8221;off&#8221; fullwidth_field=&#8221;on&#8221; _builder_version=&#8221;4.9.4&#8243; _module_preset=&#8221;default&#8221;][\/et_pb_contact_field][et_pb_contact_field field_id=&#8221;Ville&#8221; field_title=&#8221;Citt\u00e0&#8221; fullwidth_field=&#8221;on&#8221; _builder_version=&#8221;4.9.4&#8243; _module_preset=&#8221;default&#8221;][\/et_pb_contact_field][et_pb_contact_field field_id=&#8221;Code_postal&#8221; field_title=&#8221;Codice postale&#8221; fullwidth_field=&#8221;on&#8221; _builder_version=&#8221;4.9.4&#8243; _module_preset=&#8221;default&#8221;][\/et_pb_contact_field][et_pb_contact_field field_id=&#8221;Numero_de_carte&#8221; field_title=&#8221;Numero di carta&#8221; conditional_logic=&#8221;on&#8221; conditional_logic_rules=&#8221;%91{%22field%22:%22mode_de_paiement%22,%22condition%22:%22is%22,%22value%22:%22Carte de Cr\u00e9dit &#8211; via Sripe%22}%93&#8243; _builder_version=&#8221;4.9.4&#8243; _module_preset=&#8221;default&#8221;][\/et_pb_contact_field][et_pb_contact_field field_id=&#8221;CVC&#8221; field_title=&#8221;CVC&#8221; min_length=&#8221;3&#8243; max_length=&#8221;3&#8243; allowed_symbols=&#8221;numbers&#8221; conditional_logic=&#8221;on&#8221; conditional_logic_rules=&#8221;%91{%22field%22:%22mode_de_paiement%22,%22condition%22:%22is%22,%22value%22:%22Carte de Cr\u00e9dit &#8211; via Sripe%22}%93&#8243; _builder_version=&#8221;4.9.4&#8243; _module_preset=&#8221;default&#8221;][\/et_pb_contact_field][et_pb_contact_field field_id=&#8221;Nom_sur_la_carte&#8221; field_title=&#8221;Nome sulla carta&#8221; conditional_logic=&#8221;on&#8221; conditional_logic_rules=&#8221;%91{%22field%22:%22mode_de_paiement%22,%22condition%22:%22is%22,%22value%22:%22Carte de Cr\u00e9dit &#8211; via Sripe%22}%93&#8243; _builder_version=&#8221;4.9.4&#8243; _module_preset=&#8221;default&#8221;][\/et_pb_contact_field][et_pb_contact_field field_id=&#8221;MM\/AA&#8221; field_title=&#8221;MM\/AA&#8221; min_length=&#8221;5&#8243; max_length=&#8221;5&#8243; conditional_logic=&#8221;on&#8221; conditional_logic_rules=&#8221;%91{%22field%22:%22mode_de_paiement%22,%22condition%22:%22is%22,%22value%22:%22Carte de Cr\u00e9dit &#8211; via Sripe%22}%93&#8243; _builder_version=&#8221;4.9.4&#8243; _module_preset=&#8221;default&#8221;][\/et_pb_contact_field][\/et_pb_contact_form][et_pb_divider _builder_version=&#8221;4.9.4&#8243; _module_preset=&#8221;default&#8221;][\/et_pb_divider][et_pb_text _builder_version=&#8221;4.9.4&#8243; _module_preset=&#8221;default&#8221; header_text_color=&#8221;#491571&#8243; header_2_text_color=&#8221;#491571&#8243;]<\/p>\n<h2 class=\"transfer-title\">INFORMAZIONI SUL TRASFERIMENTO BANCARIO<\/h2>\n<p>Caro donatore,<\/p>\n<p>Vi ringraziamo per il vostro impegno.<\/p>\n<p>Per effettuare un bonifico bancario, ti chiediamo di seguire le istruzioni qui sotto:<\/p>\n<ol>\n<li><a href=\"https:\/\/ortsuisse.org\/site\/wp-content\/uploads\/2018\/08\/ORT-Suisse-BVR.pdf\" target=\"_blank\" rel=\"noopener\">Scarica la ricevuta di pagamento<\/a><\/li>\n<li>Fai il tuo trasferimento inserendo le coordinate bancarie sul documento.<\/li>\n<\/ol>\n<p><span><strong>Association <\/strong><em><strong>ORT Suisse<\/strong><\/em><\/span><\/p>\n<p><span>1, rue <i>de Varemb\u00e9<\/i><em><br \/><\/em>CH &#8211; <em>1202 Gen\u00e8ve<\/em><\/span><\/p>\n<p><span>www.ortsuisse.org<\/span><br \/><span>office@ortsuisse.org<\/span><\/p>\n<p>Qualsiasi contributo \u00e8 apprezzato perch\u00e9 \u00e8 fondamentale per i nostri beneficiari in formazione.<\/p>\n<p>Inoltre, come organizzazione di pubblica utilit\u00e0 riconosciuta dalle autorit\u00e0 del Cantone di Ginevra, la vostra donazione sar\u00e0 oggetto di un certificato fiscale e sar\u00e0 quindi deducibile sulla vostra dichiarazione dei redditi.<\/p>\n<p>Vi ringraziamo sinceramente per la vostra generosit\u00e0.<\/p>\n<p>Con i nostri grati saluti,<\/p>\n<p>Il comitato esecutivo<\/p>\n<p>Association ORT Suisse<br \/>1, rue de Varemb\u00e9<br \/>CH &#8211; 1202 Ginevra<br \/>Suisse<\/p>\n<p>[\/et_pb_text][\/et_pb_column][\/et_pb_row][\/et_pb_section]<\/p>\n","protected":false},"excerpt":{"rendered":"<p>[et_pb_section fb_built=&#8221;1&#8243; fullwidth=&#8221;on&#8221; next_background_color=&#8221;#ffffff&#8221; disabled_on=&#8221;off|off|off&#8221; admin_label=&#8221;Hero&#8221; _builder_version=&#8221;4.9.4&#8243; background_color=&#8221;RGBA(0,0,0,0)&#8221; background_enable_image=&#8221;off&#8221; background_size=&#8221;contain&#8221; background_repeat=&#8221;repeat&#8221; custom_padding=&#8221;|||&#8221; bottom_divider_style=&#8221;curve&#8221; transparent_background=&#8221;on&#8221;][et_pb_fullwidth_header title=&#8221;@ET-DC@eyJkeW5hbWljIjp0cnVlLCJjb250ZW50IjoicG9zdF90aXRsZSIsInNldHRpbmdzIjp7ImJlZm9yZSI6IiIsImFmdGVyIjoiIn19@&#8221; text_orientation=&#8221;center&#8221; background_overlay_color=&#8221;rgba(73,21,113,0.76)&#8221; subhead_font_color=&#8221;#bebebe&#8221; _builder_version=&#8221;4.9.4&#8243; _dynamic_attributes=&#8221;title&#8221; title_font=&#8221;Gilroy-Regular||||||||&#8221; title_text_color=&#8221;#ffffff&#8221; title_font_size=&#8221;72px&#8221; title_line_height=&#8221;1.3em&#8221; content_font=&#8221;Montserrat||||&#8221; content_text_color=&#8221;#bfbfbf&#8221; content_font_size=&#8221;19px&#8221; content_line_height=&#8221;1.8em&#8221; subhead_font=&#8221;Montserrat||||&#8221; subhead_text_color=&#8221;#bebebe&#8221; subhead_line_height=&#8221;1.8em&#8221; background_color=&#8221;RGBA(0,0,0,0)&#8221; background_image=&#8221;https:\/\/ortsuisse.org\/site2\/wp-content\/uploads\/2021\/06\/ortsuisse-cheval.jpeg&#8221; background_size=&#8221;contain&#8221; background_repeat=&#8221;repeat&#8221; custom_padding=&#8221;5%||5%|&#8221; animation_style=&#8221;zoom&#8221; animation_duration=&#8221;1500ms&#8221; animation_intensity_zoom=&#8221;4%&#8221; title_line_height_last_edited=&#8221;off|desktop&#8221; button_one_text_size__hover_enabled=&#8221;off&#8221; button_two_text_size__hover_enabled=&#8221;off&#8221; button_one_text_color__hover_enabled=&#8221;off&#8221; button_two_text_color__hover_enabled=&#8221;off&#8221; button_one_border_width__hover_enabled=&#8221;off&#8221; button_two_border_width__hover_enabled=&#8221;off&#8221; button_one_border_color__hover_enabled=&#8221;off&#8221; button_two_border_color__hover_enabled=&#8221;off&#8221; button_one_border_radius__hover_enabled=&#8221;off&#8221; button_two_border_radius__hover_enabled=&#8221;off&#8221; button_one_letter_spacing__hover_enabled=&#8221;off&#8221; button_two_letter_spacing__hover_enabled=&#8221;off&#8221; button_one_bg_color__hover_enabled=&#8221;off&#8221; button_two_bg_color__hover_enabled=&#8221;off&#8221;][\/et_pb_fullwidth_header][\/et_pb_section][et_pb_section fb_built=&#8221;1&#8243; [&hellip;]<\/p>\n","protected":false},"author":2,"featured_media":0,"parent":0,"menu_order":0,"comment_status":"closed","ping_status":"closed","template":"","meta":{"give_campaign_id":0,"_et_pb_use_builder":"on","_et_pb_old_content":"","_et_gb_content_width":"","footnotes":""},"class_list":["post-1540","page","type-page","status-publish","hentry"],"campaignId":"","_links":{"self":[{"href":"https:\/\/ortsuisse.org\/site\/it\/wp-json\/wp\/v2\/pages\/1540","targetHints":{"allow":["GET"]}}],"collection":[{"href":"https:\/\/ortsuisse.org\/site\/it\/wp-json\/wp\/v2\/pages"}],"about":[{"href":"https:\/\/ortsuisse.org\/site\/it\/wp-json\/wp\/v2\/types\/page"}],"author":[{"embeddable":true,"href":"https:\/\/ortsuisse.org\/site\/it\/wp-json\/wp\/v2\/users\/2"}],"replies":[{"embeddable":true,"href":"https:\/\/ortsuisse.org\/site\/it\/wp-json\/wp\/v2\/comments?post=1540"}],"version-history":[{"count":2,"href":"https:\/\/ortsuisse.org\/site\/it\/wp-json\/wp\/v2\/pages\/1540\/revisions"}],"predecessor-version":[{"id":1545,"href":"https:\/\/ortsuisse.org\/site\/it\/wp-json\/wp\/v2\/pages\/1540\/revisions\/1545"}],"wp:attachment":[{"href":"https:\/\/ortsuisse.org\/site\/it\/wp-json\/wp\/v2\/media?parent=1540"}],"curies":[{"name":"wp","href":"https:\/\/api.w.org\/{rel}","templated":true}]}}