{"id":1596,"date":"2021-06-09T07:51:37","date_gmt":"2021-06-09T07:51:37","guid":{"rendered":"https:\/\/ortsuisse.org\/site2\/la-squadra\/"},"modified":"2021-06-25T07:20:32","modified_gmt":"2021-06-25T07:20:32","slug":"la-squadra","status":"publish","type":"page","link":"https:\/\/ortsuisse.org\/site\/it\/la-squadra\/","title":{"rendered":"LA SQUADRA"},"content":{"rendered":"<p>[et_pb_section fb_built=&#8221;1&#8243; fullwidth=&#8221;on&#8221; next_background_color=&#8221;#ffffff&#8221; disabled_on=&#8221;off|off|off&#8221; admin_label=&#8221;Hero&#8221; _builder_version=&#8221;4.9.4&#8243; background_color=&#8221;#1f1f1f&#8221; background_image=&#8221;https:\/\/ortsuisse.org\/site2\/wp-content\/uploads\/2021\/06\/image-old-scientist.jpg&#8221; parallax=&#8221;on&#8221; custom_padding=&#8221;|||&#8221; bottom_divider_style=&#8221;curve&#8221; transparent_background=&#8221;on&#8221;][et_pb_fullwidth_header title=&#8221;LA SQUADRA&#8221; text_orientation=&#8221;center&#8221; background_overlay_color=&#8221;rgba(31,31,31,0.85)&#8221; subhead_font_color=&#8221;#bebebe&#8221; _builder_version=&#8221;4.9.4&#8243; title_font=&#8221;Gilroy-Regular||||||||&#8221; title_text_color=&#8221;#ffffff&#8221; title_font_size=&#8221;72px&#8221; title_line_height=&#8221;1.3em&#8221; content_font=&#8221;Montserrat||||&#8221; content_text_color=&#8221;#bfbfbf&#8221; content_font_size=&#8221;19px&#8221; content_line_height=&#8221;1.8em&#8221; subhead_font=&#8221;Montserrat||||&#8221; subhead_text_color=&#8221;#bebebe&#8221; subhead_line_height=&#8221;1.8em&#8221; background_color=&#8221;rgba(255, 255, 255, 0)&#8221; background_enable_image=&#8221;off&#8221; background_size=&#8221;contain&#8221; background_repeat=&#8221;repeat&#8221; custom_padding=&#8221;5%||5%|&#8221; animation_style=&#8221;zoom&#8221; animation_duration=&#8221;1500ms&#8221; animation_intensity_zoom=&#8221;4%&#8221; title_line_height_last_edited=&#8221;off|desktop&#8221; button_one_text_size__hover_enabled=&#8221;off&#8221; button_two_text_size__hover_enabled=&#8221;off&#8221; button_one_text_color__hover_enabled=&#8221;off&#8221; button_two_text_color__hover_enabled=&#8221;off&#8221; button_one_border_width__hover_enabled=&#8221;off&#8221; button_two_border_width__hover_enabled=&#8221;off&#8221; button_one_border_color__hover_enabled=&#8221;off&#8221; button_two_border_color__hover_enabled=&#8221;off&#8221; button_one_border_radius__hover_enabled=&#8221;off&#8221; button_two_border_radius__hover_enabled=&#8221;off&#8221; button_one_letter_spacing__hover_enabled=&#8221;off&#8221; button_two_letter_spacing__hover_enabled=&#8221;off&#8221; button_one_bg_color__hover_enabled=&#8221;off&#8221; button_two_bg_color__hover_enabled=&#8221;off&#8221;][\/et_pb_fullwidth_header][\/et_pb_section][et_pb_section fb_built=&#8221;1&#8243; _builder_version=&#8221;4.9.4&#8243; _module_preset=&#8221;default&#8221;][et_pb_row _builder_version=&#8221;4.9.4&#8243; _module_preset=&#8221;default&#8221;][et_pb_column type=&#8221;4_4&#8243; _builder_version=&#8221;4.9.4&#8243; _module_preset=&#8221;default&#8221;][et_pb_team_member name=&#8221;Marc de Gunzburg&#8221; position=&#8221;Presidente&#8221; image_url=&#8221;data:image\/svg+xml;base64,PHN2ZyB3aWR0aD0iNTAwIiBoZWlnaHQ9IjUwMCIgdmlld0JveD0iMCAwIDUwMCA1MDAiIHhtbG5zPSJodHRwOi8vd3d3LnczLm9yZy8yMDAwL3N2ZyI+CiAgICA8ZyBmaWxsPSJub25lIiBmaWxsLXJ1bGU9ImV2ZW5vZGQiPgogICAgICAgIDxwYXRoIGZpbGw9IiNFQkVCRUIiIGQ9Ik0wIDBoNTAwdjUwMEgweiIvPgogICAgICAgIDxyZWN0IGZpbGwtb3BhY2l0eT0iLjEiIGZpbGw9IiMwMDAiIHg9IjY4IiB5PSIzMDUiIHdpZHRoPSIzNjQiIGhlaWdodD0iNTY4IiByeD0iMTgyIi8+CiAgICAgICAgPGNpcmNsZSBmaWxsLW9wYWNpdHk9Ii4xIiBmaWxsPSIjMDAwIiBjeD0iMjQ5IiBjeT0iMTcyIiByPSIxMDAiLz4KICAgIDwvZz4KPC9zdmc+Cg==&#8221; _builder_version=&#8221;4.9.4&#8243; _module_preset=&#8221;default&#8221; header_level=&#8221;h3&#8243; header_font=&#8221;|600|||||||&#8221; header_text_color=&#8221;#491571&#8243; body_font_size=&#8221;16px&#8221; body_line_height=&#8221;1.4em&#8221; position_text_color=&#8221;#491571&#8243; position_font_size=&#8221;18px&#8221; position_line_height=&#8221;2.4em&#8221; hover_enabled=&#8221;0&#8243; sticky_enabled=&#8221;0&#8243;]<\/p>\n<p>\u00c8 con una motivazione e una determinazione sempre rinnovata che la mia famiglia investe nel perseguimento degli obiettivi dell&#8217;ORT. \u00c8 una grande gioia poter contribuire a questo, soprattutto perch\u00e9 sono circondato e sostenuto dalle eccezionali personalit\u00e0 che compongono i nostri comitati esecutivo, di sostegno e d&#8217;azione.<\/p>\n<p>Insieme, continuiamo sulla strada tracciata dai nostri predecessori, ai quali rendiamo un enorme omaggio in riconoscimento della nostra ricca eredit\u00e0.<\/p>\n<p>Stiamo fissando obiettivi ambiziosi di raccolta fondi per sostenere i progetti educativi di ORT in tutto il mondo.<\/p>\n<p>Vogliamo fare in modo che ORT Svizzera onori i suoi generosi donatori con una gestione moderna ed efficiente e una costante preoccupazione per l&#8217;economia dei mezzi e la trasparenza.<\/p>\n<p>Abbiamo anche intenzione di aumentare il numero di eventi all&#8217;interno di ORT Svizzera per intensificare lo spirito di associazione, amicizia e gioia condivisa che ci rende forti e di successo.<\/p>\n<p>In particolare, vogliamo interessare, accogliere e integrare le giovani generazioni, ma anche energizzare e unificare i nostri capitoli regionali in tutta la Svizzera.<\/p>\n<p>Spero ancora che tutti vivano il loro impegno per l&#8217;ORT, in Svizzera e nel mondo, con intensit\u00e0 e profondit\u00e0.<\/p>\n<p>Il successo, non senza sacrifici, dei molti beneficiari dei nostri sforzi in tutto il mondo \u00e8 per noi, membri dell&#8217;ORT Svizzera, una vera ricompensa di cui possiamo essere collettivamente molto orgogliosi.<\/p>\n<p>Ringrazio tutti per il loro entusiasmo contagioso, la loro sincera dedizione e la loro gentile generosit\u00e0.<\/p>\n<p>[\/et_pb_team_member][\/et_pb_column][\/et_pb_row][et_pb_row _builder_version=&#8221;4.9.4&#8243; _module_preset=&#8221;default&#8221;][et_pb_column type=&#8221;4_4&#8243; _builder_version=&#8221;4.9.4&#8243; _module_preset=&#8221;default&#8221;][et_pb_team_member name=&#8221;Philippe Nordmann&#8221; position=&#8221;Vicepresidente&#8221; image_url=&#8221;data:image\/svg+xml;base64,PHN2ZyB3aWR0aD0iNTAwIiBoZWlnaHQ9IjUwMCIgdmlld0JveD0iMCAwIDUwMCA1MDAiIHhtbG5zPSJodHRwOi8vd3d3LnczLm9yZy8yMDAwL3N2ZyI+CiAgICA8ZyBmaWxsPSJub25lIiBmaWxsLXJ1bGU9ImV2ZW5vZGQiPgogICAgICAgIDxwYXRoIGZpbGw9IiNFQkVCRUIiIGQ9Ik0wIDBoNTAwdjUwMEgweiIvPgogICAgICAgIDxyZWN0IGZpbGwtb3BhY2l0eT0iLjEiIGZpbGw9IiMwMDAiIHg9IjY4IiB5PSIzMDUiIHdpZHRoPSIzNjQiIGhlaWdodD0iNTY4IiByeD0iMTgyIi8+CiAgICAgICAgPGNpcmNsZSBmaWxsLW9wYWNpdHk9Ii4xIiBmaWxsPSIjMDAwIiBjeD0iMjQ5IiBjeT0iMTcyIiByPSIxMDAiLz4KICAgIDwvZz4KPC9zdmc+Cg==&#8221; _builder_version=&#8221;4.9.4&#8243; _module_preset=&#8221;default&#8221; header_font=&#8221;|600|||||||&#8221; header_text_color=&#8221;#491571&#8243; header_font_size=&#8221;21px&#8221; body_font=&#8221;Gilroy-Regular||||||||&#8221; body_font_size=&#8221;16px&#8221; body_line_height=&#8221;1.4em&#8221; position_text_color=&#8221;#491571&#8243; position_line_height=&#8221;2.4em&#8221; hover_enabled=&#8221;0&#8243; sticky_enabled=&#8221;0&#8243;]<\/p>\n<p>La famiglia \u00e8 la sua priorit\u00e0 assoluta: moglie, figli e nipoti vengono prima di tutto. Uomo d&#8217;affari, patriarca nella holding di famiglia Maus\/Nordmann. Filantropo come lui \u00e8 attivo in molte associazioni come Philias, Carrefour Prison, SIDAide, e molti altri&#8230;<\/p>\n<p>\u00c8 un amante dell&#8217;arte perch\u00e9 \u00e8 un collezionista illuminato, ed \u00e8 il fondatore del MAMCO (Museo d&#8217;arte moderna di Ginevra).<\/p>\n<p>Umanista, perch\u00e9 pone l&#8217;uomo e i valori umani al di sopra di tutti gli altri. \u00c8 proprio questo che lo collega alla RTO. Nel 1997, ha accettato la presidenza dell&#8217;ORT Svizzera, realizzando cos\u00ec il desiderio della sua cara cugina Jacqueline Maus, morta nel 1995. L&#8217;ORT corrisponde a uno dei suoi principi, che \u00e8 quello di proteggere gli individui dagli abusi, indipendentemente dalla loro origine sociale, culturale o religiosa, formandoli professionalmente. Nel 2003. Ha ceduto la presidenza dell&#8217;ORT svizzera al signor Robert Equey e da allora \u00e8 il vicepresidente dell&#8217;associazione.<\/p>\n<p>[\/et_pb_team_member][\/et_pb_column][\/et_pb_row][et_pb_row _builder_version=&#8221;4.9.4&#8243; _module_preset=&#8221;default&#8221;][et_pb_column type=&#8221;4_4&#8243; _builder_version=&#8221;4.9.4&#8243; _module_preset=&#8221;default&#8221;][et_pb_team_member name=&#8221;Philippe L\u00e9opold &#8211; Metzger&#8221; position=&#8221;Vicepresidente&#8221; image_url=&#8221;data:image\/svg+xml;base64,PHN2ZyB3aWR0aD0iNTAwIiBoZWlnaHQ9IjUwMCIgdmlld0JveD0iMCAwIDUwMCA1MDAiIHhtbG5zPSJodHRwOi8vd3d3LnczLm9yZy8yMDAwL3N2ZyI+CiAgICA8ZyBmaWxsPSJub25lIiBmaWxsLXJ1bGU9ImV2ZW5vZGQiPgogICAgICAgIDxwYXRoIGZpbGw9IiNFQkVCRUIiIGQ9Ik0wIDBoNTAwdjUwMEgweiIvPgogICAgICAgIDxyZWN0IGZpbGwtb3BhY2l0eT0iLjEiIGZpbGw9IiMwMDAiIHg9IjY4IiB5PSIzMDUiIHdpZHRoPSIzNjQiIGhlaWdodD0iNTY4IiByeD0iMTgyIi8+CiAgICAgICAgPGNpcmNsZSBmaWxsLW9wYWNpdHk9Ii4xIiBmaWxsPSIjMDAwIiBjeD0iMjQ5IiBjeT0iMTcyIiByPSIxMDAiLz4KICAgIDwvZz4KPC9zdmc+Cg==&#8221; _builder_version=&#8221;4.9.4&#8243; _module_preset=&#8221;default&#8221; header_font=&#8221;|600|||||||&#8221; header_text_color=&#8221;#491571&#8243; header_font_size=&#8221;21px&#8221; body_font_size=&#8221;16px&#8221; body_line_height=&#8221;1.4em&#8221; position_text_color=&#8221;#491571&#8243; position_font_size=&#8221;18px&#8221; position_line_height=&#8221;2.5em&#8221; hover_enabled=&#8221;0&#8243; sticky_enabled=&#8221;0&#8243;]<\/p>\n<p>L&#8217;ORT entr\u00f2 nella mia vita quasi cinquant&#8217;anni fa, quando mio padre divenne presidente della scuola ORT di Strasburgo.<\/p>\n<p>Ho sempre creduto nella missione dell&#8217;ORT di lottare per l&#8217;eccellenza nell&#8217;educazione, la trasmissione dei valori e le pari opportunit\u00e0 per tutti in Israele e nella Diaspora.<\/p>\n<p>[\/et_pb_team_member][\/et_pb_column][\/et_pb_row][\/et_pb_section]<\/p>\n","protected":false},"excerpt":{"rendered":"<p>[et_pb_section fb_built=&#8221;1&#8243; fullwidth=&#8221;on&#8221; next_background_color=&#8221;#ffffff&#8221; disabled_on=&#8221;off|off|off&#8221; admin_label=&#8221;Hero&#8221; _builder_version=&#8221;4.9.4&#8243; background_color=&#8221;#1f1f1f&#8221; background_image=&#8221;https:\/\/ortsuisse.org\/site2\/wp-content\/uploads\/2021\/06\/image-old-scientist.jpg&#8221; parallax=&#8221;on&#8221; custom_padding=&#8221;|||&#8221; bottom_divider_style=&#8221;curve&#8221; transparent_background=&#8221;on&#8221;][et_pb_fullwidth_header title=&#8221;LA SQUADRA&#8221; text_orientation=&#8221;center&#8221; background_overlay_color=&#8221;rgba(31,31,31,0.85)&#8221; subhead_font_color=&#8221;#bebebe&#8221; _builder_version=&#8221;4.9.4&#8243; title_font=&#8221;Gilroy-Regular||||||||&#8221; title_text_color=&#8221;#ffffff&#8221; title_font_size=&#8221;72px&#8221; title_line_height=&#8221;1.3em&#8221; content_font=&#8221;Montserrat||||&#8221; content_text_color=&#8221;#bfbfbf&#8221; content_font_size=&#8221;19px&#8221; content_line_height=&#8221;1.8em&#8221; subhead_font=&#8221;Montserrat||||&#8221; subhead_text_color=&#8221;#bebebe&#8221; subhead_line_height=&#8221;1.8em&#8221; background_color=&#8221;rgba(255, 255, 255, 0)&#8221; background_enable_image=&#8221;off&#8221; background_size=&#8221;contain&#8221; background_repeat=&#8221;repeat&#8221; custom_padding=&#8221;5%||5%|&#8221; animation_style=&#8221;zoom&#8221; animation_duration=&#8221;1500ms&#8221; animation_intensity_zoom=&#8221;4%&#8221; title_line_height_last_edited=&#8221;off|desktop&#8221; button_one_text_size__hover_enabled=&#8221;off&#8221; button_two_text_size__hover_enabled=&#8221;off&#8221; button_one_text_color__hover_enabled=&#8221;off&#8221; button_two_text_color__hover_enabled=&#8221;off&#8221; button_one_border_width__hover_enabled=&#8221;off&#8221; button_two_border_width__hover_enabled=&#8221;off&#8221; button_one_border_color__hover_enabled=&#8221;off&#8221; button_two_border_color__hover_enabled=&#8221;off&#8221; button_one_border_radius__hover_enabled=&#8221;off&#8221; button_two_border_radius__hover_enabled=&#8221;off&#8221; button_one_letter_spacing__hover_enabled=&#8221;off&#8221; button_two_letter_spacing__hover_enabled=&#8221;off&#8221; button_one_bg_color__hover_enabled=&#8221;off&#8221; [&hellip;]<\/p>\n","protected":false},"author":2,"featured_media":0,"parent":0,"menu_order":0,"comment_status":"closed","ping_status":"closed","template":"","meta":{"give_campaign_id":0,"_et_pb_use_builder":"on","_et_pb_old_content":"","_et_gb_content_width":"","footnotes":""},"class_list":["post-1596","page","type-page","status-publish","hentry"],"campaignId":"","_links":{"self":[{"href":"https:\/\/ortsuisse.org\/site\/it\/wp-json\/wp\/v2\/pages\/1596","targetHints":{"allow":["GET"]}}],"collection":[{"href":"https:\/\/ortsuisse.org\/site\/it\/wp-json\/wp\/v2\/pages"}],"about":[{"href":"https:\/\/ortsuisse.org\/site\/it\/wp-json\/wp\/v2\/types\/page"}],"author":[{"embeddable":true,"href":"https:\/\/ortsuisse.org\/site\/it\/wp-json\/wp\/v2\/users\/2"}],"replies":[{"embeddable":true,"href":"https:\/\/ortsuisse.org\/site\/it\/wp-json\/wp\/v2\/comments?post=1596"}],"version-history":[{"count":4,"href":"https:\/\/ortsuisse.org\/site\/it\/wp-json\/wp\/v2\/pages\/1596\/revisions"}],"predecessor-version":[{"id":1999,"href":"https:\/\/ortsuisse.org\/site\/it\/wp-json\/wp\/v2\/pages\/1596\/revisions\/1999"}],"wp:attachment":[{"href":"https:\/\/ortsuisse.org\/site\/it\/wp-json\/wp\/v2\/media?parent=1596"}],"curies":[{"name":"wp","href":"https:\/\/api.w.org\/{rel}","templated":true}]}}