{"id":1613,"date":"2021-06-09T07:50:01","date_gmt":"2021-06-09T07:50:01","guid":{"rendered":"https:\/\/ortsuisse.org\/site2\/leredita-della-ort\/"},"modified":"2021-06-23T11:37:35","modified_gmt":"2021-06-23T11:37:35","slug":"leredita-della-ort","status":"publish","type":"page","link":"https:\/\/ortsuisse.org\/site\/it\/leredita-della-ort\/","title":{"rendered":"L&#8217;EREDIT\u00c0 DELLA ORT"},"content":{"rendered":"<p>[et_pb_section fb_built=&#8221;1&#8243; fullwidth=&#8221;on&#8221; next_background_color=&#8221;#ffffff&#8221; disabled_on=&#8221;off|off|off&#8221; admin_label=&#8221;Hero&#8221; _builder_version=&#8221;4.9.4&#8243; background_color=&#8221;#1f1f1f&#8221; background_image=&#8221;https:\/\/ortsuisse.org\/site2\/wp-content\/uploads\/2021\/06\/image-old-scientist.jpg&#8221; parallax=&#8221;on&#8221; custom_padding=&#8221;|||&#8221; bottom_divider_style=&#8221;curve&#8221; transparent_background=&#8221;on&#8221;][et_pb_fullwidth_header title=&#8221;L&#8217;ORT IN SVIZZERA&#8221; text_orientation=&#8221;center&#8221; background_overlay_color=&#8221;rgba(31,31,31,0.85)&#8221; subhead_font_color=&#8221;#bebebe&#8221; _builder_version=&#8221;4.9.4&#8243; title_font=&#8221;Gilroy-Regular||||||||&#8221; title_text_color=&#8221;#ffffff&#8221; title_font_size=&#8221;72px&#8221; title_line_height=&#8221;1.3em&#8221; content_font=&#8221;Montserrat||||&#8221; content_text_color=&#8221;#bfbfbf&#8221; content_font_size=&#8221;19px&#8221; content_line_height=&#8221;1.8em&#8221; subhead_font=&#8221;Montserrat||||&#8221; subhead_text_color=&#8221;#bebebe&#8221; subhead_line_height=&#8221;1.8em&#8221; background_color=&#8221;rgba(255, 255, 255, 0)&#8221; background_enable_image=&#8221;off&#8221; background_size=&#8221;contain&#8221; background_repeat=&#8221;repeat&#8221; custom_padding=&#8221;5%||5%|&#8221; animation_style=&#8221;zoom&#8221; animation_duration=&#8221;1500ms&#8221; animation_intensity_zoom=&#8221;4%&#8221; title_line_height_last_edited=&#8221;off|desktop&#8221; button_one_text_size__hover_enabled=&#8221;off&#8221; button_two_text_size__hover_enabled=&#8221;off&#8221; button_one_text_color__hover_enabled=&#8221;off&#8221; button_two_text_color__hover_enabled=&#8221;off&#8221; button_one_border_width__hover_enabled=&#8221;off&#8221; button_two_border_width__hover_enabled=&#8221;off&#8221; button_one_border_color__hover_enabled=&#8221;off&#8221; button_two_border_color__hover_enabled=&#8221;off&#8221; button_one_border_radius__hover_enabled=&#8221;off&#8221; button_two_border_radius__hover_enabled=&#8221;off&#8221; button_one_letter_spacing__hover_enabled=&#8221;off&#8221; button_two_letter_spacing__hover_enabled=&#8221;off&#8221; button_one_bg_color__hover_enabled=&#8221;off&#8221; button_two_bg_color__hover_enabled=&#8221;off&#8221;][\/et_pb_fullwidth_header][\/et_pb_section][et_pb_section fb_built=&#8221;1&#8243; _builder_version=&#8221;4.9.4&#8243; _module_preset=&#8221;default&#8221;][et_pb_row _builder_version=&#8221;4.9.4&#8243; _module_preset=&#8221;default&#8221;][et_pb_column type=&#8221;4_4&#8243; _builder_version=&#8221;4.9.4&#8243; _module_preset=&#8221;default&#8221;][et_pb_text _builder_version=&#8221;4.9.4&#8243; _module_preset=&#8221;default&#8221; header_font=&#8221;|600|||||||&#8221; header_text_align=&#8221;center&#8221; header_text_color=&#8221;#491571&#8243; hover_enabled=&#8221;0&#8243; header_font_size=&#8221;34px&#8221; sticky_enabled=&#8221;0&#8243;]<\/p>\n<h1>L&#8217;EREDIT\u00c0 DELLA ORT<\/h1>\n<h1><\/h1>\n<p>[\/et_pb_text][\/et_pb_column][\/et_pb_row][et_pb_row _builder_version=&#8221;4.9.4&#8243; _module_preset=&#8221;default&#8221;][et_pb_column type=&#8221;4_4&#8243; _builder_version=&#8221;4.9.4&#8243; _module_preset=&#8221;default&#8221;][et_pb_text _builder_version=&#8221;4.9.4&#8243; _module_preset=&#8221;default&#8221; header_2_text_color=&#8221;#491571&#8243; hover_enabled=&#8221;0&#8243; text_font_size=&#8221;17px&#8221; header_2_font_size=&#8221;30px&#8221; sticky_enabled=&#8221;0&#8243;]<\/p>\n<h2>Tutto inizi\u00f2 nella Russia zarista alla fine del XIX secolo&#8230;<\/h2>\n<p>&nbsp;<\/p>\n<p>A quel tempo, gli ebrei erano fortemente discriminati. Da un lato, non era loro permesso di possedere terreni al di fuori della &#8220;zona di insediamento&#8221; dove la grande maggioranza di loro era confinata. D&#8217;altra parte, erano autorizzati ad esercitare solo un numero limitato di professioni come locandieri, birrai, venditori ambulanti o cocchieri. I commercianti ebrei erano tassati due volte pi\u00f9 pesantemente dei non ebrei. Ragazzi giovani venivano arruolati nell&#8217;esercito, a volte gi\u00e0 a dodici anni, per periodi eccessivamente lunghi.<\/p>\n<p>&nbsp;<\/p>\n<h2>140 anni fa &#8230;<\/h2>\n<p>&nbsp;<\/p>\n<p>Di fronte alla povert\u00e0 e alla disperazione della loro gente, tre visionari, Nicolai Bakst, Samuel Poliakov e Horace de Gunzburg, decisero di aiutare la comunit\u00e0. Profondamente convinti che la conoscenza offre libert\u00e0 e il lavoro offre dignit\u00e0, decisero di creare un&#8217;organizzazione che permettesse a tutti di ricevere istruzione e formazione nei mestieri tecnici, dato che la societ\u00e0 aveva bisogno di lavoratori in quel momento, e quindi permettere a tutti di guadagnarsi una vita decente e mantenere le loro famiglie.<\/p>\n<p>Il 22 marzo 1880, in seguito alla loro petizione allo zar Alessandro II, una lettera al Ministero dell&#8217;Interno diede loro il permesso di raccogliere fondi per la loro associazione. A tempo di record, 18 giorni dopo, \u00e8 stato fatto un appello a tutta la comunit\u00e0 ebraica russa per sostenere un fondo di solidariet\u00e0. Quasi 13.000 donatori, spesso di mezzi modesti, hanno ascoltato l&#8217;appello e hanno raccolto pi\u00f9 di 200.000 rubli. \u00c8 cos\u00ec che \u00e8 nata l&#8217;Organizzazione per la formazione nell&#8217;artigianato e nell&#8217;agricoltura.<\/p>\n<p>In poco tempo, la filosofia ORT \u00e8 stata messa in atto. Oltre alle scuole istituite, l&#8217;ORT ha aiutato fornendo prestiti agli artigiani, borse di studio agli studenti e acquistando appezzamenti di terreno per sistemare le famiglie povere.<\/p>\n<p>Attraverso gli alti e bassi della storia, ORT si \u00e8 sempre adattata alle nuove esigenze e alle nuove sfide della vita. Questa capacit\u00e0 di adattamento \u00e8, tra l&#8217;altro, ci\u00f2 che ha reso questa organizzazione incredibilmente di successo. La solidariet\u00e0, il coinvolgimento e la generosit\u00e0 dei suoi membri le hanno permesso di dispiegarsi in tutto il mondo.<\/p>\n<p>Durante la prima guerra mondiale, l&#8217;ORT cre\u00f2 laboratori cooperativi, mense per i poveri e uffici di credito che salvarono migliaia di persone dalla fame. La ORT ha anche istituito un programma di &#8220;riabilitazione attraverso il lavoro&#8221; per gli ebrei sfollati.<\/p>\n<p>Inoltre, durante la seconda guerra mondiale, le scuole ORT, le uniche sotto il dominio inglese e non tedesco, aprirono le loro porte a tutti i bambini della zona, indipendentemente dalle loro origini, nazionalit\u00e0 o religione. Molti bambini sono stati salvati in questo modo.<\/p>\n<p>L&#8217;amore per l&#8217;ORT, la sua filosofia e la sua eredit\u00e0, si diffonde da una persona all&#8217;altra. A volte per caso, come nel caso dell&#8217;incontro casuale tra Vladimir Halperin e Aaron Singalowski su un treno. Con questa semplice discussione tra due passeggeri dello stesso treno, \u00e8 passato l&#8217;amore per l&#8217;ORT. Tanto che Aaron Singalowski fu all&#8217;origine della creazione dell&#8217;ORT negli Stati Uniti, in Sudafrica e in Israele, divenne direttore dell&#8217;ORT Mondiale e cre\u00f2, con Vladimir Halperin, l&#8217;Istituto ORT Ani\u00e8res.<\/p>\n<p>L&#8217;enorme successo di questa magnifica organizzazione \u00e8 dovuto a tutti i suoi generosi donatori, tutti i suoi presidenti, tutti i suoi rappresentanti, tutti i suoi insegnanti e tutti i suoi studenti. Nel corso degli anni tutte queste persone sono cambiate, ma l&#8217;obiettivo \u00e8 rimasto lo stesso. L&#8217;eredit\u00e0 si trasmette da una generazione all&#8217;altra, da una persona all&#8217;altra.<\/p>\n<p>L&#8217;istruzione purtroppo non \u00e8 un diritto umano. Ci sono ancora troppi posti sulla terra dove non \u00e8 accessibile o addirittura semplicemente vietato per motivi di sesso, razza, religione o nazionalit\u00e0. La missione dell&#8217;ORT \u00e8 di rendere l&#8217;educazione accessibile a tutti, indipendentemente da queste considerazioni, e di promuovere l&#8217;eccellenza.<\/p>\n<p>Il mondo \u00e8 cambiato un po&#8217; dai tempi in cui l&#8217;artigianato e l&#8217;agricoltura erano competenze lavorative ricercate, ma i principi di base dell&#8217;ORT sono rimasti invariati dal 1880. Oggi, i programmi dell&#8217;ORT sono orientati secondo la domanda dei paesi e rispondono alle esigenze del mondo del lavoro di oggi e soprattutto di domani.<\/p>\n<p>Ecco perch\u00e9 siamo orgogliosi e felici di far parte, nella nostra modesta misura, di questa meravigliosa storia. Una storia cos\u00ec eccezionale che viene raccontata come una leggenda. Siamo toccati da tutte le realizzazioni dell&#8217;ORT e da tutte le persone che vi hanno contribuito dal 1880, sapendo come mantenere intatto questo patrimonio, spinti dal desiderio di dare, di condividere semplicemente.<\/p>\n<p>Crediamo che quando Nicolai Bakst, Samuel Poliakov e Horace de Gunzburg fondarono ORT, non potevano immaginare che il loro lavoro avrebbe dato un contributo cos\u00ec significativo e duraturo per migliorare la sorte di cos\u00ec tante persone e quindi il mondo in generale.<\/p>\n<p>Tutto questo \u00e8 stato, \u00e8 e sar\u00e0 possibile solo grazie a voi, nostri preziosi e fedeli sostenitori, amici e simpatizzanti.<\/p>\n<p>Vogliamo ringraziare ogni persona che, da vicino o da lontano, con il suo amore, visione, dedizione, sostegno, tempo o presenza, partecipa e contribuisce alla nostra meravigliosa avventura.<\/p>\n<p>L&#8217;educazione \u00e8 affare di tutti, insieme cambiamo la vita.<\/p>\n<p>Il Comitato<\/p>\n<p>Associazione ORT Svizzera 1, rue de Varemb\u00e9 CH &#8211; 1202 Ginevra<\/p>\n<p>[\/et_pb_text][\/et_pb_column][\/et_pb_row][\/et_pb_section]<\/p>\n","protected":false},"excerpt":{"rendered":"<p>[et_pb_section fb_built=&#8221;1&#8243; fullwidth=&#8221;on&#8221; next_background_color=&#8221;#ffffff&#8221; disabled_on=&#8221;off|off|off&#8221; admin_label=&#8221;Hero&#8221; _builder_version=&#8221;4.9.4&#8243; background_color=&#8221;#1f1f1f&#8221; background_image=&#8221;https:\/\/ortsuisse.org\/site2\/wp-content\/uploads\/2021\/06\/image-old-scientist.jpg&#8221; parallax=&#8221;on&#8221; custom_padding=&#8221;|||&#8221; bottom_divider_style=&#8221;curve&#8221; transparent_background=&#8221;on&#8221;][et_pb_fullwidth_header title=&#8221;L&#8217;ORT IN SVIZZERA&#8221; text_orientation=&#8221;center&#8221; background_overlay_color=&#8221;rgba(31,31,31,0.85)&#8221; subhead_font_color=&#8221;#bebebe&#8221; _builder_version=&#8221;4.9.4&#8243; title_font=&#8221;Gilroy-Regular||||||||&#8221; title_text_color=&#8221;#ffffff&#8221; title_font_size=&#8221;72px&#8221; title_line_height=&#8221;1.3em&#8221; content_font=&#8221;Montserrat||||&#8221; content_text_color=&#8221;#bfbfbf&#8221; content_font_size=&#8221;19px&#8221; content_line_height=&#8221;1.8em&#8221; subhead_font=&#8221;Montserrat||||&#8221; subhead_text_color=&#8221;#bebebe&#8221; subhead_line_height=&#8221;1.8em&#8221; background_color=&#8221;rgba(255, 255, 255, 0)&#8221; background_enable_image=&#8221;off&#8221; background_size=&#8221;contain&#8221; background_repeat=&#8221;repeat&#8221; custom_padding=&#8221;5%||5%|&#8221; animation_style=&#8221;zoom&#8221; animation_duration=&#8221;1500ms&#8221; animation_intensity_zoom=&#8221;4%&#8221; title_line_height_last_edited=&#8221;off|desktop&#8221; button_one_text_size__hover_enabled=&#8221;off&#8221; button_two_text_size__hover_enabled=&#8221;off&#8221; button_one_text_color__hover_enabled=&#8221;off&#8221; button_two_text_color__hover_enabled=&#8221;off&#8221; button_one_border_width__hover_enabled=&#8221;off&#8221; button_two_border_width__hover_enabled=&#8221;off&#8221; button_one_border_color__hover_enabled=&#8221;off&#8221; button_two_border_color__hover_enabled=&#8221;off&#8221; button_one_border_radius__hover_enabled=&#8221;off&#8221; button_two_border_radius__hover_enabled=&#8221;off&#8221; button_one_letter_spacing__hover_enabled=&#8221;off&#8221; button_two_letter_spacing__hover_enabled=&#8221;off&#8221; [&hellip;]<\/p>\n","protected":false},"author":2,"featured_media":0,"parent":0,"menu_order":0,"comment_status":"closed","ping_status":"closed","template":"","meta":{"give_campaign_id":0,"_et_pb_use_builder":"on","_et_pb_old_content":"","_et_gb_content_width":"","footnotes":""},"class_list":["post-1613","page","type-page","status-publish","hentry"],"campaignId":"","_links":{"self":[{"href":"https:\/\/ortsuisse.org\/site\/it\/wp-json\/wp\/v2\/pages\/1613","targetHints":{"allow":["GET"]}}],"collection":[{"href":"https:\/\/ortsuisse.org\/site\/it\/wp-json\/wp\/v2\/pages"}],"about":[{"href":"https:\/\/ortsuisse.org\/site\/it\/wp-json\/wp\/v2\/types\/page"}],"author":[{"embeddable":true,"href":"https:\/\/ortsuisse.org\/site\/it\/wp-json\/wp\/v2\/users\/2"}],"replies":[{"embeddable":true,"href":"https:\/\/ortsuisse.org\/site\/it\/wp-json\/wp\/v2\/comments?post=1613"}],"version-history":[{"count":2,"href":"https:\/\/ortsuisse.org\/site\/it\/wp-json\/wp\/v2\/pages\/1613\/revisions"}],"predecessor-version":[{"id":1616,"href":"https:\/\/ortsuisse.org\/site\/it\/wp-json\/wp\/v2\/pages\/1613\/revisions\/1616"}],"wp:attachment":[{"href":"https:\/\/ortsuisse.org\/site\/it\/wp-json\/wp\/v2\/media?parent=1613"}],"curies":[{"name":"wp","href":"https:\/\/api.w.org\/{rel}","templated":true}]}}