{"id":1643,"date":"2021-06-09T07:51:13","date_gmt":"2021-06-09T07:51:13","guid":{"rendered":"https:\/\/ortsuisse.org\/site2\/la-storia-del-mondo-ort\/"},"modified":"2021-06-23T12:52:57","modified_gmt":"2021-06-23T12:52:57","slug":"la-storia-del-mondo-ort","status":"publish","type":"page","link":"https:\/\/ortsuisse.org\/site\/it\/la-storia-del-mondo-ort\/","title":{"rendered":"LA STORIA DEL MONDO ORT"},"content":{"rendered":"<p>[et_pb_section fb_built=&#8221;1&#8243; fullwidth=&#8221;on&#8221; next_background_color=&#8221;#ffffff&#8221; disabled_on=&#8221;off|off|off&#8221; admin_label=&#8221;Hero&#8221; _builder_version=&#8221;4.9.4&#8243; background_color=&#8221;#1f1f1f&#8221; background_image=&#8221;https:\/\/ortsuisse.org\/site2\/wp-content\/uploads\/2021\/06\/image-old-scientist.jpg&#8221; parallax=&#8221;on&#8221; custom_padding=&#8221;|||&#8221; bottom_divider_style=&#8221;curve&#8221; transparent_background=&#8221;on&#8221;][et_pb_fullwidth_header title=&#8221;LA STORIA DEL MONDO ORT&#8221; text_orientation=&#8221;center&#8221; background_overlay_color=&#8221;rgba(31,31,31,0.85)&#8221; subhead_font_color=&#8221;#bebebe&#8221; _builder_version=&#8221;4.9.4&#8243; title_font=&#8221;Gilroy-Regular||||||||&#8221; title_text_color=&#8221;#ffffff&#8221; title_font_size=&#8221;72px&#8221; title_line_height=&#8221;1.3em&#8221; content_font=&#8221;Montserrat||||&#8221; content_text_color=&#8221;#bfbfbf&#8221; content_font_size=&#8221;19px&#8221; content_line_height=&#8221;1.8em&#8221; subhead_font=&#8221;Montserrat||||&#8221; subhead_text_color=&#8221;#bebebe&#8221; subhead_line_height=&#8221;1.8em&#8221; background_color=&#8221;rgba(255, 255, 255, 0)&#8221; background_enable_image=&#8221;off&#8221; background_size=&#8221;contain&#8221; background_repeat=&#8221;repeat&#8221; custom_padding=&#8221;5%||5%|&#8221; animation_style=&#8221;zoom&#8221; animation_duration=&#8221;1500ms&#8221; animation_intensity_zoom=&#8221;4%&#8221; title_line_height_last_edited=&#8221;off|desktop&#8221; button_one_text_size__hover_enabled=&#8221;off&#8221; button_two_text_size__hover_enabled=&#8221;off&#8221; button_one_text_color__hover_enabled=&#8221;off&#8221; button_two_text_color__hover_enabled=&#8221;off&#8221; button_one_border_width__hover_enabled=&#8221;off&#8221; button_two_border_width__hover_enabled=&#8221;off&#8221; button_one_border_color__hover_enabled=&#8221;off&#8221; button_two_border_color__hover_enabled=&#8221;off&#8221; button_one_border_radius__hover_enabled=&#8221;off&#8221; button_two_border_radius__hover_enabled=&#8221;off&#8221; button_one_letter_spacing__hover_enabled=&#8221;off&#8221; button_two_letter_spacing__hover_enabled=&#8221;off&#8221; button_one_bg_color__hover_enabled=&#8221;off&#8221; button_two_bg_color__hover_enabled=&#8221;off&#8221;][\/et_pb_fullwidth_header][\/et_pb_section][et_pb_section fb_built=&#8221;1&#8243; _builder_version=&#8221;4.9.4&#8243; _module_preset=&#8221;default&#8221;][et_pb_row _builder_version=&#8221;4.9.4&#8243; _module_preset=&#8221;default&#8221;][et_pb_column type=&#8221;4_4&#8243; _builder_version=&#8221;4.9.4&#8243; _module_preset=&#8221;default&#8221;][et_pb_text _builder_version=&#8221;4.9.4&#8243; _module_preset=&#8221;default&#8221; header_font=&#8221;|600|||||||&#8221; header_text_align=&#8221;center&#8221; header_text_color=&#8221;#491571&#8243; header_font_size=&#8221;34px&#8221; min_height=&#8221;61.6px&#8221;]<\/p>\n<h1>LA STORIA DEL MONDO ORT<\/h1>\n<h1><\/h1>\n<p>[\/et_pb_text][\/et_pb_column][\/et_pb_row][et_pb_row _builder_version=&#8221;4.9.4&#8243; _module_preset=&#8221;default&#8221;][et_pb_column type=&#8221;4_4&#8243; _builder_version=&#8221;4.9.4&#8243; _module_preset=&#8221;default&#8221;][et_pb_text _builder_version=&#8221;4.9.4&#8243; _module_preset=&#8221;default&#8221; text_font_size=&#8221;17px&#8221; header_2_text_color=&#8221;#491571&#8243; hover_enabled=&#8221;0&#8243; header_4_font_size=&#8221;17px&#8221; header_4_line_height=&#8221;1.4em&#8221; header_2_font_size=&#8221;28px&#8221; header_3_font_size=&#8221;25px&#8221; header_3_line_height=&#8221;1.3em&#8221; sticky_enabled=&#8221;0&#8243;]<\/p>\n<h3><strong><span style=\"color: #491571;\">La ORT fu fondata a San Pietroburgo nel 1880 da finanzieri e intellettuali ebrei russi. Questa organizzazione ha lo scopo di aiutare la popolazione ebraica impoverita a costruire una nuova esistenza per il lavoro agricolo e artigianale.<\/span><\/strong><\/h3>\n<p><strong><span style=\"color: #491571;\"><\/span><\/strong><\/p>\n<h4>Obschestvo Remeslevono i zemledelcheskovo Trouda, cio\u00e8 la Societ\u00e0 per lo sviluppo dell&#8217;artigianato e dell&#8217;agricoltura, fu fondata con l&#8217;aiuto di finanziatori ebrei russi, tra cui il barone Gunzburg. L&#8217;organizzazione, riconosciuta ufficialmente dal governo russo nel 1905, aveva stabilito scuole solo in Russia. Nel 1919, Leon Bramson e David Lvovitch furono inviati in Europa occidentale dal comitato ORT per cercare aiuto. Andarono a Parigi dove fu creata la ORT France (1921). L&#8217;associazione francese ORT \u00e8 prima di tutto un&#8217;organizzazione di propaganda e di raccolta di fondi per il finanziamento delle istituzioni ORT nei paesi dell&#8217;Europa orientale. Allo stesso tempo furono create anche ORT Inghilterra e ORT Germania.<br \/>Grazie alla volont\u00e0 di Leon Bramson, l&#8217;anno 1921 segn\u00f2 anche la fondazione dell&#8217;Unione Mondiale ORT, creata durante un Congresso a Berlino. Il quartier generale fu stabilito a Berlino. Grazie agli sforzi di Leon Bramson e Aaron Syngalowski (segretario generale dell&#8217;Unione Mondiale ORT), l&#8217;ORT americana fu formata nel 1922.<br \/>La sede dell&#8217;Unione Mondiale ORT fu trasferita a Parigi nel 1933, l&#8217;anno in cui Hitler sal\u00ec al potere. Con l&#8217;afflusso di rifugiati ebrei tedeschi, l&#8217;ORT istitu\u00ec corsi di riqualificazione professionale e li aiut\u00f2 a trovare lavoro. Alla vigilia della guerra, ORT Francia aveva tre centri di formazione (Parigi, Montmorency e Chelles). Le donne sono state formate in moda (styling, cucito, calzetteria, accessori di moda) e gli uomini in radio, elettricit\u00e0, meccanica e cinema. Sono stati anche addestrati all&#8217;agricoltura. Nel 1937, si form\u00f2 l&#8217;Associazione degli amici parlamentari dell&#8217;ORT (con Paul Painlev\u00e9 e Edouard Herriot).<br \/>L&#8217;ORT fu particolarmente attiva durante la guerra, creando centri di formazione nei ghetti di Kovno e Varsavia e occupandosi dei rifugiati e dei sopravvissuti. Il movimento si stabil\u00ec per qualche tempo a Vichy, rue Carnot, dal 1939 al gennaio 1940, poi torn\u00f2 a Parigi, torn\u00f2 a Vichy in giugno (prima che il governo di Vichy prendesse il potere), a Marsiglia nel novembre 1940 (dove Leon Bramson mor\u00ec nel 1941), poi a Voiron. Il movimento si stabil\u00ec per qualche tempo a Vichy, rue Carnot, dal 1939 al gennaio 1940, poi torn\u00f2 a Parigi, torn\u00f2 a Vichy in giugno (prima che il governo di Vichy prendesse il potere), a Marsiglia nel novembre 1940 (dove Leon Bramson mor\u00ec nel 1941), poi a Voiron. Era presente anche in alcuni campi di internamento in Francia (Brens, Rivesaltes, Gurs, Recebedou e Septfonds).<br \/>Nel 1943, la collaborazione e le deportazioni costrinsero Aaron Syngalowski a spostare la sede dell&#8217;Unione Mondiale ORT a Ginevra. L&#8217;ORT era presente nel 1945 nei campi di sfollati per insegnare i mestieri manuali.<\/h4>\n<h4><span style=\"color: #491571;\"><\/span>I centri ORT furono sviluppati in tutto il mondo e in Israele, dove le prime scuole furono aperte nel 1949. L&#8217;ORT era presente nei paesi musulmani, in Algeria, Tunisia e Marocco (fino all&#8217;indipendenza), e in Iran (fino al 1980). Nello stesso anno, la sede dell&#8217;organizzazione fu spostata da Ginevra a Londra.<br \/>Nel 1990, dopo 52 anni di assenza (Stalin aveva sciolto l&#8217;organizzazione nel 1938), ORT \u00e8 rinata in Russia.<\/h4>\n<h4>ORT \u00e8 rimasta fedele alla sua ispirazione fondatrice, che originariamente poteva essere riassunta in una famosa formula: dai un pesce a un uomo e avr\u00e0 da mangiare per un giorno, insegnagli a pescare e potr\u00e0 nutrirsi per tutta la vita.<br \/>All&#8217;alba del XXI secolo, l&#8217;insegnamento dell&#8217;ORT, fedele alle sue radici ebraiche e aperto a tutti, integra i pi\u00f9 recenti sviluppi delle tecnologie industriali e terziarie. Dal giovane elettricista con un attestato professionale allo studente che entra in una delle migliori scuole di ingegneria, i percorsi degli studenti ORT sono molteplici, il principio rimane lo stesso: dare a ciascuno, al suo miglior livello, le migliori possibilit\u00e0 di integrazione accademica, sociale e professionale. L&#8217;investimento personale e la fede nella loro missione educativa di tutti i professionisti coinvolti sono ampiamente supportati dall&#8217;attiva rete di associazioni, comitati locali, comitati di donne, e l&#8217;adesione costantemente rinnovata di migliaia di aziende che ogni anno pagano la loro tassa di apprendistato all&#8217;ORT.<\/h4>\n<h4><\/h4>\n<h3><\/h3>\n<h3><strong><span style=\"color: #491571;\">ORT \u00e8 ora presente in tutti i continenti:<\/span><\/strong><\/h3>\n<h4>&#8211; In Nord America: USA e Canada<br \/>&#8211; In America Latina: Argentina, Brasile, Cile, Messico, Paraguay, Per\u00f9, Uruguay, Venezuela e Cuba.<br \/>&#8211; In Australia<br \/>&#8211; In Sudafrica<br \/>&#8211; In India<br \/>&#8211; In Europa: Francia (quasi 5.000 studenti, 550 impiegati, in 7 centri: Choisy Le Roi, Lione, Marsiglia, Montreuil, Strasburgo, Tolosa e Villiers-le-Bel), Inghilterra, Belgio, Danimarca, Finlandia, Germania, Grecia, Italia, Spagna, Lussemburgo, Paesi Bassi, Norvegia, Svezia, Svizzera, Bulgaria, Repubblica Ceca, Ungheria, Russia, Ucraina, Moldova, Lituania e Lettonia, Bielorussia e Kirghizistan, e in Israele Tradotto con www.DeepL.com\/Translator (versione gratuita)<\/h4>\n<h3><strong><span style=\"color: #491571;\"><\/span><\/strong><\/h3>\n<h3><strong><span style=\"color: #491571;\"><\/span><\/strong><\/h3>\n<h3><strong><span style=\"color: #491571;\"><\/span><\/strong><\/h3>\n<h3><strong><span style=\"color: #491571;\">LA NOSTRA VISIONE:<\/span><\/strong><\/h3>\n<h4>La frase &#8220;Siamo orgogliosi del successo dei nostri studenti&#8221; significa che non ci impegniamo per il massimo rendimento. Per noi \u00e8 pi\u00f9 importante che uno studente ottenga il diploma per il quale concorre che il tempo necessario per ottenerlo. Qualunque sia la durata del corso, \u00e8 essenziale che lo studente ottenga la sua BAC professionale, la sua BAC generale e tecnologica, la sua BTS o che integri una Grande \u00e9cole d&#8217;engineering, anche se ci vuole tempo per raggiungere questo obiettivo.<\/h4>\n<h3><span style=\"color: #491571;\"><strong><\/strong><\/span><\/h3>\n<h3><span style=\"color: #491571;\"><strong>I NOSTRI VALORI:<\/strong><\/span><\/h3>\n<h4>Un&#8217;educazione per la vita \u00e8 il valore comune a tutte le scuole ORT del mondo. Ha un doppio significato: \u00e8 sia una solida educazione e formazione per integrare al meglio la vita professionale, ma \u00e8 anche un&#8217;educazione alla vita grazie alla trasmissione di valori universali: Tolleranza, Solidariet\u00e0, Fraternit\u00e0, Umanesimo&#8230;<\/h4>\n<h4><span style=\"color: #491571;\"><strong><\/strong><\/span><\/h4>\n<h4><span style=\"color: #491571;\"><strong>INNOVAZIONE :<\/strong><\/span><\/h4>\n<h4>L&#8217;ORT \u00e8 all&#8217;avanguardia nell&#8217;offrire corsi di formazione che fanno appello all&#8217;innovazione tecnica e tecnologica (Informatica, Protesi dentaria, Ottica&#8230;.) e nel mettere a disposizione degli studenti gli ultimi mezzi tecnologici per offrire un insegnamento di qualit\u00e0 (Computer, lavagne interattive&#8230;)<\/h4>\n<p>&nbsp;<\/p>\n<h3><span style=\"color: #491571;\"><strong>QUALIT\u00c0 PEDAGOGICHE :<\/strong><\/span><\/h3>\n<h4><span style=\"color: #491571;\"><strong><\/strong><\/span>L&#8217;ORT si impegna ad avere insegnanti di alta qualit\u00e0, in possesso di diplomi riconosciuti dallo Stato (Agr\u00e9gation, CAPES, ecc.). Inoltre, questi insegnanti seguono programmi di formazione per garantire che siano sempre al massimo livello di prestazioni. La maggior parte di loro sono cos\u00ec attaccati all&#8217;istituzione che non contano il loro tempo al di fuori dell&#8217;orario di lavoro.<\/h4>\n<p>&nbsp;<\/p>\n<p><span style=\"color: #491571;\"><strong><\/strong><\/span><\/p>\n<h3><span style=\"color: #491571;\"><strong>VIVERE INSIEME :<\/strong><\/span><\/h3>\n<h4>Affermando la sua identit\u00e0, l&#8217;ORT \u00e8 una scuola aperta a tutti, permettendo lo scambio di culture e storie secondo l&#8217;esperienza di ciascuno. Ci permette di stringere amicizie molto forti e di lottare contro i pregiudizi degli altri.<\/h4>\n<h4>L&#8217;investimento personale e la missione educativa di tutti i professionisti coinvolti \u00e8 ampiamente sostenuta dall&#8217;appoggio attivo dei poteri pubblici (Stato, Regioni, Dipartimenti), da una rete di associazioni (Comitati locali, Comitati di donne, Fondazioni) e dal sostegno costantemente rinnovato di migliaia di aziende che ogni anno versano la loro tassa di apprendistato all&#8217;ORT.<\/h4>\n<h3><span style=\"color: #491571;\"><\/span><\/h3>\n<h3><span style=\"color: #491571;\">ORT siede al Parlamento europeo come ONG.<\/span><\/h3>\n<h3><span style=\"color: #491571;\">ORT \u00e8 attivo in pi\u00f9 di 235 scuole e universit\u00e0, con pi\u00f9 di 300.000 studenti all&#8217;anno, pi\u00f9 di 9000 insegnanti e 138 anni di esperienza.<\/span><\/h3>\n<p>[\/et_pb_text][\/et_pb_column][\/et_pb_row][\/et_pb_section]<\/p>\n","protected":false},"excerpt":{"rendered":"<p>[et_pb_section fb_built=&#8221;1&#8243; fullwidth=&#8221;on&#8221; next_background_color=&#8221;#ffffff&#8221; disabled_on=&#8221;off|off|off&#8221; admin_label=&#8221;Hero&#8221; _builder_version=&#8221;4.9.4&#8243; background_color=&#8221;#1f1f1f&#8221; background_image=&#8221;https:\/\/ortsuisse.org\/site2\/wp-content\/uploads\/2021\/06\/image-old-scientist.jpg&#8221; parallax=&#8221;on&#8221; custom_padding=&#8221;|||&#8221; bottom_divider_style=&#8221;curve&#8221; transparent_background=&#8221;on&#8221;][et_pb_fullwidth_header title=&#8221;LA STORIA DEL MONDO ORT&#8221; text_orientation=&#8221;center&#8221; background_overlay_color=&#8221;rgba(31,31,31,0.85)&#8221; subhead_font_color=&#8221;#bebebe&#8221; _builder_version=&#8221;4.9.4&#8243; title_font=&#8221;Gilroy-Regular||||||||&#8221; title_text_color=&#8221;#ffffff&#8221; title_font_size=&#8221;72px&#8221; title_line_height=&#8221;1.3em&#8221; content_font=&#8221;Montserrat||||&#8221; content_text_color=&#8221;#bfbfbf&#8221; content_font_size=&#8221;19px&#8221; content_line_height=&#8221;1.8em&#8221; subhead_font=&#8221;Montserrat||||&#8221; subhead_text_color=&#8221;#bebebe&#8221; subhead_line_height=&#8221;1.8em&#8221; background_color=&#8221;rgba(255, 255, 255, 0)&#8221; background_enable_image=&#8221;off&#8221; background_size=&#8221;contain&#8221; background_repeat=&#8221;repeat&#8221; custom_padding=&#8221;5%||5%|&#8221; animation_style=&#8221;zoom&#8221; animation_duration=&#8221;1500ms&#8221; animation_intensity_zoom=&#8221;4%&#8221; title_line_height_last_edited=&#8221;off|desktop&#8221; button_one_text_size__hover_enabled=&#8221;off&#8221; button_two_text_size__hover_enabled=&#8221;off&#8221; button_one_text_color__hover_enabled=&#8221;off&#8221; button_two_text_color__hover_enabled=&#8221;off&#8221; button_one_border_width__hover_enabled=&#8221;off&#8221; button_two_border_width__hover_enabled=&#8221;off&#8221; button_one_border_color__hover_enabled=&#8221;off&#8221; button_two_border_color__hover_enabled=&#8221;off&#8221; button_one_border_radius__hover_enabled=&#8221;off&#8221; button_two_border_radius__hover_enabled=&#8221;off&#8221; [&hellip;]<\/p>\n","protected":false},"author":2,"featured_media":0,"parent":0,"menu_order":0,"comment_status":"closed","ping_status":"closed","template":"","meta":{"give_campaign_id":0,"_et_pb_use_builder":"on","_et_pb_old_content":"","_et_gb_content_width":"","footnotes":""},"class_list":["post-1643","page","type-page","status-publish","hentry"],"campaignId":"","_links":{"self":[{"href":"https:\/\/ortsuisse.org\/site\/it\/wp-json\/wp\/v2\/pages\/1643","targetHints":{"allow":["GET"]}}],"collection":[{"href":"https:\/\/ortsuisse.org\/site\/it\/wp-json\/wp\/v2\/pages"}],"about":[{"href":"https:\/\/ortsuisse.org\/site\/it\/wp-json\/wp\/v2\/types\/page"}],"author":[{"embeddable":true,"href":"https:\/\/ortsuisse.org\/site\/it\/wp-json\/wp\/v2\/users\/2"}],"replies":[{"embeddable":true,"href":"https:\/\/ortsuisse.org\/site\/it\/wp-json\/wp\/v2\/comments?post=1643"}],"version-history":[{"count":2,"href":"https:\/\/ortsuisse.org\/site\/it\/wp-json\/wp\/v2\/pages\/1643\/revisions"}],"predecessor-version":[{"id":1646,"href":"https:\/\/ortsuisse.org\/site\/it\/wp-json\/wp\/v2\/pages\/1643\/revisions\/1646"}],"wp:attachment":[{"href":"https:\/\/ortsuisse.org\/site\/it\/wp-json\/wp\/v2\/media?parent=1643"}],"curies":[{"name":"wp","href":"https:\/\/api.w.org\/{rel}","templated":true}]}}