{"id":1647,"date":"2021-06-09T07:50:37","date_gmt":"2021-06-09T07:50:37","guid":{"rendered":"https:\/\/ortsuisse.org\/site2\/la-storia-dellort-svizzero\/"},"modified":"2021-06-23T13:04:56","modified_gmt":"2021-06-23T13:04:56","slug":"la-storia-dellort-svizzero","status":"publish","type":"page","link":"https:\/\/ortsuisse.org\/site\/it\/la-storia-dellort-svizzero\/","title":{"rendered":"LA STORIA DELL&#8217;ORT SVIZZERO"},"content":{"rendered":"<p>[et_pb_section fb_built=&#8221;1&#8243; fullwidth=&#8221;on&#8221; next_background_color=&#8221;#ffffff&#8221; disabled_on=&#8221;off|off|off&#8221; admin_label=&#8221;Hero&#8221; _builder_version=&#8221;4.9.4&#8243; background_color=&#8221;#1f1f1f&#8221; background_image=&#8221;https:\/\/ortsuisse.org\/site2\/wp-content\/uploads\/2021\/06\/image-old-scientist.jpg&#8221; parallax=&#8221;on&#8221; custom_padding=&#8221;|||&#8221; bottom_divider_style=&#8221;curve&#8221; transparent_background=&#8221;on&#8221;][et_pb_fullwidth_header title=&#8221;L&#8217;ORT IN SVIZZERA&#8221; text_orientation=&#8221;center&#8221; background_overlay_color=&#8221;rgba(31,31,31,0.85)&#8221; subhead_font_color=&#8221;#bebebe&#8221; _builder_version=&#8221;4.9.4&#8243; title_font=&#8221;Gilroy-Regular||||||||&#8221; title_text_color=&#8221;#ffffff&#8221; title_font_size=&#8221;72px&#8221; title_line_height=&#8221;1.3em&#8221; content_font=&#8221;Montserrat||||&#8221; content_text_color=&#8221;#bfbfbf&#8221; content_font_size=&#8221;19px&#8221; content_line_height=&#8221;1.8em&#8221; subhead_font=&#8221;Montserrat||||&#8221; subhead_text_color=&#8221;#bebebe&#8221; subhead_line_height=&#8221;1.8em&#8221; background_color=&#8221;rgba(255, 255, 255, 0)&#8221; background_enable_image=&#8221;off&#8221; background_size=&#8221;contain&#8221; background_repeat=&#8221;repeat&#8221; custom_padding=&#8221;5%||5%|&#8221; animation_style=&#8221;zoom&#8221; animation_duration=&#8221;1500ms&#8221; animation_intensity_zoom=&#8221;4%&#8221; title_line_height_last_edited=&#8221;off|desktop&#8221; button_one_text_size__hover_enabled=&#8221;off&#8221; button_two_text_size__hover_enabled=&#8221;off&#8221; button_one_text_color__hover_enabled=&#8221;off&#8221; button_two_text_color__hover_enabled=&#8221;off&#8221; button_one_border_width__hover_enabled=&#8221;off&#8221; button_two_border_width__hover_enabled=&#8221;off&#8221; button_one_border_color__hover_enabled=&#8221;off&#8221; button_two_border_color__hover_enabled=&#8221;off&#8221; button_one_border_radius__hover_enabled=&#8221;off&#8221; button_two_border_radius__hover_enabled=&#8221;off&#8221; button_one_letter_spacing__hover_enabled=&#8221;off&#8221; button_two_letter_spacing__hover_enabled=&#8221;off&#8221; button_one_bg_color__hover_enabled=&#8221;off&#8221; button_two_bg_color__hover_enabled=&#8221;off&#8221;][\/et_pb_fullwidth_header][\/et_pb_section][et_pb_section fb_built=&#8221;1&#8243; _builder_version=&#8221;4.9.4&#8243; _module_preset=&#8221;default&#8221;][et_pb_row _builder_version=&#8221;4.9.4&#8243; _module_preset=&#8221;default&#8221;][et_pb_column type=&#8221;4_4&#8243; _builder_version=&#8221;4.9.4&#8243; _module_preset=&#8221;default&#8221;][et_pb_text _builder_version=&#8221;4.9.4&#8243; _module_preset=&#8221;default&#8221; header_font=&#8221;|600|||||||&#8221; header_text_align=&#8221;center&#8221; header_text_color=&#8221;#491571&#8243; hover_enabled=&#8221;0&#8243; header_font_size=&#8221;38px&#8221; sticky_enabled=&#8221;0&#8243;]<\/p>\n<h1>LA STORIA DELL&#8217;ORT SVIZZERO<\/h1>\n<h1><\/h1>\n<p>[\/et_pb_text][\/et_pb_column][\/et_pb_row][et_pb_row _builder_version=&#8221;4.9.4&#8243; _module_preset=&#8221;default&#8221;][et_pb_column type=&#8221;4_4&#8243; _builder_version=&#8221;4.9.4&#8243; _module_preset=&#8221;default&#8221;][et_pb_text _builder_version=&#8221;4.9.4&#8243; _module_preset=&#8221;default&#8221; header_2_text_color=&#8221;#491571&#8243; hover_enabled=&#8221;0&#8243; header_font_size=&#8221;42px&#8221; header_2_font_size=&#8221;30px&#8221; sticky_enabled=&#8221;0&#8243; text_font_size=&#8221;17px&#8221;]<\/p>\n<p>ORT Svizzera \u00e8 un membro indipendente di ORT Worldwide e sostiene le sue iniziative e progetti in tutti i paesi in cui ORT \u00e8 attiva.<\/p>\n<p>Ci sono quattro comitati locali in Svizzera, a Basilea, Berna, Ginevra e Zurigo.<\/p>\n<p>La loro funzione comune \u00e8 quella di far conoscere l&#8217;ORT e il suo lavoro e di raccogliere fondi per sostenere le sue azioni. Ogni comitato organizza le sue attivit\u00e0 tenendo conto delle sensibilit\u00e0 locali e sceglie i progetti che sostiene tra quelli proposti da ORT Mondiale.<\/p>\n<p>A tal fine, ogni comitato utilizza i mezzi di sua scelta, per esempio: organizzazione di cene spettacolo, concerti-brunch, tornei di bridge, eventi sportivi, ecc.<\/p>\n<p>ORT Svizzera vuole avere una relazione e un contatto reale tra i beneficiari dei progetti e coloro che li rendono possibili&#8230;<\/p>\n<p>ORT Svizzera \u00e8 orgogliosa del suo presidente, il sig. Marc de Gunzburg, dei suoi vice-presidenti, il sig. Leopold Metzger e Philippe Nordmann, che ha ricoperto la carica di presidente per sei anni molto impegnativi, ha lasciato il posto al sig. Robert Equey, che ha ricoperto questo ruolo con grande successo per 14 anni.<\/p>\n<h2><\/h2>\n<h2><\/h2>\n<h2><\/h2>\n<h2><\/h2>\n<h2><\/h2>\n<h2>Signora Jacqueline Maus<\/h2>\n<p>&nbsp;<\/p>\n<p>Jacqueline Maus (Egger) \u00e8 nata a Parigi il 7 marzo 1910.<\/p>\n<p>\u00c8 morta il 12 settembre 1995 nella sua casa di Cologny (Ginevra).<\/p>\n<p><a href=\"https:\/\/ortsuisse.org\/site2\/it\/ort-suisse-suzanne-maus\/\"><img loading=\"lazy\" decoding=\"async\" src=\"https:\/\/ortsuisse.org\/site2\/wp-content\/uploads\/2021\/06\/ORT-Suisse-Suzanne-Maus-150x150.jpg\" width=\"174\" height=\"174\" alt=\"\" class=\"wp-image-1208 alignleft size-thumbnail\"><\/a><\/p>\n<p>All&#8217;et\u00e0 di 18 anni, durante una vacanza in Svizzera, incontr\u00f2 Andr\u00e9 Maus che sarebbe diventato suo marito. Avevano tre figli, Jacques, Bertrand e Olivier. Fin dalla pi\u00f9 tenera et\u00e0, possiamo vedere che ha una personalit\u00e0 molto forte.<\/p>\n<p>La sua testardaggine diventer\u00e0 pi\u00f9 pronunciata col tempo e diventer\u00e0 famoso.<\/p>\n<p> Molto sportiva, era capitano della squadra femminile del Golf Club di Ginevra. Partecipa anche a numerose regate sul lago di Ginevra, al timone della sua barca a vela.<\/p>\n<p>Iniziata al bridge all&#8217;et\u00e0 di 16 anni, \u00e8 diventata una campionessa nel campo. Era membro della squadra nazionale di bridge quando, nel 1956, Madeleine Bigar, presidente dell&#8217;ORT F\u00e9minin, le chiese di organizzare il torneo annuale dell&#8217;ORT. Jacqueline Maus accetta e lo trasforma molto rapidamente in un torneo internazionale.<\/p>\n<p>Questa \u00e8 la sua prima volta all&#8217;ORT. Nel 1960, Max Braude, allora direttore generale dell&#8217;ORT Mondiale, le chiese di assumere la presidenza dell&#8217;ORT F\u00e9minin Suisse, proposta che accett\u00f2. Nel 1973, \u00e8 diventata presidente dell&#8217;ORT Svizzera. E quattro anni dopo, nel 1977, \u00e8 stata eletta vicepresidente dell&#8217;ORT Mondiale e membro del comitato amministrativo.<\/p>\n<p>Molto attaccata allo Stato d&#8217;Israele, \u00e8 attiva in diverse organizzazioni ebraiche, ma \u00e8 all&#8217;ORT che dedica la maggior parte del suo tempo, della sua energia, della sua creativit\u00e0 e della sua praticit\u00e0.<\/p>\n<p>Sta sviluppando ORT Svizzera in una delle organizzazioni ORT di maggior successo in termini di raccolta fondi. Dopo 39 anni di lavoro, lascia all&#8217;ORT un&#8217;impronta notevole e un ricordo carico di emozione e gratitudine.<\/p>\n<p>[\/et_pb_text][\/et_pb_column][\/et_pb_row][\/et_pb_section]<\/p>\n","protected":false},"excerpt":{"rendered":"<p>[et_pb_section fb_built=&#8221;1&#8243; fullwidth=&#8221;on&#8221; next_background_color=&#8221;#ffffff&#8221; disabled_on=&#8221;off|off|off&#8221; admin_label=&#8221;Hero&#8221; _builder_version=&#8221;4.9.4&#8243; background_color=&#8221;#1f1f1f&#8221; background_image=&#8221;https:\/\/ortsuisse.org\/site2\/wp-content\/uploads\/2021\/06\/image-old-scientist.jpg&#8221; parallax=&#8221;on&#8221; custom_padding=&#8221;|||&#8221; bottom_divider_style=&#8221;curve&#8221; transparent_background=&#8221;on&#8221;][et_pb_fullwidth_header title=&#8221;L&#8217;ORT IN SVIZZERA&#8221; text_orientation=&#8221;center&#8221; background_overlay_color=&#8221;rgba(31,31,31,0.85)&#8221; subhead_font_color=&#8221;#bebebe&#8221; _builder_version=&#8221;4.9.4&#8243; title_font=&#8221;Gilroy-Regular||||||||&#8221; title_text_color=&#8221;#ffffff&#8221; title_font_size=&#8221;72px&#8221; title_line_height=&#8221;1.3em&#8221; content_font=&#8221;Montserrat||||&#8221; content_text_color=&#8221;#bfbfbf&#8221; content_font_size=&#8221;19px&#8221; content_line_height=&#8221;1.8em&#8221; subhead_font=&#8221;Montserrat||||&#8221; subhead_text_color=&#8221;#bebebe&#8221; subhead_line_height=&#8221;1.8em&#8221; background_color=&#8221;rgba(255, 255, 255, 0)&#8221; background_enable_image=&#8221;off&#8221; background_size=&#8221;contain&#8221; background_repeat=&#8221;repeat&#8221; custom_padding=&#8221;5%||5%|&#8221; animation_style=&#8221;zoom&#8221; animation_duration=&#8221;1500ms&#8221; animation_intensity_zoom=&#8221;4%&#8221; title_line_height_last_edited=&#8221;off|desktop&#8221; button_one_text_size__hover_enabled=&#8221;off&#8221; button_two_text_size__hover_enabled=&#8221;off&#8221; button_one_text_color__hover_enabled=&#8221;off&#8221; button_two_text_color__hover_enabled=&#8221;off&#8221; button_one_border_width__hover_enabled=&#8221;off&#8221; button_two_border_width__hover_enabled=&#8221;off&#8221; button_one_border_color__hover_enabled=&#8221;off&#8221; button_two_border_color__hover_enabled=&#8221;off&#8221; button_one_border_radius__hover_enabled=&#8221;off&#8221; button_two_border_radius__hover_enabled=&#8221;off&#8221; button_one_letter_spacing__hover_enabled=&#8221;off&#8221; button_two_letter_spacing__hover_enabled=&#8221;off&#8221; [&hellip;]<\/p>\n","protected":false},"author":2,"featured_media":0,"parent":0,"menu_order":0,"comment_status":"closed","ping_status":"closed","template":"","meta":{"give_campaign_id":0,"_et_pb_use_builder":"on","_et_pb_old_content":"","_et_gb_content_width":"","footnotes":""},"class_list":["post-1647","page","type-page","status-publish","hentry"],"campaignId":"","_links":{"self":[{"href":"https:\/\/ortsuisse.org\/site\/it\/wp-json\/wp\/v2\/pages\/1647","targetHints":{"allow":["GET"]}}],"collection":[{"href":"https:\/\/ortsuisse.org\/site\/it\/wp-json\/wp\/v2\/pages"}],"about":[{"href":"https:\/\/ortsuisse.org\/site\/it\/wp-json\/wp\/v2\/types\/page"}],"author":[{"embeddable":true,"href":"https:\/\/ortsuisse.org\/site\/it\/wp-json\/wp\/v2\/users\/2"}],"replies":[{"embeddable":true,"href":"https:\/\/ortsuisse.org\/site\/it\/wp-json\/wp\/v2\/comments?post=1647"}],"version-history":[{"count":2,"href":"https:\/\/ortsuisse.org\/site\/it\/wp-json\/wp\/v2\/pages\/1647\/revisions"}],"predecessor-version":[{"id":1650,"href":"https:\/\/ortsuisse.org\/site\/it\/wp-json\/wp\/v2\/pages\/1647\/revisions\/1650"}],"wp:attachment":[{"href":"https:\/\/ortsuisse.org\/site\/it\/wp-json\/wp\/v2\/media?parent=1647"}],"curies":[{"name":"wp","href":"https:\/\/api.w.org\/{rel}","templated":true}]}}