{"id":915,"date":"2021-06-09T07:50:37","date_gmt":"2021-06-09T07:50:37","guid":{"rendered":"https:\/\/ortsuisse.org\/site2\/?page_id=915"},"modified":"2021-06-21T07:21:15","modified_gmt":"2021-06-21T07:21:15","slug":"lhistoire-de-lort-suisse","status":"publish","type":"page","link":"https:\/\/ortsuisse.org\/site\/lhistoire-de-lort-suisse\/","title":{"rendered":"L&rsquo;HISTOIRE DE L&rsquo;ORT SUISSE"},"content":{"rendered":"<p>[et_pb_section fb_built=\u00a0\u00bb1&Prime; fullwidth=\u00a0\u00bbon\u00a0\u00bb next_background_color=\u00a0\u00bb#ffffff\u00a0\u00bb disabled_on=\u00a0\u00bboff|off|off\u00a0\u00bb admin_label=\u00a0\u00bbHero\u00a0\u00bb _builder_version=\u00a0\u00bb4.9.4&Prime; background_color=\u00a0\u00bb#1f1f1f\u00a0\u00bb background_image=\u00a0\u00bbhttps:\/\/ortsuisse.org\/site2\/wp-content\/uploads\/2021\/06\/image-old-scientist.jpg\u00a0\u00bb parallax=\u00a0\u00bbon\u00a0\u00bb custom_padding=\u00a0\u00bb|||\u00a0\u00bb bottom_divider_style=\u00a0\u00bbcurve\u00a0\u00bb transparent_background=\u00a0\u00bbon\u00a0\u00bb][et_pb_fullwidth_header title=\u00a0\u00bbL&rsquo;ORT EN SUISSE\u00a0\u00bb text_orientation=\u00a0\u00bbcenter\u00a0\u00bb background_overlay_color=\u00a0\u00bbrgba(31,31,31,0.85)\u00a0\u00bb subhead_font_color=\u00a0\u00bb#bebebe\u00a0\u00bb _builder_version=\u00a0\u00bb4.9.4&Prime; title_font=\u00a0\u00bbGilroy-Regular||||||||\u00a0\u00bb title_text_color=\u00a0\u00bb#ffffff\u00a0\u00bb title_font_size=\u00a0\u00bb72px\u00a0\u00bb title_line_height=\u00a0\u00bb1.3em\u00a0\u00bb content_font=\u00a0\u00bbMontserrat||||\u00a0\u00bb content_text_color=\u00a0\u00bb#bfbfbf\u00a0\u00bb content_font_size=\u00a0\u00bb19px\u00a0\u00bb content_line_height=\u00a0\u00bb1.8em\u00a0\u00bb subhead_font=\u00a0\u00bbMontserrat||||\u00a0\u00bb subhead_text_color=\u00a0\u00bb#bebebe\u00a0\u00bb subhead_line_height=\u00a0\u00bb1.8em\u00a0\u00bb background_color=\u00a0\u00bbrgba(255, 255, 255, 0)\u00a0\u00bb background_enable_image=\u00a0\u00bboff\u00a0\u00bb background_size=\u00a0\u00bbcontain\u00a0\u00bb background_repeat=\u00a0\u00bbrepeat\u00a0\u00bb custom_padding=\u00a0\u00bb5%||5%|\u00a0\u00bb animation_style=\u00a0\u00bbzoom\u00a0\u00bb animation_duration=\u00a0\u00bb1500ms\u00a0\u00bb animation_intensity_zoom=\u00a0\u00bb4%\u00a0\u00bb title_line_height_last_edited=\u00a0\u00bboff|desktop\u00a0\u00bb button_one_text_size__hover_enabled=\u00a0\u00bboff\u00a0\u00bb button_two_text_size__hover_enabled=\u00a0\u00bboff\u00a0\u00bb button_one_text_color__hover_enabled=\u00a0\u00bboff\u00a0\u00bb button_two_text_color__hover_enabled=\u00a0\u00bboff\u00a0\u00bb button_one_border_width__hover_enabled=\u00a0\u00bboff\u00a0\u00bb button_two_border_width__hover_enabled=\u00a0\u00bboff\u00a0\u00bb button_one_border_color__hover_enabled=\u00a0\u00bboff\u00a0\u00bb button_two_border_color__hover_enabled=\u00a0\u00bboff\u00a0\u00bb button_one_border_radius__hover_enabled=\u00a0\u00bboff\u00a0\u00bb button_two_border_radius__hover_enabled=\u00a0\u00bboff\u00a0\u00bb button_one_letter_spacing__hover_enabled=\u00a0\u00bboff\u00a0\u00bb button_two_letter_spacing__hover_enabled=\u00a0\u00bboff\u00a0\u00bb button_one_bg_color__hover_enabled=\u00a0\u00bboff\u00a0\u00bb button_two_bg_color__hover_enabled=\u00a0\u00bboff\u00a0\u00bb][\/et_pb_fullwidth_header][\/et_pb_section][et_pb_section fb_built=\u00a0\u00bb1&Prime; _builder_version=\u00a0\u00bb4.9.4&Prime; _module_preset=\u00a0\u00bbdefault\u00a0\u00bb][et_pb_row _builder_version=\u00a0\u00bb4.9.4&Prime; _module_preset=\u00a0\u00bbdefault\u00a0\u00bb][et_pb_column type=\u00a0\u00bb4_4&Prime; _builder_version=\u00a0\u00bb4.9.4&Prime; _module_preset=\u00a0\u00bbdefault\u00a0\u00bb][et_pb_text _builder_version=\u00a0\u00bb4.9.4&Prime; _module_preset=\u00a0\u00bbdefault\u00a0\u00bb header_font=\u00a0\u00bb|600|||||||\u00a0\u00bb header_text_align=\u00a0\u00bbcenter\u00a0\u00bb header_text_color=\u00a0\u00bb#491571&Prime; hover_enabled=\u00a0\u00bb0&Prime; header_font_size=\u00a0\u00bb38px\u00a0\u00bb sticky_enabled=\u00a0\u00bb0&Prime;]<\/p>\n<h1>L&rsquo;HISTOIRE DE L&rsquo;ORT SUISSE<\/h1>\n<h1><\/h1>\n<p>[\/et_pb_text][\/et_pb_column][\/et_pb_row][et_pb_row _builder_version=\u00a0\u00bb4.9.4&Prime; _module_preset=\u00a0\u00bbdefault\u00a0\u00bb][et_pb_column type=\u00a0\u00bb4_4&Prime; _builder_version=\u00a0\u00bb4.9.4&Prime; _module_preset=\u00a0\u00bbdefault\u00a0\u00bb][et_pb_text _builder_version=\u00a0\u00bb4.9.4&Prime; _module_preset=\u00a0\u00bbdefault\u00a0\u00bb header_2_text_color=\u00a0\u00bb#491571&Prime; hover_enabled=\u00a0\u00bb0&Prime; header_font_size=\u00a0\u00bb42px\u00a0\u00bb header_2_font_size=\u00a0\u00bb30px\u00a0\u00bb sticky_enabled=\u00a0\u00bb0&Prime; text_font_size=\u00a0\u00bb17px\u00a0\u00bb]<\/p>\n<p>L\u2019ORT Suisse est un membre ind\u00e9pendant de l\u2019ORT Mondiale dont elle soutient les initiatives et les projets, dans tous les pays du monde o\u00f9 l\u2019ORT est active.<\/p>\n<p>Quatre comit\u00e9s locaux fonctionnent en Suisse, \u00e0 B\u00e2le, Berne, Gen\u00e8ve et Zurich.<\/p>\n<p>Leur fonction commune est de faire conna\u00eetre l\u2019ORT et son travail et de collecter des fonds pour soutenir ses actions. Chaque comit\u00e9 organise ses activit\u00e9s en tenant compte des sensibilit\u00e9s locales et choisit les projets qu\u2019il soutient parmi ceux qui lui sont propos\u00e9s par l\u2019ORT Mondiale.<\/p>\n<p>Dans ce but chaque comit\u00e9 utilise les moyens de son choix, par exemple : organisation de d\u00eener-spectacle, concert-brunch, tournoi de bridge, manifestation sportive, etc.<\/p>\n<p>L\u2019ORT Suisse tient \u00e0 avoir une vraie relation et contact entre les b\u00e9n\u00e9ficiaire des projets et ceux qui les rendent possible \u2026<\/p>\n<p>L\u2019ORT Suisse est fi\u00e8re de son Pr\u00e9sident, Monsieur Marc de Gunzburg, ses vices pr\u00e9sident Monsieur Leopold Metzger et Philippe Nordmann qui avait occup\u00e9 la fonction du pr\u00e9sident fonction durant six ann\u00e9es bien remplies, il a laiss\u00e9 la place \u00e0 Ma\u00eetre Robert Equey, qui a occup\u00e9 ce r\u00f4le avec grand succ\u00e8s pendant 14 ans.<\/p>\n<h2><\/h2>\n<h2><\/h2>\n<h2><\/h2>\n<h2><\/h2>\n<h2><\/h2>\n<h2>Madame Jacqueline Maus<\/h2>\n<p>&nbsp;<\/p>\n<p>Jacqueline Maus (Egger) est n\u00e9e \u00e0 Paris, le 7 mars 1910.<\/p>\n<p>Elle est d\u00e9c\u00e9d\u00e9e le 12 septembre 1995, chez elle, \u00e0 Cologny ( Gen\u00e8ve).<\/p>\n<p><a href=\"https:\/\/ortsuisse.org\/site2\/ort-suisse-suzanne-maus\/\"><img loading=\"lazy\" decoding=\"async\" src=\"https:\/\/ortsuisse.org\/site2\/wp-content\/uploads\/2021\/06\/ORT-Suisse-Suzanne-Maus-150x150.jpg\" width=\"174\" height=\"174\" alt=\"\" class=\"wp-image-1208 alignleft size-thumbnail\" \/><\/a><\/p>\n<p>\u00c2g\u00e9e de 18 ans, lors de vacances en Suisse, elle rencontre Andr\u00e9 Maus qui va devenir son mari. Ils auront trois fils, Jacques, Bertrand et Olivier. D\u00e8s son jeune \u00e2ge on d\u00e9c\u00e8le chez elle une tr\u00e8s forte personnalit\u00e9.<\/p>\n<p>Son caract\u00e8re volontaire s\u2019accentuera avec le temps et deviendra c\u00e9l\u00e8bre.<\/p>\n<p>\u00a0Tr\u00e8s sportive, elle sera capitaine de l\u2019\u00e9quipe f\u00e9minine du Golf Club de Gen\u00e8ve. Elle participe aussi \u00e0 de nombreuses r\u00e9gates sur le Lac L\u00e9man, \u00e0 la barre de son voilier.<\/p>\n<p>Initi\u00e9e au bridge d\u00e8s l\u2019\u00e2ge de 16 ans, elle deviendra championne en la mati\u00e8re. Elle est membre de l\u2019Equipe nationale de bridge lorsqu\u2019en 1956 Madeleine Bigar, pr\u00e9sidente de l\u2019ORT F\u00e9minin, lui demande d\u2019organiser le tournoi annuel de l\u2019ORT. Jacqueline Maus accepte et en fera tr\u00e8s vite un tournoi international.<\/p>\n<p>Elle fait ainsi ses premiers pas \u00e0 l\u2019ORT. En 1960, Max Braude, alors Directeur G\u00e9n\u00e9ral de l\u2019ORT Mondiale, lui demande de prendre la pr\u00e9sidence de l\u2019ORT F\u00e9minin Suisse, proposition qu\u2019elle accepte. C\u2019est en 1973 qu\u2019elle devient Pr\u00e9sidente de l\u2019ORT Suisse. Et quatre ans apr\u00e8s, en 1977, elle est \u00e9lue Vice-Pr\u00e9sidente de l\u2019ORT Mondiale et membre du Comit\u00e9 Administratif.<\/p>\n<p>Tr\u00e8s attach\u00e9e \u00e0 l\u2019Etat d\u2019Isra\u00ebl, elle est active dans plusieurs organisations juives mais c\u2019est \u00e0 l\u2019ORT qu\u2019elle consacre l\u2019essentiel de son temps, son \u00e9nergie, sa cr\u00e9ativit\u00e9 et son sens pratique.<\/p>\n<p>Elle d\u00e9veloppe l\u2019ORT Suisse et en fait l\u2019une des organisations ORT les plus performantes au niveau de la collecte de fonds. Apr\u00e8s 39 ann\u00e9es de travail, elle laisse \u00e0 l\u2019ORT une empreinte consid\u00e9rable et un souvenir teint\u00e9 d\u2019\u00e9motion et gratitude.<\/p>\n<p>[\/et_pb_text][\/et_pb_column][\/et_pb_row][\/et_pb_section]<\/p>\n","protected":false},"excerpt":{"rendered":"<p>[et_pb_section fb_built=\u00a0\u00bb1&Prime; fullwidth=\u00a0\u00bbon\u00a0\u00bb next_background_color=\u00a0\u00bb#ffffff\u00a0\u00bb disabled_on=\u00a0\u00bboff|off|off\u00a0\u00bb admin_label=\u00a0\u00bbHero\u00a0\u00bb _builder_version=\u00a0\u00bb4.9.4&Prime; background_color=\u00a0\u00bb#1f1f1f\u00a0\u00bb background_image=\u00a0\u00bbhttps:\/\/ortsuisse.org\/site2\/wp-content\/uploads\/2021\/06\/image-old-scientist.jpg\u00a0\u00bb parallax=\u00a0\u00bbon\u00a0\u00bb custom_padding=\u00a0\u00bb|||\u00a0\u00bb bottom_divider_style=\u00a0\u00bbcurve\u00a0\u00bb transparent_background=\u00a0\u00bbon\u00a0\u00bb][et_pb_fullwidth_header title=\u00a0\u00bbL&rsquo;ORT EN SUISSE\u00a0\u00bb text_orientation=\u00a0\u00bbcenter\u00a0\u00bb background_overlay_color=\u00a0\u00bbrgba(31,31,31,0.85)\u00a0\u00bb subhead_font_color=\u00a0\u00bb#bebebe\u00a0\u00bb _builder_version=\u00a0\u00bb4.9.4&Prime; title_font=\u00a0\u00bbGilroy-Regular||||||||\u00a0\u00bb title_text_color=\u00a0\u00bb#ffffff\u00a0\u00bb title_font_size=\u00a0\u00bb72px\u00a0\u00bb title_line_height=\u00a0\u00bb1.3em\u00a0\u00bb content_font=\u00a0\u00bbMontserrat||||\u00a0\u00bb content_text_color=\u00a0\u00bb#bfbfbf\u00a0\u00bb content_font_size=\u00a0\u00bb19px\u00a0\u00bb content_line_height=\u00a0\u00bb1.8em\u00a0\u00bb subhead_font=\u00a0\u00bbMontserrat||||\u00a0\u00bb subhead_text_color=\u00a0\u00bb#bebebe\u00a0\u00bb subhead_line_height=\u00a0\u00bb1.8em\u00a0\u00bb background_color=\u00a0\u00bbrgba(255, 255, 255, 0)\u00a0\u00bb background_enable_image=\u00a0\u00bboff\u00a0\u00bb background_size=\u00a0\u00bbcontain\u00a0\u00bb background_repeat=\u00a0\u00bbrepeat\u00a0\u00bb custom_padding=\u00a0\u00bb5%||5%|\u00a0\u00bb animation_style=\u00a0\u00bbzoom\u00a0\u00bb animation_duration=\u00a0\u00bb1500ms\u00a0\u00bb animation_intensity_zoom=\u00a0\u00bb4%\u00a0\u00bb title_line_height_last_edited=\u00a0\u00bboff|desktop\u00a0\u00bb button_one_text_size__hover_enabled=\u00a0\u00bboff\u00a0\u00bb button_two_text_size__hover_enabled=\u00a0\u00bboff\u00a0\u00bb button_one_text_color__hover_enabled=\u00a0\u00bboff\u00a0\u00bb button_two_text_color__hover_enabled=\u00a0\u00bboff\u00a0\u00bb button_one_border_width__hover_enabled=\u00a0\u00bboff\u00a0\u00bb button_two_border_width__hover_enabled=\u00a0\u00bboff\u00a0\u00bb button_one_border_color__hover_enabled=\u00a0\u00bboff\u00a0\u00bb button_two_border_color__hover_enabled=\u00a0\u00bboff\u00a0\u00bb button_one_border_radius__hover_enabled=\u00a0\u00bboff\u00a0\u00bb button_two_border_radius__hover_enabled=\u00a0\u00bboff\u00a0\u00bb button_one_letter_spacing__hover_enabled=\u00a0\u00bboff\u00a0\u00bb button_two_letter_spacing__hover_enabled=\u00a0\u00bboff\u00a0\u00bb [&hellip;]<\/p>\n","protected":false},"author":2,"featured_media":0,"parent":0,"menu_order":0,"comment_status":"closed","ping_status":"closed","template":"","meta":{"give_campaign_id":0,"_et_pb_use_builder":"on","_et_pb_old_content":"","_et_gb_content_width":"","footnotes":""},"class_list":["post-915","page","type-page","status-publish","hentry"],"campaignId":"","_links":{"self":[{"href":"https:\/\/ortsuisse.org\/site\/wp-json\/wp\/v2\/pages\/915","targetHints":{"allow":["GET"]}}],"collection":[{"href":"https:\/\/ortsuisse.org\/site\/wp-json\/wp\/v2\/pages"}],"about":[{"href":"https:\/\/ortsuisse.org\/site\/wp-json\/wp\/v2\/types\/page"}],"author":[{"embeddable":true,"href":"https:\/\/ortsuisse.org\/site\/wp-json\/wp\/v2\/users\/2"}],"replies":[{"embeddable":true,"href":"https:\/\/ortsuisse.org\/site\/wp-json\/wp\/v2\/comments?post=915"}],"version-history":[{"count":3,"href":"https:\/\/ortsuisse.org\/site\/wp-json\/wp\/v2\/pages\/915\/revisions"}],"predecessor-version":[{"id":1296,"href":"https:\/\/ortsuisse.org\/site\/wp-json\/wp\/v2\/pages\/915\/revisions\/1296"}],"wp:attachment":[{"href":"https:\/\/ortsuisse.org\/site\/wp-json\/wp\/v2\/media?parent=915"}],"curies":[{"name":"wp","href":"https:\/\/api.w.org\/{rel}","templated":true}]}}